{"id":46289,"date":"2023-10-30T23:52:23","date_gmt":"2023-10-30T15:52:23","guid":{"rendered":"https:\/\/gretasexylingerie.com\/?post_type=product&#038;p=46289"},"modified":"2023-10-30T23:57:13","modified_gmt":"2023-10-30T15:57:13","slug":"engros-gennemsigtig-mesh-seler-bodystocking-med-hofte-daekkende-nederdel","status":"publish","type":"product","link":"https:\/\/gretasexylingerie.com\/da\/products\/wholesale-sheer-mesh-suspender-bodystocking-with-hip-covering-skirt\/","title":{"rendered":"Engros Sheer Mesh Suspender Bodystocking med hofted\u00e6kkende nederdel"},"content":{"rendered":"<ol class=\"wp-block-list\">\n<li><strong>Ren og sk\u00e6r mesh-design<\/strong>: Det gennemsigtige mesh giver et fristende glimt, mens det bevarer en luft af elegance og tiltr\u00e6kning.<\/li>\n\n\n\n<li><strong>Hul brystfunktion<\/strong>: Tilf\u00f8jer et strejf af forf\u00f8relse, hvilket g\u00f8r den perfekt til de specielle intime \u00f8jeblikke.<\/li>\n\n\n\n<li><strong>Hofted\u00e6kkende kort nederdel<\/strong>: Giver et legende og flirtende touch, der forst\u00e6rker bodystockingens overordnede appel.<\/li>\n\n\n\n<li><strong>Helkrops fiskenet<\/strong>: Et klassisk design, der aldrig g\u00e5r af mode, hvilket sikrer, at dette stykke forbliver tidl\u00f8st.<\/li>\n\n\n\n<li><strong>Alsidig sort fiskenet-minikjolelook<\/strong>: Kan b\u00e6res alene eller sammen med andre stykker, hvilket g\u00f8r den velegnet til forskellige lejligheder.<\/li>\n<\/ol>\n\n\n\n<p>For\u00f8g dine engrostilbud med vores gennemsigtige mesh seler bodystocking. Den er udformet med sans for detaljer og lover b\u00e5de stil og komfort. G\u00e5 ikke glip af dette uds\u00f8gte stykke, der problemfrit blander sensualitet med sofistikering. Bestil nu og gl\u00e6d dine kunder med uovertruffen kvalitet og design.<\/p>","protected":false},"excerpt":{"rendered":"<p>Oplev vores engros <strong>gennemsigtig mesh seler bodystocking<\/strong>, elegant designet med et hult bryst og en hofted\u00e6kkende kort nederdel. En blanding af sensualitet og sofistikering, dette stykke er et must-have til enhver samling.<\/p>","protected":false},"featured_media":46297,"template":"","meta":[],"product_brand":[],"product_cat":[405,404,410],"product_tag":[],"class_list":{"0":"post-46289","1":"product","2":"type-product","3":"status-publish","4":"has-post-thumbnail","6":"product_cat-wholesale-bodystocking","7":"product_cat-sexy-stocking","8":"product_cat-wholesale-suspender-bodystocking","9":"pa_color-black","10":"pa_size-free","12":"first","13":"instock","14":"taxable","15":"shipping-taxable","16":"purchasable","17":"product-type-variable"},"tiered_pricing_type":"fixed","tiered_pricing_fixed_rules":[],"tiered_pricing_product_settings":{"layout":"default","base_unit_name":{"singular":null,"plural":null},"default_variation":{}},"tiered_pricing_minimum_quantity":null,"tiered_pricing_roles_data":[],"tiered_pricing_percentage_rules":[],"tiered_pricing_maximum_quantity":null,"tiered_pricing_quantity_step":null,"_links":{"self":[{"href":"https:\/\/gretasexylingerie.com\/da\/wp-json\/wp\/v2\/product\/46289","targetHints":{"allow":["GET"]}}],"collection":[{"href":"https:\/\/gretasexylingerie.com\/da\/wp-json\/wp\/v2\/product"}],"about":[{"href":"https:\/\/gretasexylingerie.com\/da\/wp-json\/wp\/v2\/types\/product"}],"wp:featuredmedia":[{"embeddable":true,"href":"https:\/\/gretasexylingerie.com\/da\/wp-json\/wp\/v2\/media\/46297"}],"wp:attachment":[{"href":"https:\/\/gretasexylingerie.com\/da\/wp-json\/wp\/v2\/media?parent=46289"}],"wp:term":[{"taxonomy":"product_brand","embeddable":true,"href":"https:\/\/gretasexylingerie.com\/da\/wp-json\/wp\/v2\/product_brand?post=46289"},{"taxonomy":"product_cat","embeddable":true,"href":"https:\/\/gretasexylingerie.com\/da\/wp-json\/wp\/v2\/product_cat?post=46289"},{"taxonomy":"product_tag","embeddable":true,"href":"https:\/\/gretasexylingerie.com\/da\/wp-json\/wp\/v2\/product_tag?post=46289"}],"curies":[{"name":"wp","href":"https:\/\/api.w.org\/{rel}","templated":true}]}}