{"id":46279,"date":"2023-10-30T23:32:47","date_gmt":"2023-10-30T15:32:47","guid":{"rendered":"https:\/\/gretasexylingerie.com\/?post_type=product&#038;p=46279"},"modified":"2023-10-30T23:34:05","modified_gmt":"2023-10-30T15:34:05","slug":"engros-grime-bh-bodystocking-saet-med-hult-design","status":"publish","type":"product","link":"https:\/\/gretasexylingerie.com\/da\/products\/wholesale-halter-bra-bodystocking-set-with-hollow-design\/","title":{"rendered":"Engros Halter BH Bodystocking S\u00e6t med hult design"},"content":{"rendered":"<ol class=\"wp-block-list\">\n<li><strong>Hul honeycomb design<\/strong>: Det indviklede honeycomb-m\u00f8nster er ikke kun visuelt tiltalende, men tilf\u00f8jer ogs\u00e5 et strejf af mystik og tiltr\u00e6kning til ensemblet.<\/li>\n\n\n\n<li><strong>Halter BH stil<\/strong>: Grimedesignet giver st\u00f8tte, samtidig med at dekolletage fremvises p\u00e5 den mest flatterende m\u00e5de.<\/li>\n\n\n\n<li><strong>Nylonmateriale af h\u00f8j kvalitet<\/strong>: Sikrer holdbarhed, komfort og en glat pasform, hvilket g\u00f8r den til et yndet valg for mange.<\/li>\n\n\n\n<li><strong>Alsidig fiskenettop<\/strong>: Kan kombineres med forskellige outfits, hvilket g\u00f8r den velegnet til forskellige lejligheder, fra intime aftener til temafester.<\/li>\n\n\n\n<li><strong>Korset-inspireret look<\/strong>: Designet henter inspiration fra klassiske korsetter, der tilf\u00f8jer et vintage touch til et moderne stykke.<\/li>\n<\/ol>\n\n\n\n<p>For\u00f8g din engroskollektion med vores grime-bh-bodystocking-s\u00e6t. Med sit unikke design og up\u00e5klagelige h\u00e5ndv\u00e6rk er det et stykke, der lover uovertruffen stil og komfort. Lager op nu og byd dine kunder en uds\u00f8gt blanding af vintage charme og moderne stil.<\/p>","protected":false},"excerpt":{"rendered":"<p>Vi introducerer vores engros <strong>grime bh bodystocking s\u00e6t<\/strong> med et unikt hult honeycomb-design. En perfekt blanding af stil og sensualitet, dette s\u00e6t lover at blive en showstopper. L\u00f8ft din samling med dette must-have stykke.<\/p>","protected":false},"featured_media":46288,"template":"","meta":[],"product_brand":[],"product_cat":[405,924,404],"product_tag":[],"class_list":{"0":"post-46279","1":"product","2":"type-product","3":"status-publish","4":"has-post-thumbnail","6":"product_cat-wholesale-bodystocking","7":"product_cat-wholesale-bodystocking-sets","8":"product_cat-sexy-stocking","9":"pa_color-black","10":"pa_size-free","12":"first","13":"instock","14":"taxable","15":"shipping-taxable","16":"purchasable","17":"product-type-variable"},"tiered_pricing_type":"fixed","tiered_pricing_fixed_rules":[],"tiered_pricing_product_settings":{"layout":"default","base_unit_name":{"singular":null,"plural":null},"default_variation":{}},"tiered_pricing_minimum_quantity":null,"tiered_pricing_roles_data":[],"tiered_pricing_percentage_rules":[],"tiered_pricing_maximum_quantity":null,"tiered_pricing_quantity_step":null,"_links":{"self":[{"href":"https:\/\/gretasexylingerie.com\/da\/wp-json\/wp\/v2\/product\/46279","targetHints":{"allow":["GET"]}}],"collection":[{"href":"https:\/\/gretasexylingerie.com\/da\/wp-json\/wp\/v2\/product"}],"about":[{"href":"https:\/\/gretasexylingerie.com\/da\/wp-json\/wp\/v2\/types\/product"}],"wp:featuredmedia":[{"embeddable":true,"href":"https:\/\/gretasexylingerie.com\/da\/wp-json\/wp\/v2\/media\/46288"}],"wp:attachment":[{"href":"https:\/\/gretasexylingerie.com\/da\/wp-json\/wp\/v2\/media?parent=46279"}],"wp:term":[{"taxonomy":"product_brand","embeddable":true,"href":"https:\/\/gretasexylingerie.com\/da\/wp-json\/wp\/v2\/product_brand?post=46279"},{"taxonomy":"product_cat","embeddable":true,"href":"https:\/\/gretasexylingerie.com\/da\/wp-json\/wp\/v2\/product_cat?post=46279"},{"taxonomy":"product_tag","embeddable":true,"href":"https:\/\/gretasexylingerie.com\/da\/wp-json\/wp\/v2\/product_tag?post=46279"}],"curies":[{"name":"wp","href":"https:\/\/api.w.org\/{rel}","templated":true}]}}