{"id":46259,"date":"2023-10-30T22:40:39","date_gmt":"2023-10-30T14:40:39","guid":{"rendered":"https:\/\/gretasexylingerie.com\/?post_type=product&#038;p=46259"},"modified":"2023-10-30T22:48:44","modified_gmt":"2023-10-30T14:48:44","slug":"engros-rod-seler-bodystocking-med-cross-halterneck","status":"publish","type":"product","link":"https:\/\/gretasexylingerie.com\/da\/products\/wholesale-red-suspender-bodystocking-with-cross-halterneck\/","title":{"rendered":"Engros R\u00f8d Suspender Bodystocking med Cross Halterneck"},"content":{"rendered":"<ol class=\"wp-block-list\">\n<li><strong>Gennemsigtigt design<\/strong>: Det rene materiale giver et fristende glimt af, hvad der er under, og sikrer, at du er i centrum for opm\u00e6rksomheden.<\/li>\n\n\n\n<li><strong>Udsk\u00e6ringsdetaljer<\/strong>: Strategisk placerede udsk\u00e6ringer forbedrer dine kurver og tilf\u00f8jer et strejf af mystik til det overordnede design.<\/li>\n\n\n\n<li><strong>Cross Halterneck<\/strong>: Denne unikke halsudsk\u00e6ring giver ikke kun st\u00f8tte, men l\u00f8fter ogs\u00e5 den overordnede \u00e6stetik af bodystockingen.<\/li>\n\n\n\n<li><strong>Udsat Ryg<\/strong>: Det \u00e5bne rygdesign er b\u00e5de vovet og forf\u00f8rende, perfekt til de s\u00e6rlige lejligheder.<\/li>\n\n\n\n<li><strong>Levende r\u00f8d farve<\/strong>: Den dristige r\u00f8de nuance er ikke kun i\u00f8jnefaldende, men symboliserer ogs\u00e5 lidenskab og lyst.<\/li>\n<\/ol>\n\n\n\n<p>Tr\u00e6d ind i et rige af elegance og sensualitet med vores r\u00f8de hofteholder-bodystocking. Perfekt til dem, der \u00f8nsker at tilf\u00f8je et strejf af passion til deres lingerikollektion. Grossister, gribe denne mulighed for at tilbyde dine kunder en blanding af stil og forf\u00f8relse. Sp\u00f8rg nu for eksklusive bulk-tilbud.<\/p>","protected":false},"excerpt":{"rendered":"<p>Afsl\u00f8r en verden af forf\u00f8relse med vores engros <strong>r\u00f8d seler bodystocking<\/strong>. Designet med en gennemsigtig tekstur, udsk\u00e5rne detaljer og en cross halterneck, lover dette stykke at f\u00e6ngsle og lokke. Den blottede ryg tilf\u00f8jer et ekstra strejf af charme, hvilket g\u00f8r den til et must-have til enhver lingerikollektion.<\/p>","protected":false},"featured_media":46268,"template":"","meta":[],"product_brand":[],"product_cat":[405,407,404],"product_tag":[984],"class_list":{"0":"post-46259","1":"product","2":"type-product","3":"status-publish","4":"has-post-thumbnail","6":"product_cat-wholesale-bodystocking","7":"product_cat-wholesale-full-body-stocking","8":"product_cat-sexy-stocking","9":"product_tag-halloween-costumes","10":"pa_color-red-women-sexy-lingerie","11":"pa_size-free","13":"first","14":"instock","15":"taxable","16":"shipping-taxable","17":"purchasable","18":"product-type-variable"},"tiered_pricing_type":"fixed","tiered_pricing_fixed_rules":[],"tiered_pricing_product_settings":{"layout":"default","base_unit_name":{"singular":null,"plural":null},"default_variation":{}},"tiered_pricing_minimum_quantity":null,"tiered_pricing_roles_data":[],"tiered_pricing_percentage_rules":[],"tiered_pricing_maximum_quantity":null,"tiered_pricing_quantity_step":null,"_links":{"self":[{"href":"https:\/\/gretasexylingerie.com\/da\/wp-json\/wp\/v2\/product\/46259","targetHints":{"allow":["GET"]}}],"collection":[{"href":"https:\/\/gretasexylingerie.com\/da\/wp-json\/wp\/v2\/product"}],"about":[{"href":"https:\/\/gretasexylingerie.com\/da\/wp-json\/wp\/v2\/types\/product"}],"wp:featuredmedia":[{"embeddable":true,"href":"https:\/\/gretasexylingerie.com\/da\/wp-json\/wp\/v2\/media\/46268"}],"wp:attachment":[{"href":"https:\/\/gretasexylingerie.com\/da\/wp-json\/wp\/v2\/media?parent=46259"}],"wp:term":[{"taxonomy":"product_brand","embeddable":true,"href":"https:\/\/gretasexylingerie.com\/da\/wp-json\/wp\/v2\/product_brand?post=46259"},{"taxonomy":"product_cat","embeddable":true,"href":"https:\/\/gretasexylingerie.com\/da\/wp-json\/wp\/v2\/product_cat?post=46259"},{"taxonomy":"product_tag","embeddable":true,"href":"https:\/\/gretasexylingerie.com\/da\/wp-json\/wp\/v2\/product_tag?post=46259"}],"curies":[{"name":"wp","href":"https:\/\/api.w.org\/{rel}","templated":true}]}}