{"id":46240,"date":"2023-10-27T00:12:33","date_gmt":"2023-10-26T16:12:33","guid":{"rendered":"https:\/\/gretasexylingerie.com\/?post_type=product&#038;p=46240"},"modified":"2023-10-27T00:13:40","modified_gmt":"2023-10-26T16:13:40","slug":"engros-rose-rod-sort-blomstret-seler-bodystocking-saet","status":"publish","type":"product","link":"https:\/\/gretasexylingerie.com\/da\/products\/wholesale-rose-red-black-floral-suspender-bodystocking-set\/","title":{"rendered":"Engros Rose Red &amp; Black Floral Suspender Bodystocking S\u00e6t"},"content":{"rendered":"<ol class=\"wp-block-list\">\n<li><strong>Sl\u00e5ende farvekontrast<\/strong>: Den rosenr\u00f8de og sorte kombination skiller sig ikke kun ud, men fremh\u00e6ver ogs\u00e5 kroppens kurver, hvilket sikrer et f\u00e6ngslende look.<\/li>\n\n\n\n<li><strong>Delikat blomsterdesign<\/strong>: Indviklet designet med et blomsterm\u00f8nster, denne bodystocking udstr\u00e5ler femininitet og charme.<\/li>\n\n\n\n<li><strong>Halter Neck Elegance<\/strong>: Topdesignet med halterneck tilf\u00f8jer et strejf af sofistikering, hvilket g\u00f8r det til et alsidigt stykke til forskellige lejligheder.<\/li>\n\n\n\n<li><strong>Kvalitetsh\u00e5ndv\u00e6rk<\/strong>: Lavet med pr\u00e6cision og sans for detaljer, hvilket sikrer en behagelig pasform og varig holdbarhed.<\/li>\n\n\n\n<li><strong>Perfekt til intime \u00f8jeblikke<\/strong>: Uanset om det er en s\u00e6rlig aften eller bare et \u00f8jebliks selvfork\u00e6lelse, lover dette bodystocking s\u00e6t en uforglemmelig oplevelse.<\/li>\n<\/ol>\n\n\n\n<p>L\u00f8ft din lingerikollektion med vores kontrasterende blomstrede bodystocking-s\u00e6t. Udformet til dem, der s\u00e6tter pris p\u00e5 de finere ting i livet, lover dette stykke b\u00e5de komfort og tiltr\u00e6kning. Dyk ned i en verden af luksus og sensualitet. Kontakt os for eksklusive engrosmuligheder, og lad din kundekreds fork\u00e6le sig med uovertruffen elegance.<\/p>","protected":false},"excerpt":{"rendered":"<p>Dyk ned i en verden af elegance med vores engros <strong>blomstret bodystocking s\u00e6t<\/strong> i kontrasterende rosenr\u00f8de og sorte nuancer. Denne hofteholder-bodystocking har et halter-neck-design, der perfekt komplementerer dets indviklede blomsterm\u00f8nstre. En blanding af charme og sofistikering venter.<\/p>","protected":false},"featured_media":46248,"template":"","meta":[],"product_brand":[],"product_cat":[405,924,404],"product_tag":[],"class_list":{"0":"post-46240","1":"product","2":"type-product","3":"status-publish","4":"has-post-thumbnail","6":"product_cat-wholesale-bodystocking","7":"product_cat-wholesale-bodystocking-sets","8":"product_cat-sexy-stocking","9":"pa_color-black","10":"pa_size-free","12":"first","13":"instock","14":"taxable","15":"shipping-taxable","16":"purchasable","17":"product-type-variable"},"tiered_pricing_type":"fixed","tiered_pricing_fixed_rules":[],"tiered_pricing_product_settings":{"layout":"default","base_unit_name":{"singular":null,"plural":null},"default_variation":{}},"tiered_pricing_minimum_quantity":null,"tiered_pricing_roles_data":[],"tiered_pricing_percentage_rules":[],"tiered_pricing_maximum_quantity":null,"tiered_pricing_quantity_step":null,"_links":{"self":[{"href":"https:\/\/gretasexylingerie.com\/da\/wp-json\/wp\/v2\/product\/46240","targetHints":{"allow":["GET"]}}],"collection":[{"href":"https:\/\/gretasexylingerie.com\/da\/wp-json\/wp\/v2\/product"}],"about":[{"href":"https:\/\/gretasexylingerie.com\/da\/wp-json\/wp\/v2\/types\/product"}],"wp:featuredmedia":[{"embeddable":true,"href":"https:\/\/gretasexylingerie.com\/da\/wp-json\/wp\/v2\/media\/46248"}],"wp:attachment":[{"href":"https:\/\/gretasexylingerie.com\/da\/wp-json\/wp\/v2\/media?parent=46240"}],"wp:term":[{"taxonomy":"product_brand","embeddable":true,"href":"https:\/\/gretasexylingerie.com\/da\/wp-json\/wp\/v2\/product_brand?post=46240"},{"taxonomy":"product_cat","embeddable":true,"href":"https:\/\/gretasexylingerie.com\/da\/wp-json\/wp\/v2\/product_cat?post=46240"},{"taxonomy":"product_tag","embeddable":true,"href":"https:\/\/gretasexylingerie.com\/da\/wp-json\/wp\/v2\/product_tag?post=46240"}],"curies":[{"name":"wp","href":"https:\/\/api.w.org\/{rel}","templated":true}]}}