{"id":46231,"date":"2023-10-26T23:59:12","date_gmt":"2023-10-26T15:59:12","guid":{"rendered":"https:\/\/gretasexylingerie.com\/?post_type=product&#038;p=46231"},"modified":"2023-10-27T00:00:49","modified_gmt":"2023-10-26T16:00:49","slug":"engros-bla-blonde-dekoreret-skridtfri-bodystocking-saet","status":"publish","type":"product","link":"https:\/\/gretasexylingerie.com\/da\/products\/wholesale-blue-lace-decorated-crotchless-bodystocking-set\/","title":{"rendered":"Engros bl\u00e5 blonder dekoreret skridtfri bodystocking s\u00e6t"},"content":{"rendered":"<ol class=\"wp-block-list\">\n<li><strong>Karakteristisk rundt hulm\u00f8nster<\/strong>: Tilbyder en f\u00e6ngslende peek-a-boo-effekt, der s\u00e6tter scenen for en uforglemmelig aften.<\/li>\n\n\n\n<li><strong>Raffinerede bl\u00e5 blonder accenter<\/strong>: De bl\u00e5 blondeudsmykninger l\u00f8fter det overordnede design, hvilket g\u00f8r det til et fremtr\u00e6dende stykke i enhver lingerikollektion.<\/li>\n\n\n\n<li><strong>Praktisk skridtl\u00f8st design<\/strong>: Udformet til b\u00e5de lokke og lethed, hvilket eliminerer behovet for fjernelse i intime \u00f8jeblikke.<\/li>\n\n\n\n<li><strong>H\u00f8jeste komfort<\/strong>: Lavet med f\u00f8rsteklasses materialer, der sikrer en bl\u00f8d og luksuri\u00f8s f\u00f8lelse mod huden.<\/li>\n\n\n\n<li><strong>Perfekt til s\u00e6rlige lejligheder<\/strong>: Uanset om det er et jubil\u00e6um eller bare en romantisk aften, vil dette bodystocking-s\u00e6t helt sikkert imponere.<\/li>\n<\/ol>\n\n\n\n<p>For\u00f8g dine lingeri-tilbud med vores skridtfri blonde bodystocking s\u00e6t. Med sit indviklede design og premium-f\u00f8lelse er det et must-have for dem, der s\u00f8ger b\u00e5de luksus og tiltr\u00e6kning. Dyk ned i en verden af elegance og sensualitet. Kontakt os for eksklusive engrostilbud og lad din kundekreds opleve uovertruffen luksus.<\/p>","protected":false},"excerpt":{"rendered":"<p>Vi introducerer vores engros <strong>bodystocking uden skridt<\/strong> s\u00e6t, accentueret med sart bl\u00e5 blonde. Dette unikke design med runde hul sikrer en fristende tiltr\u00e6kning, mens funktionen &quot;no need to take off&quot; tilf\u00f8jer et strejf af bekvemmelighed. En perfekt blanding af luksus og sensualitet.<\/p>","protected":false},"featured_media":46238,"template":"","meta":[],"product_brand":[],"product_cat":[405,924,404],"product_tag":[],"class_list":{"0":"post-46231","1":"product","2":"type-product","3":"status-publish","4":"has-post-thumbnail","6":"product_cat-wholesale-bodystocking","7":"product_cat-wholesale-bodystocking-sets","8":"product_cat-sexy-stocking","9":"pa_color-black","10":"pa_size-free","12":"first","13":"instock","14":"taxable","15":"shipping-taxable","16":"purchasable","17":"product-type-variable"},"tiered_pricing_type":"fixed","tiered_pricing_fixed_rules":[],"tiered_pricing_product_settings":{"layout":"default","base_unit_name":{"singular":null,"plural":null},"default_variation":{}},"tiered_pricing_minimum_quantity":null,"tiered_pricing_roles_data":[],"tiered_pricing_percentage_rules":[],"tiered_pricing_maximum_quantity":null,"tiered_pricing_quantity_step":null,"_links":{"self":[{"href":"https:\/\/gretasexylingerie.com\/da\/wp-json\/wp\/v2\/product\/46231","targetHints":{"allow":["GET"]}}],"collection":[{"href":"https:\/\/gretasexylingerie.com\/da\/wp-json\/wp\/v2\/product"}],"about":[{"href":"https:\/\/gretasexylingerie.com\/da\/wp-json\/wp\/v2\/types\/product"}],"wp:featuredmedia":[{"embeddable":true,"href":"https:\/\/gretasexylingerie.com\/da\/wp-json\/wp\/v2\/media\/46238"}],"wp:attachment":[{"href":"https:\/\/gretasexylingerie.com\/da\/wp-json\/wp\/v2\/media?parent=46231"}],"wp:term":[{"taxonomy":"product_brand","embeddable":true,"href":"https:\/\/gretasexylingerie.com\/da\/wp-json\/wp\/v2\/product_brand?post=46231"},{"taxonomy":"product_cat","embeddable":true,"href":"https:\/\/gretasexylingerie.com\/da\/wp-json\/wp\/v2\/product_cat?post=46231"},{"taxonomy":"product_tag","embeddable":true,"href":"https:\/\/gretasexylingerie.com\/da\/wp-json\/wp\/v2\/product_tag?post=46231"}],"curies":[{"name":"wp","href":"https:\/\/api.w.org\/{rel}","templated":true}]}}