{"id":46210,"date":"2023-10-26T23:09:40","date_gmt":"2023-10-26T15:09:40","guid":{"rendered":"https:\/\/gretasexylingerie.com\/?post_type=product&#038;p=46210"},"modified":"2023-10-26T23:17:02","modified_gmt":"2023-10-26T15:17:02","slug":"engros-sort-gennemsigtig-bodystocking-med-sygeplejerske-logo-jacquard-grime","status":"publish","type":"product","link":"https:\/\/gretasexylingerie.com\/da\/products\/wholesale-black-sheer-bodystocking-with-nurse-logo-jacquard-halter\/","title":{"rendered":"Engros Black Sheer Bodystocking med sygeplejerskelogo og jacquardgrime"},"content":{"rendered":"<ol class=\"wp-block-list\">\n<li><strong>Ren og sk\u00e6r mesh-elegance<\/strong>: Lavet med gennemsigtigt mesh, dette <strong>sort gennemsigtig kropsstr\u00f8mpe<\/strong> giver et fristende glimt af huden nedenunder, hvilket sikrer en sensuel appel.<\/li>\n\n\n\n<li><strong>Udsk\u00e6ring brystdesign<\/strong>: Den strategisk placerede udsk\u00e6ring p\u00e5 brystet forst\u00e6rker charmen, hvilket g\u00f8r den til et midtpunkt i enhver lingerikollektion.<\/li>\n\n\n\n<li><strong>Jacquard Halter Neck<\/strong>: Det indviklede jacquard halter-neck-design giver ikke kun st\u00f8tte, men tilf\u00f8jer ogs\u00e5 et strejf af sofistikering til det overordnede look.<\/li>\n\n\n\n<li><strong>Udsmykning af sygeplejerskelogo<\/strong>: Den unikke sygeplejerskelogoudsmykning giver den et legende twist, perfekt til temaaftener eller s\u00e6rlige lejligheder.<\/li>\n\n\n\n<li><strong>Dristende skridtl\u00f8s funktion<\/strong>: Det skridtl\u00f8se design sikrer dette <strong>\u00e5ben buste kropsstr\u00f8mpe<\/strong> er b\u00e5de sensuel og funktionel og tager h\u00f8jde for de dristige \u00f8jeblikke.<\/li>\n<\/ol>\n\n\n\n<p>For\u00f8g dit lingerispil med vores f\u00e6ngslende sorte gennemsigtige bodystocking. Designet til den dristige kvinde, der elsker at blande legende med elegance, er dette stykke indstillet til at blive en publikumsbehager. Dyk ned i et rige af sofistikeret og intriger. Kontakt os for eksklusive engrosmuligheder og lad dine kunder fork\u00e6le sig med det fineste undert\u00f8jsh\u00e5ndv\u00e6rk.<\/p>","protected":false},"excerpt":{"rendered":"<p>Oplev vores engros <strong>sort gennemsigtig bodystocking<\/strong>, en blanding af forf\u00f8relse og stil. Med en udsk\u00e6ring p\u00e5 brystet og et jacquard halter-neck-design, er det fremh\u00e6vet af en karakteristisk sygeplejerske-logoudsmykning. Den skridtl\u00f8se funktion tilf\u00f8jer et vovet strejf til dette uds\u00f8gte stykke.<\/p>","protected":false},"featured_media":46219,"template":"","meta":[],"product_brand":[],"product_cat":[405,407,404],"product_tag":[],"class_list":{"0":"post-46210","1":"product","2":"type-product","3":"status-publish","4":"has-post-thumbnail","6":"product_cat-wholesale-bodystocking","7":"product_cat-wholesale-full-body-stocking","8":"product_cat-sexy-stocking","9":"pa_color-black","10":"pa_size-free","12":"first","13":"instock","14":"taxable","15":"shipping-taxable","16":"purchasable","17":"product-type-variable"},"tiered_pricing_type":"fixed","tiered_pricing_fixed_rules":[],"tiered_pricing_product_settings":{"layout":"default","base_unit_name":{"singular":null,"plural":null},"default_variation":{}},"tiered_pricing_minimum_quantity":null,"tiered_pricing_roles_data":[],"tiered_pricing_percentage_rules":[],"tiered_pricing_maximum_quantity":null,"tiered_pricing_quantity_step":null,"_links":{"self":[{"href":"https:\/\/gretasexylingerie.com\/da\/wp-json\/wp\/v2\/product\/46210","targetHints":{"allow":["GET"]}}],"collection":[{"href":"https:\/\/gretasexylingerie.com\/da\/wp-json\/wp\/v2\/product"}],"about":[{"href":"https:\/\/gretasexylingerie.com\/da\/wp-json\/wp\/v2\/types\/product"}],"wp:featuredmedia":[{"embeddable":true,"href":"https:\/\/gretasexylingerie.com\/da\/wp-json\/wp\/v2\/media\/46219"}],"wp:attachment":[{"href":"https:\/\/gretasexylingerie.com\/da\/wp-json\/wp\/v2\/media?parent=46210"}],"wp:term":[{"taxonomy":"product_brand","embeddable":true,"href":"https:\/\/gretasexylingerie.com\/da\/wp-json\/wp\/v2\/product_brand?post=46210"},{"taxonomy":"product_cat","embeddable":true,"href":"https:\/\/gretasexylingerie.com\/da\/wp-json\/wp\/v2\/product_cat?post=46210"},{"taxonomy":"product_tag","embeddable":true,"href":"https:\/\/gretasexylingerie.com\/da\/wp-json\/wp\/v2\/product_tag?post=46210"}],"curies":[{"name":"wp","href":"https:\/\/api.w.org\/{rel}","templated":true}]}}