{"id":46190,"date":"2023-10-26T22:19:46","date_gmt":"2023-10-26T14:19:46","guid":{"rendered":"https:\/\/gretasexylingerie.com\/?post_type=product&#038;p=46190"},"modified":"2023-10-26T22:21:21","modified_gmt":"2023-10-26T14:21:21","slug":"engros-fiskenet-haeklet-bodystocking-kjole-med-rod-kant","status":"publish","type":"product","link":"https:\/\/gretasexylingerie.com\/da\/products\/wholesale-fishnet-crochet-bodystocking-dress-with-red-trim\/","title":{"rendered":"Engros fiskenet h\u00e6klet bodystocking kjole med r\u00f8d kant"},"content":{"rendered":"<ol class=\"wp-block-list\">\n<li><strong>S\u00e6rpr\u00e6get design<\/strong>: Det hulternede m\u00f8nster tilbyder en blanding af elegance og intriger, hvilket sikrer, at du skiller dig ud.<\/li>\n\n\n\n<li><strong>Passionerede r\u00f8de accenter<\/strong>: Den kontrasterende r\u00f8de trim forst\u00e6rker kjolens charme, hvilket g\u00f8r den til et midtpunkt i enhver kollektion.<\/li>\n\n\n\n<li><strong>Rygl\u00f8s sk\u00f8nhed<\/strong>: Vis din ryg med selvtillid, takket v\u00e6re kjolens dragende rygl\u00f8se funktion.<\/li>\n\n\n\n<li><strong>Flatterende nederdel<\/strong>: Den hofted\u00e6kkende korte nederdel tilf\u00f8jer et strejf af beskedenhed, mens den forst\u00e6rker den overordnede silhuet af denne <strong>fiskenet babydoll kjole<\/strong>.<\/li>\n\n\n\n<li><strong>Komfort m\u00f8der stil<\/strong>: Lavet til komfort, dette <strong>hegnsnet bodystocking<\/strong> sikrer en t\u00e6tsiddende pasform uden at g\u00e5 p\u00e5 kompromis med stilen.<\/li>\n<\/ol>\n\n\n\n<p>L\u00f8ft din kollektion med vores unikt designede bodystocking-kjole. En perfekt blanding af stil og sensualitet, det lover at blive en showstopper ved enhver begivenhed eller intim lejlighed. Dyk ned i en verden af elegance og tiltr\u00e6kning, og lad dette stykke omdefinere dit lingerispil. For dem, der s\u00f8ger det bedste, er dette din chance. Sp\u00f8rg i dag for s\u00e6rlige engrostilbud, og lad dine kunder opleve enest\u00e5ende sofistikering.<\/p>","protected":false},"excerpt":{"rendered":"<p>Oplev tiltr\u00e6kningen ved vores engros <strong>fiskenet h\u00e6klet kjole<\/strong>. Med et f\u00e6ngslende hulternet m\u00f8nster, fremh\u00e6vet af en fed r\u00f8d kant, forener den sensualiteten af et rygl\u00f8st design med sofistikeringen af en hofted\u00e6kkende nederdel.<\/p>","protected":false},"featured_media":46199,"template":"","meta":[],"product_brand":[],"product_cat":[405,406,404],"product_tag":[],"class_list":{"0":"post-46190","1":"product","2":"type-product","3":"status-publish","4":"has-post-thumbnail","6":"product_cat-wholesale-bodystocking","7":"product_cat-wholesale-fishnet-dress","8":"product_cat-sexy-stocking","9":"pa_color-black","10":"pa_size-free","12":"first","13":"instock","14":"taxable","15":"shipping-taxable","16":"purchasable","17":"product-type-variable"},"tiered_pricing_type":"fixed","tiered_pricing_fixed_rules":[],"tiered_pricing_product_settings":{"layout":"default","base_unit_name":{"singular":null,"plural":null},"default_variation":{}},"tiered_pricing_minimum_quantity":null,"tiered_pricing_roles_data":[],"tiered_pricing_percentage_rules":[],"tiered_pricing_maximum_quantity":null,"tiered_pricing_quantity_step":null,"_links":{"self":[{"href":"https:\/\/gretasexylingerie.com\/da\/wp-json\/wp\/v2\/product\/46190","targetHints":{"allow":["GET"]}}],"collection":[{"href":"https:\/\/gretasexylingerie.com\/da\/wp-json\/wp\/v2\/product"}],"about":[{"href":"https:\/\/gretasexylingerie.com\/da\/wp-json\/wp\/v2\/types\/product"}],"wp:featuredmedia":[{"embeddable":true,"href":"https:\/\/gretasexylingerie.com\/da\/wp-json\/wp\/v2\/media\/46199"}],"wp:attachment":[{"href":"https:\/\/gretasexylingerie.com\/da\/wp-json\/wp\/v2\/media?parent=46190"}],"wp:term":[{"taxonomy":"product_brand","embeddable":true,"href":"https:\/\/gretasexylingerie.com\/da\/wp-json\/wp\/v2\/product_brand?post=46190"},{"taxonomy":"product_cat","embeddable":true,"href":"https:\/\/gretasexylingerie.com\/da\/wp-json\/wp\/v2\/product_cat?post=46190"},{"taxonomy":"product_tag","embeddable":true,"href":"https:\/\/gretasexylingerie.com\/da\/wp-json\/wp\/v2\/product_tag?post=46190"}],"curies":[{"name":"wp","href":"https:\/\/api.w.org\/{rel}","templated":true}]}}