{"id":46171,"date":"2023-10-26T21:45:20","date_gmt":"2023-10-26T13:45:20","guid":{"rendered":"https:\/\/gretasexylingerie.com\/?post_type=product&#038;p=46171"},"modified":"2023-10-26T21:51:48","modified_gmt":"2023-10-26T13:51:48","slug":"engros-sexet-hofteholder-bodystocking-med-hul-jacquard","status":"publish","type":"product","link":"https:\/\/gretasexylingerie.com\/da\/products\/wholesale-sexy-suspender-bodystocking-with-hollow-jacquard\/","title":{"rendered":"Engros Sexet Suspender Bodystocking med hul Jacquard"},"content":{"rendered":"<ol class=\"wp-block-list\">\n<li><strong>Hul Jacquard Elegance<\/strong>: Det detaljerede hule jacquard-design tilbyder en f\u00e6ngslende og unik \u00e6stetik, der adskiller dig i enhver indstilling.<\/li>\n\n\n\n<li><strong>Sulten Halter Neck<\/strong>: Ud over dets st\u00f8ttende funktioner tilf\u00f8jer halter-neck-designet et strejf af raffineret allure, hvilket g\u00f8r det til en vigtig tilf\u00f8jelse til enhver lingerikollektion.<\/li>\n\n\n\n<li><strong>Ren og sk\u00e6r forf\u00f8relse<\/strong>: Vores <strong>sort fiskenet kropsstr\u00f8mpe<\/strong> fremviser et fristende gennemsigtigt design, der kun tilbyder et hint af sk\u00f8nheden nedenunder.<\/li>\n\n\n\n<li><strong>Komfort i hver kurve<\/strong>: Mens dens design taler om forf\u00f8relse, lover bodystockingen en behagelig pasform, der passer til enhver lejlighed.<\/li>\n\n\n\n<li><strong>Uds\u00f8gt h\u00e5ndv\u00e6rk<\/strong>: Konstrueret med top-tier materialer, det lover holdbarhed og samtidig sikre en bl\u00f8d og figursyet omfavnelse.<\/li>\n<\/ol>\n\n\n\n<p>For\u00f8g dine lingeri-tilbud med vores fortryllende hofteholder-bodystocking. Perfekt til dem med \u00f8je for stil og et \u00f8nske om komfort. Tag fat nu for eksklusive engrosmuligheder.<\/p>","protected":false},"excerpt":{"rendered":"<p>Tr\u00e6d ind i en verden af elegance med vores engros <strong>gennemsigtig kropsstr\u00f8mpe<\/strong>. Dette kan prale af et unikt hult jacquardm\u00f8nster og en lun halter-neck <strong>fiskenet outfit lingeri<\/strong> er indbegrebet af tiltr\u00e6kning og sofistikering.<\/p>","protected":false},"featured_media":46179,"template":"","meta":[],"product_brand":[],"product_cat":[405,404,410],"product_tag":[],"class_list":{"0":"post-46171","1":"product","2":"type-product","3":"status-publish","4":"has-post-thumbnail","6":"product_cat-wholesale-bodystocking","7":"product_cat-sexy-stocking","8":"product_cat-wholesale-suspender-bodystocking","9":"pa_color-black","10":"pa_size-free","12":"first","13":"instock","14":"taxable","15":"shipping-taxable","16":"purchasable","17":"product-type-variable"},"tiered_pricing_type":"fixed","tiered_pricing_fixed_rules":[],"tiered_pricing_product_settings":{"layout":"default","base_unit_name":{"singular":null,"plural":null},"default_variation":{}},"tiered_pricing_minimum_quantity":null,"tiered_pricing_roles_data":[],"tiered_pricing_percentage_rules":[],"tiered_pricing_maximum_quantity":null,"tiered_pricing_quantity_step":null,"_links":{"self":[{"href":"https:\/\/gretasexylingerie.com\/da\/wp-json\/wp\/v2\/product\/46171","targetHints":{"allow":["GET"]}}],"collection":[{"href":"https:\/\/gretasexylingerie.com\/da\/wp-json\/wp\/v2\/product"}],"about":[{"href":"https:\/\/gretasexylingerie.com\/da\/wp-json\/wp\/v2\/types\/product"}],"wp:featuredmedia":[{"embeddable":true,"href":"https:\/\/gretasexylingerie.com\/da\/wp-json\/wp\/v2\/media\/46179"}],"wp:attachment":[{"href":"https:\/\/gretasexylingerie.com\/da\/wp-json\/wp\/v2\/media?parent=46171"}],"wp:term":[{"taxonomy":"product_brand","embeddable":true,"href":"https:\/\/gretasexylingerie.com\/da\/wp-json\/wp\/v2\/product_brand?post=46171"},{"taxonomy":"product_cat","embeddable":true,"href":"https:\/\/gretasexylingerie.com\/da\/wp-json\/wp\/v2\/product_cat?post=46171"},{"taxonomy":"product_tag","embeddable":true,"href":"https:\/\/gretasexylingerie.com\/da\/wp-json\/wp\/v2\/product_tag?post=46171"}],"curies":[{"name":"wp","href":"https:\/\/api.w.org\/{rel}","templated":true}]}}