{"id":46161,"date":"2023-10-26T00:38:43","date_gmt":"2023-10-25T16:38:43","guid":{"rendered":"https:\/\/gretasexylingerie.com\/?post_type=product&#038;p=46161"},"modified":"2023-10-26T00:40:08","modified_gmt":"2023-10-25T16:40:08","slug":"engros-julefiskenet-seler-bodystocking-med-guld-slojfe","status":"publish","type":"product","link":"https:\/\/gretasexylingerie.com\/da\/products\/wholesale-christmas-fishnet-suspender-bodystocking-with-gold-bow\/","title":{"rendered":"Engros Christmas Fishnet Suspender Bodystocking med guldsl\u00f8jfe"},"content":{"rendered":"<ol class=\"wp-block-list\">\n<li>Festlig fnug-detalje: Den hvide fnug-dekorerede kiste fanger julens essens og tilbyder et strejf af varme og festlig charme.<\/li>\n\n\n\n<li>Elegant guldsl\u00f8jfe: Den glitrende guldsl\u00f8jfe fremh\u00e6ver bodystockingens design og tilf\u00f8jer et strejf af luksus og sofistikering.<\/li>\n\n\n\n<li>Tillokkende fiskenetdesign: Denne fiskenet-bodysuit er lavet med indviklede blonder og fremviser et delikat og sensuelt m\u00f8nster, der smigrer og fremh\u00e6ver kroppens silhuet.<\/li>\n\n\n\n<li>Rygl\u00f8s sk\u00f8nhed: Det rygl\u00f8se design af denne bodystocking tilf\u00f8jer et lummert twist, hvilket g\u00f8r den til et fremtr\u00e6dende stykke i enhver lingerikollektion.<\/li>\n\n\n\n<li>Alsidig og komfortabel: Perfekt til festlige lejligheder eller intime \u00f8jeblikke, denne blonde net-bodysuit tilbyder b\u00e5de stil og komfort.<\/li>\n<\/ol>\n\n\n\n<p>Tr\u00e6d ind i feries\u00e6sonen med vores net-seleholder-bodystocking. Designet til kr\u00e6sne forhandlere, dette stykke blander festlige detaljer med lune designelementer. R\u00e6k ud for engrosforesp\u00f8rgsler og forbedre dit udvalg af ferieundert\u00f8j.<\/p>","protected":false},"excerpt":{"rendered":"<p>Afsl\u00f8r den festlige stemning med vores engros-bodystocking med fiskenet. Udsmykket med hvidt fnug p\u00e5 brystet og en glitrende guldsl\u00f8jfe, denne rygl\u00f8se bodysuit er indbegrebet af ferietiltr\u00e6kning og elegance.<\/p>","protected":false},"featured_media":46170,"template":"","meta":[],"product_brand":[],"product_cat":[405,404,410],"product_tag":[],"class_list":{"0":"post-46161","1":"product","2":"type-product","3":"status-publish","4":"has-post-thumbnail","6":"product_cat-wholesale-bodystocking","7":"product_cat-sexy-stocking","8":"product_cat-wholesale-suspender-bodystocking","9":"pa_color-red-women-sexy-lingerie","10":"pa_size-free","12":"first","13":"instock","14":"taxable","15":"shipping-taxable","16":"purchasable","17":"product-type-variable"},"tiered_pricing_type":"fixed","tiered_pricing_fixed_rules":[],"tiered_pricing_product_settings":{"layout":"default","base_unit_name":{"singular":null,"plural":null},"default_variation":{}},"tiered_pricing_minimum_quantity":null,"tiered_pricing_roles_data":[],"tiered_pricing_percentage_rules":[],"tiered_pricing_maximum_quantity":null,"tiered_pricing_quantity_step":null,"_links":{"self":[{"href":"https:\/\/gretasexylingerie.com\/da\/wp-json\/wp\/v2\/product\/46161","targetHints":{"allow":["GET"]}}],"collection":[{"href":"https:\/\/gretasexylingerie.com\/da\/wp-json\/wp\/v2\/product"}],"about":[{"href":"https:\/\/gretasexylingerie.com\/da\/wp-json\/wp\/v2\/types\/product"}],"wp:featuredmedia":[{"embeddable":true,"href":"https:\/\/gretasexylingerie.com\/da\/wp-json\/wp\/v2\/media\/46170"}],"wp:attachment":[{"href":"https:\/\/gretasexylingerie.com\/da\/wp-json\/wp\/v2\/media?parent=46161"}],"wp:term":[{"taxonomy":"product_brand","embeddable":true,"href":"https:\/\/gretasexylingerie.com\/da\/wp-json\/wp\/v2\/product_brand?post=46161"},{"taxonomy":"product_cat","embeddable":true,"href":"https:\/\/gretasexylingerie.com\/da\/wp-json\/wp\/v2\/product_cat?post=46161"},{"taxonomy":"product_tag","embeddable":true,"href":"https:\/\/gretasexylingerie.com\/da\/wp-json\/wp\/v2\/product_tag?post=46161"}],"curies":[{"name":"wp","href":"https:\/\/api.w.org\/{rel}","templated":true}]}}