{"id":46151,"date":"2023-10-26T00:01:52","date_gmt":"2023-10-25T16:01:52","guid":{"rendered":"https:\/\/gretasexylingerie.com\/?post_type=product&#038;p=46151"},"modified":"2023-10-26T00:02:52","modified_gmt":"2023-10-25T16:02:52","slug":"engros-gennemsigtig-nylon-bodystocking-lilla-halterneck-bodysuit","status":"publish","type":"product","link":"https:\/\/gretasexylingerie.com\/da\/products\/wholesale-sheer-nylon-bodystocking-purple-halterneck-bodysuit\/","title":{"rendered":"Engros Sheer Nylon Bodystocking: Lilla Halterneck Bodysuit"},"content":{"rendered":"<ol class=\"wp-block-list\">\n<li>Ren elegance: Vores net-bodystocking er lavet af ren nylon, der tilbyder et delikat og sensuelt look, der fremh\u00e6ver kroppens naturlige kurver.<\/li>\n\n\n\n<li>Unikt Halterneck-design: Cross Halter-neck-designet giver ikke kun st\u00f8tte, men tilf\u00f8jer ogs\u00e5 et strejf af sofistikering, der adskiller det fra traditionelle bodystockings.<\/li>\n\n\n\n<li>Levende lilla nuance: Den f\u00e6ngslende lilla farve sikrer, at b\u00e6rerne skiller sig ud, hvilket g\u00f8r den til et topvalg for dem, der \u00f8nsker at tilf\u00f8je et puds af farve til deres lingerikollektion.<\/li>\n\n\n\n<li>Alsidigt slid: Uanset om det er til en s\u00e6rlig lejlighed eller hverdagsbrug, tilbyder denne halterneck-bodystocking b\u00e5de komfort og stil.<\/li>\n\n\n\n<li>Materiale af h\u00f8j kvalitet: Lavet med f\u00f8rsteklasses ren nylon, denne bodystocking sikrer holdbarhed, mens den giver en bl\u00f8d og behagelig pasform.<\/li>\n<\/ol>\n\n\n\n<p>L\u00f8ft din lingerikollektion med vores gennemsigtige nylon-bodystocking. Designet til den moderne forhandler, dette stykke kombinerer farve, komfort og stil. Kontakt os for engrosforesp\u00f8rgsler og tilf\u00f8j et strejf af elegance til dit sortiment.<\/p>","protected":false},"excerpt":{"rendered":"<p>Vi pr\u00e6senterer vores engros gennemsigtige nylon-bodystocking i en f\u00e6ngslende lilla nuance. Denne bodysuit er designet med en cross-grime-hals og kombinerer elegance med et strejf af forf\u00f8relse. Perfekt til dem, der s\u00f8ger et unikt og dragende lingeri.<\/p>","protected":false},"featured_media":46160,"template":"","meta":[],"product_brand":[],"product_cat":[405,404,409],"product_tag":[],"class_list":{"0":"post-46151","1":"product","2":"type-product","3":"status-publish","4":"has-post-thumbnail","6":"product_cat-wholesale-bodystocking","7":"product_cat-sexy-stocking","8":"product_cat-wholesale-stocking-bodysuit","9":"pa_color-purple-women-sexy-lingerie","10":"pa_size-free","12":"first","13":"instock","14":"taxable","15":"shipping-taxable","16":"purchasable","17":"product-type-variable"},"tiered_pricing_type":"fixed","tiered_pricing_fixed_rules":[],"tiered_pricing_product_settings":{"layout":"default","base_unit_name":{"singular":null,"plural":null},"default_variation":{}},"tiered_pricing_minimum_quantity":null,"tiered_pricing_roles_data":[],"tiered_pricing_percentage_rules":[],"tiered_pricing_maximum_quantity":null,"tiered_pricing_quantity_step":null,"_links":{"self":[{"href":"https:\/\/gretasexylingerie.com\/da\/wp-json\/wp\/v2\/product\/46151","targetHints":{"allow":["GET"]}}],"collection":[{"href":"https:\/\/gretasexylingerie.com\/da\/wp-json\/wp\/v2\/product"}],"about":[{"href":"https:\/\/gretasexylingerie.com\/da\/wp-json\/wp\/v2\/types\/product"}],"wp:featuredmedia":[{"embeddable":true,"href":"https:\/\/gretasexylingerie.com\/da\/wp-json\/wp\/v2\/media\/46160"}],"wp:attachment":[{"href":"https:\/\/gretasexylingerie.com\/da\/wp-json\/wp\/v2\/media?parent=46151"}],"wp:term":[{"taxonomy":"product_brand","embeddable":true,"href":"https:\/\/gretasexylingerie.com\/da\/wp-json\/wp\/v2\/product_brand?post=46151"},{"taxonomy":"product_cat","embeddable":true,"href":"https:\/\/gretasexylingerie.com\/da\/wp-json\/wp\/v2\/product_cat?post=46151"},{"taxonomy":"product_tag","embeddable":true,"href":"https:\/\/gretasexylingerie.com\/da\/wp-json\/wp\/v2\/product_tag?post=46151"}],"curies":[{"name":"wp","href":"https:\/\/api.w.org\/{rel}","templated":true}]}}