{"id":46142,"date":"2023-10-25T23:47:03","date_gmt":"2023-10-25T15:47:03","guid":{"rendered":"https:\/\/gretasexylingerie.com\/?post_type=product&#038;p=46142"},"modified":"2023-10-25T23:48:33","modified_gmt":"2023-10-25T15:48:33","slug":"engros-sexet-fiskenet-kjole-rod-mesh-med-hvid-plys-trim","status":"publish","type":"product","link":"https:\/\/gretasexylingerie.com\/da\/products\/wholesale-sexy-fishnet-dress-red-mesh-with-white-plush-trim\/","title":{"rendered":"Engros sexet netkjole: r\u00f8d mesh med hvid plys"},"content":{"rendered":"<ol class=\"wp-block-list\">\n<li>Festligt fiskenetdesign: Vores sexede nett\u00f8j fanger ferie\u00e5nden med sit livlige r\u00f8de net, der sikrer, at b\u00e6rerne skiller sig ud under festlige begivenheder.<\/li>\n\n\n\n<li>Stropl\u00f8s silhuet: Det stropl\u00f8se design tilf\u00f8jer et strejf af elegance og sofistikering, hvilket g\u00f8r det til et topvalg for dem, der s\u00f8ger en blanding af festlig charme og moderne mode.<\/li>\n\n\n\n<li>Udsat taljefunktion: Den blottede talje giver et lummert twist til den traditionelle julebekl\u00e6dning, der adskiller denne kjole fra andre Halloween-outfits med fiskenet.<\/li>\n\n\n\n<li>Hvid plysbekl\u00e6dning: Dette klassiske julepr\u00e6g komplementerer det r\u00f8de mesh og tilf\u00f8jer en festlig flair til det sexede netkjoledesign.<\/li>\n\n\n\n<li>Alsidig og stilfuld: Perfekt til julefester, temabegivenheder eller enhver lejlighed, hvor der \u00f8nskes et strejf af festlig tiltr\u00e6kning.<\/li>\n<\/ol>\n\n\n\n<p>Dyk ned i juletiden med et twist. Vores sexede netkjole, designet til den moderne forhandler, kombinerer feriecharme med lune designelementer. L\u00f8ft din feriesamling ved at kontakte os for engrosforesp\u00f8rgsler.<\/p>","protected":false},"excerpt":{"rendered":"<p>Tr\u00e6d ind i fests\u00e6sonen med vores sexede netkjole i engrossalg. Denne bodysuit i r\u00f8dt mesh, prydet med hvide plyskanter, byder p\u00e5 et stropl\u00f8st design og blotlagt talje, der blander julecharme med lummer tiltr\u00e6kning. Den er ideel til dem, der s\u00f8ger et unikt ferieoutfit med fiskenet.<\/p>","protected":false},"featured_media":46150,"template":"","meta":[],"product_brand":[],"product_cat":[405,406,404],"product_tag":[984],"class_list":{"0":"post-46142","1":"product","2":"type-product","3":"status-publish","4":"has-post-thumbnail","6":"product_cat-wholesale-bodystocking","7":"product_cat-wholesale-fishnet-dress","8":"product_cat-sexy-stocking","9":"product_tag-halloween-costumes","10":"pa_color-red-women-sexy-lingerie","11":"pa_size-free","13":"first","14":"instock","15":"taxable","16":"shipping-taxable","17":"purchasable","18":"product-type-variable"},"tiered_pricing_type":"fixed","tiered_pricing_fixed_rules":[],"tiered_pricing_product_settings":{"layout":"default","base_unit_name":{"singular":null,"plural":null},"default_variation":{}},"tiered_pricing_minimum_quantity":null,"tiered_pricing_roles_data":[],"tiered_pricing_percentage_rules":[],"tiered_pricing_maximum_quantity":null,"tiered_pricing_quantity_step":null,"_links":{"self":[{"href":"https:\/\/gretasexylingerie.com\/da\/wp-json\/wp\/v2\/product\/46142","targetHints":{"allow":["GET"]}}],"collection":[{"href":"https:\/\/gretasexylingerie.com\/da\/wp-json\/wp\/v2\/product"}],"about":[{"href":"https:\/\/gretasexylingerie.com\/da\/wp-json\/wp\/v2\/types\/product"}],"wp:featuredmedia":[{"embeddable":true,"href":"https:\/\/gretasexylingerie.com\/da\/wp-json\/wp\/v2\/media\/46150"}],"wp:attachment":[{"href":"https:\/\/gretasexylingerie.com\/da\/wp-json\/wp\/v2\/media?parent=46142"}],"wp:term":[{"taxonomy":"product_brand","embeddable":true,"href":"https:\/\/gretasexylingerie.com\/da\/wp-json\/wp\/v2\/product_brand?post=46142"},{"taxonomy":"product_cat","embeddable":true,"href":"https:\/\/gretasexylingerie.com\/da\/wp-json\/wp\/v2\/product_cat?post=46142"},{"taxonomy":"product_tag","embeddable":true,"href":"https:\/\/gretasexylingerie.com\/da\/wp-json\/wp\/v2\/product_tag?post=46142"}],"curies":[{"name":"wp","href":"https:\/\/api.w.org\/{rel}","templated":true}]}}