{"id":46114,"date":"2023-10-23T01:07:36","date_gmt":"2023-10-22T17:07:36","guid":{"rendered":"https:\/\/gretasexylingerie.com\/?post_type=product&#038;p=46114"},"modified":"2023-10-23T01:38:06","modified_gmt":"2023-10-22T17:38:06","slug":"engros-sexet-militaerinstruktoruniform-med-camouflage-baelte","status":"publish","type":"product","link":"https:\/\/gretasexylingerie.com\/da\/products\/wholesale-sexy-military-instructor-uniform-with-camouflage-belt\/","title":{"rendered":"Engros sexet milit\u00e6rinstrukt\u00f8runiform med camouflageb\u00e6lte"},"content":{"rendered":"<ol class=\"wp-block-list\">\n<li>Commanding Presence: Vores politikvinde-catsuit er designet til den moderne kvinde, der s\u00f8ger at udstr\u00e5le autoritet og sensualitet. Det sexede swat-officer-kostumedesign kombinerer styrken fra en milit\u00e6rinstrukt\u00f8r med forlokkelsen ved moderne mode, hvilket g\u00f8r det til et topvalg for dem, der s\u00f8ger en blanding af kommando og forf\u00f8relse.<\/li>\n\n\n\n<li>Sort l\u00e6der bh og trusser: Den f\u00f8rsteklasses sorte l\u00e6der bh og trusser s\u00e6tter tonen for et kraftfuldt, men forf\u00f8rende look, der sikrer, at brugerne f\u00f8ler sig selvsikre og har kommandoen.<\/li>\n\n\n\n<li>Camouflage elastisk b\u00e6lte: Det elastiske b\u00e6lte tilf\u00f8jer et strejf af milit\u00e6r \u00e6gthed, og fanger essensen af en faktisk milit\u00e6rinstrukt\u00f8r, mens det tilf\u00f8jer et moderne twist.<\/li>\n\n\n\n<li>Halter-neck split jumpsuit: Halter-neck-designet, suppleret med split jumpsuit-funktionen, tilbyder b\u00e5de stil og komfort, hvilket sikrer, at b\u00e6rerne f\u00f8ler sig b\u00e5de kraftfulde og dragende.<\/li>\n\n\n\n<li>Komplet ensemble: Den definerende jumpsuit parret med den komplement\u00e6re hat sikrer et komplet look, der tilbyder kunderne en hel rollespilsoplevelse.<\/li>\n<\/ol>\n\n\n\n<p>Udvid din detailkollektion med vores PVC-betjent-outfit, der blander styrken af en milit\u00e6rinstrukt\u00f8r med moderne materialer. Dyk ned i modeverdenen med dette ensemble. Kontakt os for engrosforesp\u00f8rgsler og l\u00f8ft dit sortiment.<\/p>","protected":false},"excerpt":{"rendered":"<p>Tr\u00e6d til kommandoen med vores sexede milit\u00e6rinstrukt\u00f8runiform. Udformet med en sort l\u00e6der bh og trusse, suppleret med et camouflage elastisk b\u00e6lte og en halter-neck split jumpsuit, er dette ensemble indbegrebet af autoritet og tiltr\u00e6kning. F\u00e5 opm\u00e6rksomhed og s\u00e6t scenen til en uforglemmelig forestilling.<\/p>","protected":false},"featured_media":46122,"template":"","meta":[],"product_brand":[],"product_cat":[974],"product_tag":[978],"class_list":{"0":"post-46114","1":"product","2":"type-product","3":"status-publish","4":"has-post-thumbnail","6":"product_cat-wholesale-sexy-costumes","7":"product_tag-policewoman-costume","8":"pa_color-black","9":"pa_size-free","11":"first","12":"instock","13":"taxable","14":"shipping-taxable","15":"purchasable","16":"product-type-variable"},"tiered_pricing_type":"fixed","tiered_pricing_fixed_rules":[],"tiered_pricing_product_settings":{"layout":"default","base_unit_name":{"singular":null,"plural":null},"default_variation":{}},"tiered_pricing_minimum_quantity":null,"tiered_pricing_roles_data":[],"tiered_pricing_percentage_rules":[],"tiered_pricing_maximum_quantity":null,"tiered_pricing_quantity_step":null,"_links":{"self":[{"href":"https:\/\/gretasexylingerie.com\/da\/wp-json\/wp\/v2\/product\/46114","targetHints":{"allow":["GET"]}}],"collection":[{"href":"https:\/\/gretasexylingerie.com\/da\/wp-json\/wp\/v2\/product"}],"about":[{"href":"https:\/\/gretasexylingerie.com\/da\/wp-json\/wp\/v2\/types\/product"}],"wp:featuredmedia":[{"embeddable":true,"href":"https:\/\/gretasexylingerie.com\/da\/wp-json\/wp\/v2\/media\/46122"}],"wp:attachment":[{"href":"https:\/\/gretasexylingerie.com\/da\/wp-json\/wp\/v2\/media?parent=46114"}],"wp:term":[{"taxonomy":"product_brand","embeddable":true,"href":"https:\/\/gretasexylingerie.com\/da\/wp-json\/wp\/v2\/product_brand?post=46114"},{"taxonomy":"product_cat","embeddable":true,"href":"https:\/\/gretasexylingerie.com\/da\/wp-json\/wp\/v2\/product_cat?post=46114"},{"taxonomy":"product_tag","embeddable":true,"href":"https:\/\/gretasexylingerie.com\/da\/wp-json\/wp\/v2\/product_tag?post=46114"}],"curies":[{"name":"wp","href":"https:\/\/api.w.org\/{rel}","templated":true}]}}