{"id":46105,"date":"2023-10-23T00:51:13","date_gmt":"2023-10-22T16:51:13","guid":{"rendered":"https:\/\/gretasexylingerie.com\/?post_type=product&#038;p=46105"},"modified":"2023-10-23T00:52:29","modified_gmt":"2023-10-22T16:52:29","slug":"engros-sexet-stuepige-kostume-med-slojfe-dekoreret-bh","status":"publish","type":"product","link":"https:\/\/gretasexylingerie.com\/da\/products\/wholesale-sexy-maid-costume-with-bow-decorated-bra\/","title":{"rendered":"Engros sexet stuepige kostume med sl\u00f8jfe-dekoreret bh"},"content":{"rendered":"<ol class=\"wp-block-list\">\n<li>Bar Cosplay Klar: Vores sexede stuepige Halloween-kostume er skr\u00e6ddersyet til den moderne kvinde, der s\u00f8ger at g\u00f8re et statement i bar-cosplay-begivenheder. Det fr\u00e6kke stuepigekostumedesign kombinerer klassiske serviceelementer med et strejf af moderne allure, hvilket g\u00f8r det til et topvalg for dem, der s\u00f8ger en blanding af service og forf\u00f8relse.<\/li>\n\n\n\n<li>Sl\u00f8jfe-dekoreret bh i bandeau-stil: Bh&#039;en i bandeau-stil prydet med sl\u00f8jfer tilbyder en legende charme, der adskiller den fra traditionelle stuepige-outfits. Dens indviklede design sikrer en fremtr\u00e6dende appel til de specielle \u00f8jeblikke.<\/li>\n\n\n\n<li>Sort gennemsigtig mesh-nederdel: Den sorte gennemsigtige mesh-nederdel tilf\u00f8jer et strejf af lun sofistikering, der fanger essensen af det klassiske stuepige-look, mens den tilf\u00f8jer et moderne twist.<\/li>\n\n\n\n<li>Cosplay French Maid Design: Designet, suppleret med det medf\u00f8lgende tilbeh\u00f8r, tilbyder komfort og stil, hvilket sikrer, at b\u00e6rerne f\u00f8ler sig selvsikre og lokkende.<\/li>\n\n\n\n<li>Komplet ensemble: Fra det definerende pandeb\u00e5nd og krave til den komplement\u00e6re bh, nederdel, trusser og fjerpind, hvert stykke i dette s\u00e6t komplementerer det overordnede look og tilbyder kunderne en komplet rollespilsoplevelse.<\/li>\n<\/ol>\n\n\n\n<p>Udvid din detailkollektion med vores sexede stuepigekostume, der blander klassisk elegance med moderne materialer. Dyk ned i en verden af cosplay franske stuepiget\u00f8j med dette ensemble. Kontakt os for engrosforesp\u00f8rgsler og l\u00f8ft dit sortiment.<\/p>","protected":false},"excerpt":{"rendered":"<p>Slip din indre frister l\u00f8s med vores sexede stuepigekostume til bar-cosplay-forestillinger. Dette ensemble er indbegrebet af legende tiltr\u00e6kningskraft og byder p\u00e5 en sl\u00f8jfedekoreret bh i bandeau-stil og en sort gennemsigtig mesh-nederdel. Dyk ned i en fort\u00e6lling om service, elegance og forf\u00f8rende charme.<\/p>","protected":false},"featured_media":46113,"template":"","meta":[],"product_brand":[],"product_cat":[974],"product_tag":[984,980],"class_list":{"0":"post-46105","1":"product","2":"type-product","3":"status-publish","4":"has-post-thumbnail","6":"product_cat-wholesale-sexy-costumes","7":"product_tag-halloween-costumes","8":"product_tag-maid-costumes","9":"pa_color-black","10":"pa_size-free","12":"first","13":"instock","14":"taxable","15":"shipping-taxable","16":"purchasable","17":"product-type-variable"},"tiered_pricing_type":"fixed","tiered_pricing_fixed_rules":[],"tiered_pricing_product_settings":{"layout":"default","base_unit_name":{"singular":null,"plural":null},"default_variation":{}},"tiered_pricing_minimum_quantity":null,"tiered_pricing_roles_data":[],"tiered_pricing_percentage_rules":[],"tiered_pricing_maximum_quantity":null,"tiered_pricing_quantity_step":null,"_links":{"self":[{"href":"https:\/\/gretasexylingerie.com\/da\/wp-json\/wp\/v2\/product\/46105","targetHints":{"allow":["GET"]}}],"collection":[{"href":"https:\/\/gretasexylingerie.com\/da\/wp-json\/wp\/v2\/product"}],"about":[{"href":"https:\/\/gretasexylingerie.com\/da\/wp-json\/wp\/v2\/types\/product"}],"wp:featuredmedia":[{"embeddable":true,"href":"https:\/\/gretasexylingerie.com\/da\/wp-json\/wp\/v2\/media\/46113"}],"wp:attachment":[{"href":"https:\/\/gretasexylingerie.com\/da\/wp-json\/wp\/v2\/media?parent=46105"}],"wp:term":[{"taxonomy":"product_brand","embeddable":true,"href":"https:\/\/gretasexylingerie.com\/da\/wp-json\/wp\/v2\/product_brand?post=46105"},{"taxonomy":"product_cat","embeddable":true,"href":"https:\/\/gretasexylingerie.com\/da\/wp-json\/wp\/v2\/product_cat?post=46105"},{"taxonomy":"product_tag","embeddable":true,"href":"https:\/\/gretasexylingerie.com\/da\/wp-json\/wp\/v2\/product_tag?post=46105"}],"curies":[{"name":"wp","href":"https:\/\/api.w.org\/{rel}","templated":true}]}}