{"id":46087,"date":"2023-10-23T00:15:39","date_gmt":"2023-10-22T16:15:39","guid":{"rendered":"https:\/\/gretasexylingerie.com\/?post_type=product&#038;p=46087"},"modified":"2023-10-23T00:17:37","modified_gmt":"2023-10-22T16:17:37","slug":"engros-vildt-laeder-metal-kaede-sexet-pu-bh-saet","status":"publish","type":"product","link":"https:\/\/gretasexylingerie.com\/da\/products\/wholesale-wild-leather-metal-chain-sexy-pu-bra-set\/","title":{"rendered":"Engros vildt l\u00e6der metalk\u00e6de sexet PU bh-s\u00e6t"},"content":{"rendered":"<ol class=\"wp-block-list\">\n<li>Europ\u00e6isk og amerikansk flair: Vores vilde sexede l\u00e6derlingeri fanger essensen af europ\u00e6isk og amerikansk sensualitet. Designet kombinerer klassisk allure med et strejf af moderne kant, hvilket g\u00f8r det til et topvalg for dem, der s\u00f8ger en blanding af dristighed og elegance.<\/li>\n\n\n\n<li>Daring Harness Style: Selestilens design tilbyder vovet charme, der adskiller det fra traditionelt lingeri. Dens indviklede design sikrer en fremtr\u00e6dende appel til de s\u00e6rlige n\u00e6tter.<\/li>\n\n\n\n<li>Edgy Metal Chain Accenter: Metalk\u00e6dens accenter tilf\u00f8jer et strejf af robust sofistikering, og fanger den dobbelte natur af den legende og forf\u00f8rende fristerinde.<\/li>\n\n\n\n<li>No-Cup &amp; Super Sexy: No-cup-funktionen, suppleret med det super sexede design, tilbyder komfort og stil, hvilket sikrer, at b\u00e6rerne f\u00f8ler sig selvsikre og tillokkende.<\/li>\n\n\n\n<li>Komplet ensemble: Fra den definerende bh og str\u00f8mpeb\u00e5ndsb\u00e6lte til de komplement\u00e6re trusser og brystvorter, hvert stykke i dette s\u00e6t komplementerer det overordnede look og tilbyder kunderne en komplet rollespilsoplevelse.<\/li>\n<\/ol>\n\n\n\n<p>Udvid din detailkollektion med vores vilde l\u00e6der sexet lingeri, der blander europ\u00e6isk og amerikansk elegance med moderne materialer. Dyk ned i PU-uniformens verden med dette ensemble. Kontakt os for engrosforesp\u00f8rgsler og l\u00f8ft dit sortiment.<\/p>","protected":false},"excerpt":{"rendered":"<p>Omfavn dristigheden med vores inspirerede, sexede PU-bh-s\u00e6t. Dette s\u00e6t er indbegrebet af vild tiltr\u00e6kning, designet i en selestil med metalk\u00e6der og en no-cup funktion. Dyk ned i en fort\u00e6lling om dristig elegance og uovertruffen forf\u00f8relse.<\/p>","protected":false},"featured_media":46095,"template":"","meta":[],"product_brand":[],"product_cat":[368,380,367,376],"product_tag":[],"class_list":{"0":"post-46087","1":"product","2":"type-product","3":"status-publish","4":"has-post-thumbnail","6":"product_cat-bra-panty-set","7":"product_cat-wholesale-harness-bra-and-panty-set","8":"product_cat-sexy-lingerie","9":"product_cat-wholesale-ultra-sexy-bra-panty-set","10":"pa_color-black","11":"pa_size-free","13":"first","14":"instock","15":"taxable","16":"shipping-taxable","17":"purchasable","18":"product-type-variable"},"tiered_pricing_type":"fixed","tiered_pricing_fixed_rules":[],"tiered_pricing_product_settings":{"layout":"default","base_unit_name":{"singular":null,"plural":null},"default_variation":{}},"tiered_pricing_minimum_quantity":null,"tiered_pricing_roles_data":[],"tiered_pricing_percentage_rules":[],"tiered_pricing_maximum_quantity":null,"tiered_pricing_quantity_step":null,"_links":{"self":[{"href":"https:\/\/gretasexylingerie.com\/da\/wp-json\/wp\/v2\/product\/46087","targetHints":{"allow":["GET"]}}],"collection":[{"href":"https:\/\/gretasexylingerie.com\/da\/wp-json\/wp\/v2\/product"}],"about":[{"href":"https:\/\/gretasexylingerie.com\/da\/wp-json\/wp\/v2\/types\/product"}],"wp:featuredmedia":[{"embeddable":true,"href":"https:\/\/gretasexylingerie.com\/da\/wp-json\/wp\/v2\/media\/46095"}],"wp:attachment":[{"href":"https:\/\/gretasexylingerie.com\/da\/wp-json\/wp\/v2\/media?parent=46087"}],"wp:term":[{"taxonomy":"product_brand","embeddable":true,"href":"https:\/\/gretasexylingerie.com\/da\/wp-json\/wp\/v2\/product_brand?post=46087"},{"taxonomy":"product_cat","embeddable":true,"href":"https:\/\/gretasexylingerie.com\/da\/wp-json\/wp\/v2\/product_cat?post=46087"},{"taxonomy":"product_tag","embeddable":true,"href":"https:\/\/gretasexylingerie.com\/da\/wp-json\/wp\/v2\/product_tag?post=46087"}],"curies":[{"name":"wp","href":"https:\/\/api.w.org\/{rel}","templated":true}]}}