{"id":46078,"date":"2023-10-22T23:49:19","date_gmt":"2023-10-22T15:49:19","guid":{"rendered":"https:\/\/gretasexylingerie.com\/?post_type=product&#038;p=46078"},"modified":"2023-10-22T23:49:31","modified_gmt":"2023-10-22T15:49:31","slug":"engros-hvid-mesh-sexet-sygeplejerske-uniform","status":"publish","type":"product","link":"https:\/\/gretasexylingerie.com\/da\/products\/wholesale-white-mesh-sexy-nurse-uniform\/","title":{"rendered":"Engros hvid mesh sexet sygeplejerske uniform"},"content":{"rendered":"<ol class=\"wp-block-list\">\n<li>Classic Nurse Allure: Vores sexede sygeplejerskeuniform fanger den tidl\u00f8se tiltr\u00e6kning af den omsorgsfulde sygeplejerske. Designet kombinerer klassiske sygeplejerskeelementer med moderne sensualitet, hvilket g\u00f8r det til et topvalg for dem, der s\u00f8ger en blanding af omsorg og charme.<\/li>\n\n\n\n<li>Delikat gennemsigtigt mesh: Det hvide gennemsigtige mesh giver et glimt af moderne charme, der adskiller det fra traditionelle sygeplejerske-outfits. Dens rene design sikrer en fremtr\u00e6dende appel til de specielle \u00f8jeblikke.<\/li>\n\n\n\n<li>Elegant blondekant: Blondekanten tilf\u00f8jer et strejf af sofistikering og elegance, der fanger essensen af det klassiske sygeplejerske-look.<\/li>\n\n\n\n<li>Alsidigt Halter Top Design: Halter Top-designet, suppleret med knaplukning, tilbyder komfort og stil, hvilket sikrer, at b\u00e6rerne f\u00f8ler sig selvsikre og lokkende.<\/li>\n\n\n\n<li>Komplet ensemble: Fra den definerende top og hofte-afsl\u00f8rende nederdel til de komplement\u00e6re trusser, \u00f8retelefoner og str\u00f8mper, hvert stykke i dette s\u00e6t komplementerer det overordnede look og tilbyder kunderne en komplet rollespilsoplevelse.<\/li>\n<\/ol>\n\n\n\n<p>Udvid din detailkollektion med vores sexede sygeplejerskeuniformer, der blander klassisk elegance med moderne materialer. Dyk ned i en verden af sygeplejerske-cosplay-outfits med dette ensemble. Kontakt os for engrosforesp\u00f8rgsler og l\u00f8ft dit sortiment.<\/p>","protected":false},"excerpt":{"rendered":"<p>Tr\u00e6d ind i fantasiverdenen med vores sexede sygeplejerskeuniform, ideel til temabegivenheder og intime aftener. Lavet af hvidt gennemsigtigt mesh med delikat blondekant, dette grime-topdesign er forf\u00f8rende og elegant. Dyk ned i en fort\u00e6lling om omsorg, tiltr\u00e6kning og legende charme.<\/p>","protected":false},"featured_media":46086,"template":"","meta":[],"product_brand":[],"product_cat":[974],"product_tag":[984,989],"class_list":{"0":"post-46078","1":"product","2":"type-product","3":"status-publish","4":"has-post-thumbnail","6":"product_cat-wholesale-sexy-costumes","7":"product_tag-halloween-costumes","8":"product_tag-nurse-costume","9":"pa_color-white","10":"pa_size-free","12":"first","13":"instock","14":"taxable","15":"shipping-taxable","16":"purchasable","17":"product-type-variable"},"tiered_pricing_type":"fixed","tiered_pricing_fixed_rules":[],"tiered_pricing_product_settings":{"layout":"default","base_unit_name":{"singular":null,"plural":null},"default_variation":null},"tiered_pricing_minimum_quantity":null,"tiered_pricing_roles_data":[],"tiered_pricing_percentage_rules":[],"tiered_pricing_maximum_quantity":null,"tiered_pricing_quantity_step":null,"_links":{"self":[{"href":"https:\/\/gretasexylingerie.com\/da\/wp-json\/wp\/v2\/product\/46078","targetHints":{"allow":["GET"]}}],"collection":[{"href":"https:\/\/gretasexylingerie.com\/da\/wp-json\/wp\/v2\/product"}],"about":[{"href":"https:\/\/gretasexylingerie.com\/da\/wp-json\/wp\/v2\/types\/product"}],"wp:featuredmedia":[{"embeddable":true,"href":"https:\/\/gretasexylingerie.com\/da\/wp-json\/wp\/v2\/media\/46086"}],"wp:attachment":[{"href":"https:\/\/gretasexylingerie.com\/da\/wp-json\/wp\/v2\/media?parent=46078"}],"wp:term":[{"taxonomy":"product_brand","embeddable":true,"href":"https:\/\/gretasexylingerie.com\/da\/wp-json\/wp\/v2\/product_brand?post=46078"},{"taxonomy":"product_cat","embeddable":true,"href":"https:\/\/gretasexylingerie.com\/da\/wp-json\/wp\/v2\/product_cat?post=46078"},{"taxonomy":"product_tag","embeddable":true,"href":"https:\/\/gretasexylingerie.com\/da\/wp-json\/wp\/v2\/product_tag?post=46078"}],"curies":[{"name":"wp","href":"https:\/\/api.w.org\/{rel}","templated":true}]}}