{"id":46065,"date":"2023-10-21T23:34:00","date_gmt":"2023-10-21T15:34:00","guid":{"rendered":"https:\/\/gretasexylingerie.com\/?post_type=product&#038;p=46065"},"modified":"2023-10-22T00:03:36","modified_gmt":"2023-10-21T16:03:36","slug":"engros-sexet-kat-kostume-sort-leopard-hul-bodysuit","status":"publish","type":"product","link":"https:\/\/gretasexylingerie.com\/da\/products\/wholesale-sexy-cat-costume-black-leopard-hollow-bodysuit\/","title":{"rendered":"Engros sexet kattekostume sort leopard hul bodysuit"},"content":{"rendered":"<ol class=\"wp-block-list\">\n<li>Fierce Feline Allure: Vores sexede kattepige-kostume fanger den tidl\u00f8se tiltr\u00e6kning af den ikoniske kat. Det sexede Halloween katteoutfitdesign kombinerer klassiske katteelementer med et strejf af moderne sensualitet, hvilket g\u00f8r det til et topvalg for dem, der s\u00f8ger en blanding af vildskab og tiltr\u00e6kning.<\/li>\n\n\n\n<li>Sultry Leopard Print Bodysuit: Det sorte leopardprint hule design tilbyder en vovet charme, der adskiller den fra traditionelle kattet\u00f8j. Dens indviklede design sikrer en fremtr\u00e6dende appel til de s\u00e6rlige n\u00e6tter.<\/li>\n\n\n\n<li>Elegant r\u00f8d butterfly: Den r\u00f8de butterfly tilf\u00f8jer et strejf af sofistikering og elegance, og fanger den legesyge og forf\u00f8rende kats dobbelte natur.<\/li>\n\n\n\n<li>Komplet tilbeh\u00f8rsensemble: Fra det definerende pandeb\u00e5nd og elegante halsmuffe til det komplement\u00e6re armb\u00e5nd, leopardprint-b\u00e6lte og hale, hvert tilbeh\u00f8r i dette s\u00e6t komplementerer det overordnede look og tilbyder kunderne en komplet rollespilsoplevelse.<\/li>\n\n\n\n<li>Klar til engros: Skr\u00e6ddersyet til engros, er dette sexede kattepigekostume klar til at blive en bedst s\u00e6lgende genstand. Det er mere end blot et kostume; det er en legemligg\u00f8relse af fantasi og legende udforskning.<\/li>\n<\/ol>\n\n\n\n<p>Udvid din detailkollektion med vores sexede catsuit i \u00e9t stykke, der blander vild elegance med moderne materialer. Dyk ned i kattens cosplay-outfits med dette ensemble. Kontakt os for engrosforesp\u00f8rgsler og l\u00f8ft dit sortiment.<\/p>","protected":false},"excerpt":{"rendered":"<p>Slip din vilde side l\u00f8s med vores sexede kattepigekostume, perfekt til Halloween og temafester. Denne hule bodysuit med sort leopardtryk, fremh\u00e6vet med en r\u00f8d butterfly, legemligg\u00f8r tiltr\u00e6kningen af den voldsomme katte. Dyk ned i en fort\u00e6lling om vild elegance og forf\u00f8rende charme.<\/p>","protected":false},"featured_media":46069,"template":"","meta":[],"product_brand":[],"product_cat":[974],"product_tag":[1006,869,1005],"class_list":{"0":"post-46065","1":"product","2":"type-product","3":"status-publish","4":"has-post-thumbnail","6":"product_cat-wholesale-sexy-costumes","7":"product_tag-animal-costumes","8":"product_tag-sexy-animal-print-lingerie","9":"product_tag-sexy-cat-costumes","10":"pa_color-black","11":"pa_size-free","13":"first","14":"instock","15":"taxable","16":"shipping-taxable","17":"purchasable","18":"product-type-variable"},"tiered_pricing_type":"fixed","tiered_pricing_fixed_rules":[],"tiered_pricing_product_settings":{"layout":"default","base_unit_name":{"singular":null,"plural":null},"default_variation":{}},"tiered_pricing_minimum_quantity":null,"tiered_pricing_roles_data":[],"tiered_pricing_percentage_rules":[],"tiered_pricing_maximum_quantity":null,"tiered_pricing_quantity_step":null,"_links":{"self":[{"href":"https:\/\/gretasexylingerie.com\/da\/wp-json\/wp\/v2\/product\/46065","targetHints":{"allow":["GET"]}}],"collection":[{"href":"https:\/\/gretasexylingerie.com\/da\/wp-json\/wp\/v2\/product"}],"about":[{"href":"https:\/\/gretasexylingerie.com\/da\/wp-json\/wp\/v2\/types\/product"}],"wp:featuredmedia":[{"embeddable":true,"href":"https:\/\/gretasexylingerie.com\/da\/wp-json\/wp\/v2\/media\/46069"}],"wp:attachment":[{"href":"https:\/\/gretasexylingerie.com\/da\/wp-json\/wp\/v2\/media?parent=46065"}],"wp:term":[{"taxonomy":"product_brand","embeddable":true,"href":"https:\/\/gretasexylingerie.com\/da\/wp-json\/wp\/v2\/product_brand?post=46065"},{"taxonomy":"product_cat","embeddable":true,"href":"https:\/\/gretasexylingerie.com\/da\/wp-json\/wp\/v2\/product_cat?post=46065"},{"taxonomy":"product_tag","embeddable":true,"href":"https:\/\/gretasexylingerie.com\/da\/wp-json\/wp\/v2\/product_tag?post=46065"}],"curies":[{"name":"wp","href":"https:\/\/api.w.org\/{rel}","templated":true}]}}