{"id":46056,"date":"2023-10-21T22:43:56","date_gmt":"2023-10-21T14:43:56","guid":{"rendered":"https:\/\/gretasexylingerie.com\/?post_type=product&#038;p=46056"},"modified":"2023-10-21T22:44:55","modified_gmt":"2023-10-21T14:44:55","slug":"engros-sort-fed-bunny-bamse-kostume","status":"publish","type":"product","link":"https:\/\/gretasexylingerie.com\/da\/products\/wholesale-black-bold-bunny-teddy-costume\/","title":{"rendered":"Engros Black Bold Bunny Teddy kostume"},"content":{"rendered":"<ol class=\"wp-block-list\">\n<li>Ikonisk kanin-allure: Vores sexede kaninpige-uniform er indbegrebet af kanin-allure. Det sorte bunny cosplay-design kombinerer de ikoniske bunny-elementer med et strejf af moderne forf\u00f8rende, hvilket g\u00f8r det til et topvalg for dem, der s\u00f8ger en blanding af legende og elegance.<\/li>\n\n\n\n<li>Forf\u00f8rende sort gennemsigtig bamse: Den sorte gennemsigtige teddydragt tilbyder vovet charme, der adskiller den fra traditionelle kanin-outfits. Dens gennemsigtige design sikrer en fremtr\u00e6dende appel til de dristige n\u00e6tter.<\/li>\n\n\n\n<li>Elegante hvide mesh-fl\u00e6ser: De hvide mesh-fl\u00e6ser tilf\u00f8jer et strejf af bl\u00f8dhed og elegance, og fanger den legende side af det klassiske kanin-look.<\/li>\n\n\n\n<li>Komplet tilbeh\u00f8rsensemble: Fra det definerende kanin\u00f8re-pandeb\u00e5nd og elegante handsker til de komplement\u00e6re str\u00f8mper, alt tilbeh\u00f8r i dette s\u00e6t komplementerer det overordnede look og tilbyder kunderne en komplet rollespilsoplevelse.<\/li>\n\n\n\n<li>Klar til engros: Skr\u00e6ddersyet til engros, er dette Bold Bunny-kostume klar til at blive en bedst s\u00e6lgende genstand. Det er mere end blot et kostume; det legemligg\u00f8r fantasi og legende udforskning.<\/li>\n<\/ol>\n\n\n\n<p>Udvid din detailkollektion med vores kaninoutfit-lingeri, der blander ikonisk elegance med moderne materialer. Dyk ned i en verden af bunny cosplay-outfits med dette ensemble. Kontakt os for engrosforesp\u00f8rgsler og l\u00f8ft dit sortiment.<\/p>","protected":false},"excerpt":{"rendered":"<p>Omfavn den ikoniske kanins fortryllelse med vores sexede kaninpigeuniform, perfekt til temabegivenheder og intime aftener. Denne sorte gennemsigtige bamsedragt, prydet med hvide mesh-fl\u00e6ser, fanger essensen af den forf\u00f8rende kanin. Dyk ned i en fort\u00e6lling om fed elegance og legende charme.<\/p>","protected":false},"featured_media":46064,"template":"","meta":[],"product_brand":[],"product_cat":[974],"product_tag":[1001,984],"class_list":{"0":"post-46056","1":"product","2":"type-product","3":"status-publish","4":"has-post-thumbnail","6":"product_cat-wholesale-sexy-costumes","7":"product_tag-bunny-costumes","8":"product_tag-halloween-costumes","9":"pa_color-black","10":"pa_size-free","12":"first","13":"instock","14":"taxable","15":"shipping-taxable","16":"purchasable","17":"product-type-variable"},"tiered_pricing_type":"fixed","tiered_pricing_fixed_rules":[],"tiered_pricing_product_settings":{"layout":"default","base_unit_name":{"singular":null,"plural":null},"default_variation":{}},"tiered_pricing_minimum_quantity":null,"tiered_pricing_roles_data":[],"tiered_pricing_percentage_rules":[],"tiered_pricing_maximum_quantity":null,"tiered_pricing_quantity_step":null,"_links":{"self":[{"href":"https:\/\/gretasexylingerie.com\/da\/wp-json\/wp\/v2\/product\/46056","targetHints":{"allow":["GET"]}}],"collection":[{"href":"https:\/\/gretasexylingerie.com\/da\/wp-json\/wp\/v2\/product"}],"about":[{"href":"https:\/\/gretasexylingerie.com\/da\/wp-json\/wp\/v2\/types\/product"}],"wp:featuredmedia":[{"embeddable":true,"href":"https:\/\/gretasexylingerie.com\/da\/wp-json\/wp\/v2\/media\/46064"}],"wp:attachment":[{"href":"https:\/\/gretasexylingerie.com\/da\/wp-json\/wp\/v2\/media?parent=46056"}],"wp:term":[{"taxonomy":"product_brand","embeddable":true,"href":"https:\/\/gretasexylingerie.com\/da\/wp-json\/wp\/v2\/product_brand?post=46056"},{"taxonomy":"product_cat","embeddable":true,"href":"https:\/\/gretasexylingerie.com\/da\/wp-json\/wp\/v2\/product_cat?post=46056"},{"taxonomy":"product_tag","embeddable":true,"href":"https:\/\/gretasexylingerie.com\/da\/wp-json\/wp\/v2\/product_tag?post=46056"}],"curies":[{"name":"wp","href":"https:\/\/api.w.org\/{rel}","templated":true}]}}