{"id":46023,"date":"2023-10-21T21:43:14","date_gmt":"2023-10-21T13:43:14","guid":{"rendered":"https:\/\/gretasexylingerie.com\/?post_type=product&#038;p=46023"},"modified":"2023-10-21T21:44:27","modified_gmt":"2023-10-21T13:44:27","slug":"engros-forforende-juleuniform-med-rod-satin-bodysuit-saet","status":"publish","type":"product","link":"https:\/\/gretasexylingerie.com\/da\/products\/wholesale-seductive-christma-uniform-with-red-satin-bodysuit-set\/","title":{"rendered":"Engros forf\u00f8rende juleuniform med r\u00f8d satin bodysuit s\u00e6t"},"content":{"rendered":"<ol class=\"wp-block-list\">\n<li>Festligt og dragende: Vores sexede juleuniform er indbegrebet af ferieallur. Det hotte, sexede Halloween-kostumedesign kombinerer den festlige \u00e5nd med et strejf af moderne sensualitet, hvilket g\u00f8r det til et topvalg for dem, der s\u00f8ger en blanding af fest og forf\u00f8relse.<\/li>\n\n\n\n<li>Luksuri\u00f8s r\u00f8d satin bodysuit: Den r\u00f8de satin bodysuit tilbyder luksus, der adskiller den fra traditionelle ferie outfits. Dens rige tekstur og glans sikrer en fremtr\u00e6dende appel til de s\u00e6rlige n\u00e6tter.<\/li>\n\n\n\n<li>Komplet tilbeh\u00f8rsensemble: Fra det legende gevir pandeb\u00e5nd og halsring til de elegante handsker, hvert tilbeh\u00f8r i dette s\u00e6t komplementerer det overordnede look og tilbyder kunderne en komplet festlig oplevelse.<\/li>\n\n\n\n<li>Klar til engros: Skr\u00e6ddersyet til engros, er denne forf\u00f8rende juleuniform klar til at blive en bedst s\u00e6lgende genstand i feries\u00e6sonen. Det er mere end blot et kostume; den legemligg\u00f8r festlig fantasi og legende udforskning.<\/li>\n\n\n\n<li>Perfekt til Halloween og jul: Selvom det er skr\u00e6ddersyet til jul, sikrer det sexede r\u00f8de Halloween-kostumedesign, at det er alsidigt nok til Halloween-fester, og tilbyder detailhandlere et produkt med to s\u00e6soner.<\/li>\n<\/ol>\n\n\n\n<p>Udvid din detailkollektion med vores forf\u00f8rende Halloween-kostumer, der blander festlig fest med moderne allure. Dyk ned i en verden af ferie-cosplay-outfits med dette ensemble. Kontakt os for engrosforesp\u00f8rgsler og l\u00f8ft dit sortiment.<\/p>","protected":false},"excerpt":{"rendered":"<p>1. Festligt og tillokkende: Vores sexede juleuniform er indbegrebet af ferieallur. Det hotte, sexede Halloween-kostumedesign kombinerer den festlige \u00e5nd med et strejf af moderne sensualitet, hvilket g\u00f8r det til et topvalg for dem, der s\u00f8ger en blanding af fest og forf\u00f8relse. 2. Luksuri\u00f8s r\u00f8d satin bodysuit: Den r\u00f8de satin bodysuit tilbyder luksus, der adskiller den fra traditionelle ferie outfits. Dens rige tekstur og glans sikrer en fremtr\u00e6dende appel til de s\u00e6rlige n\u00e6tter. 3. Komplet tilbeh\u00f8rsensemble: Fra det legende gevir-pandeb\u00e5nd og halsring til de elegante handsker, alt tilbeh\u00f8r i dette s\u00e6t komplementerer det overordnede look og tilbyder kunderne en komplet festlig oplevelse. 4. Klar til engros: Skr\u00e6ddersyet til engros, er denne forf\u00f8rende juleuniform klar til at blive en bedst s\u00e6lgende vare i feries\u00e6sonen. Det er mere end blot et kostume; den legemligg\u00f8r festlig fantasi og legende udforskning. 5. Perfekt til Halloween og jul: Selvom det er skr\u00e6ddersyet til jul, sikrer det sexede r\u00f8de Halloween-kostumedesign, at det er alsidigt nok til Halloween-fester, og tilbyder detailhandlere et produkt med to s\u00e6soner. Udvid din detailkollektion med vores forf\u00f8rende Halloween-kostumer, der blander festlig fest med moderne allure. Dyk ned i en verden af ferie-cosplay-outfits med dette ensemble. Kontakt os for engrosforesp\u00f8rgsler og l\u00f8ft dit sortiment.<\/p>","protected":false},"featured_media":46031,"template":"","meta":[],"product_brand":[],"product_cat":[974],"product_tag":[984],"class_list":{"0":"post-46023","1":"product","2":"type-product","3":"status-publish","4":"has-post-thumbnail","6":"product_cat-wholesale-sexy-costumes","7":"product_tag-halloween-costumes","8":"pa_color-red-women-sexy-lingerie","9":"pa_size-free","11":"first","12":"instock","13":"taxable","14":"shipping-taxable","15":"purchasable","16":"product-type-variable"},"tiered_pricing_type":"fixed","tiered_pricing_fixed_rules":[],"tiered_pricing_product_settings":{"layout":"default","base_unit_name":{"singular":null,"plural":null},"default_variation":{}},"tiered_pricing_minimum_quantity":null,"tiered_pricing_roles_data":[],"tiered_pricing_percentage_rules":[],"tiered_pricing_maximum_quantity":null,"tiered_pricing_quantity_step":null,"_links":{"self":[{"href":"https:\/\/gretasexylingerie.com\/da\/wp-json\/wp\/v2\/product\/46023","targetHints":{"allow":["GET"]}}],"collection":[{"href":"https:\/\/gretasexylingerie.com\/da\/wp-json\/wp\/v2\/product"}],"about":[{"href":"https:\/\/gretasexylingerie.com\/da\/wp-json\/wp\/v2\/types\/product"}],"wp:featuredmedia":[{"embeddable":true,"href":"https:\/\/gretasexylingerie.com\/da\/wp-json\/wp\/v2\/media\/46031"}],"wp:attachment":[{"href":"https:\/\/gretasexylingerie.com\/da\/wp-json\/wp\/v2\/media?parent=46023"}],"wp:term":[{"taxonomy":"product_brand","embeddable":true,"href":"https:\/\/gretasexylingerie.com\/da\/wp-json\/wp\/v2\/product_brand?post=46023"},{"taxonomy":"product_cat","embeddable":true,"href":"https:\/\/gretasexylingerie.com\/da\/wp-json\/wp\/v2\/product_cat?post=46023"},{"taxonomy":"product_tag","embeddable":true,"href":"https:\/\/gretasexylingerie.com\/da\/wp-json\/wp\/v2\/product_tag?post=46023"}],"curies":[{"name":"wp","href":"https:\/\/api.w.org\/{rel}","templated":true}]}}