{"id":46014,"date":"2023-10-21T20:15:24","date_gmt":"2023-10-21T12:15:24","guid":{"rendered":"https:\/\/gretasexylingerie.com\/?post_type=product&#038;p=46014"},"modified":"2023-10-21T20:16:34","modified_gmt":"2023-10-21T12:16:34","slug":"engros-sexet-student-halloween-kostume-med-nederdel-saet","status":"publish","type":"product","link":"https:\/\/gretasexylingerie.com\/da\/products\/wholesale-sexy-student-halloween-costume-with-skirt-set\/","title":{"rendered":"Engros sexet studerende Halloween kostume med nederdel s\u00e6t"},"content":{"rendered":"<ol class=\"wp-block-list\">\n<li>Halloween &amp; Cosplay Klar: Vores studentert\u00f8j er indbegrebet af legende tiltr\u00e6kningskraft. Det sexede cosplay-skolepigedesign kombinerer det traditionelle studenterlook med et strejf af moderne sensualitet, hvilket g\u00f8r det til et topvalg for dem, der s\u00f8ger en blanding af uskyld og forf\u00f8relse.<\/li>\n\n\n\n<li>Elegant Transparent Mesh Top: Den gennemsigtige mesh lang\u00e6rmede top giver et glimt af moderne charme, der adskiller den fra traditionelle studentert\u00f8j. Dens unikke design sikrer en fremtr\u00e6dende appel til de vovede n\u00e6tter.<\/li>\n\n\n\n<li>Provokerende lilla mesh-nederdel: Den r\u00f8v-afsl\u00f8rende lilla mesh-nederdel fanger den legende side af det klassiske studentlook, og tilbyder en blanding af uskyld og tillokkelse, der helt sikkert vil sl\u00e5 hoveder.<\/li>\n\n\n\n<li>Komplet tilbeh\u00f8rsensemble: Fra de definerende briller og slips til den komplement\u00e6re trusse, hvert tilbeh\u00f8r i dette s\u00e6t komplementerer det overordnede look og tilbyder kunderne en komplet rollespilsoplevelse.<\/li>\n\n\n\n<li>Klar til engros: Skr\u00e6ddersyet til engros, er dette sexede student Halloween kostume klar til at blive en bedst s\u00e6lgende genstand. Det er mere end blot et kostume; det legemligg\u00f8r fantasi og legende udforskning.<\/li>\n<\/ol>\n\n\n\n<p>Udvid din detailkollektion med vores sexede student-Halloween-kostumer, der blander klassisk uskyld med moderne allure. Dyk ned i en verden af studerendes cosplay-outfits med dette ensemble. Kontakt os for engrosforesp\u00f8rgsler og l\u00f8ft dit sortiment.<\/p>","protected":false},"excerpt":{"rendered":"<p>Tr\u00e6d ind i fantasiverdenen med vores sexede Halloween-elevkostume, perfekt til Halloween og cosplay-begivenheder. Denne gennemsigtige mesh lang\u00e6rmede top parret med en numseafsl\u00f8rende lilla nederdel legemligg\u00f8r den legende studerendes tiltr\u00e6kningskraft. Dyk ned i en fort\u00e6lling om uskyld og fristelse.<\/p>","protected":false},"featured_media":46018,"template":"","meta":[],"product_brand":[],"product_cat":[974],"product_tag":[984,976],"class_list":{"0":"post-46014","1":"product","2":"type-product","3":"status-publish","4":"has-post-thumbnail","6":"product_cat-wholesale-sexy-costumes","7":"product_tag-halloween-costumes","8":"product_tag-schoolgirl-costumes","9":"pa_color-black","10":"pa_size-free","12":"first","13":"instock","14":"taxable","15":"shipping-taxable","16":"purchasable","17":"product-type-variable"},"tiered_pricing_type":"fixed","tiered_pricing_fixed_rules":[],"tiered_pricing_product_settings":{"layout":"default","base_unit_name":{"singular":null,"plural":null},"default_variation":{}},"tiered_pricing_minimum_quantity":null,"tiered_pricing_roles_data":[],"tiered_pricing_percentage_rules":[],"tiered_pricing_maximum_quantity":null,"tiered_pricing_quantity_step":null,"_links":{"self":[{"href":"https:\/\/gretasexylingerie.com\/da\/wp-json\/wp\/v2\/product\/46014","targetHints":{"allow":["GET"]}}],"collection":[{"href":"https:\/\/gretasexylingerie.com\/da\/wp-json\/wp\/v2\/product"}],"about":[{"href":"https:\/\/gretasexylingerie.com\/da\/wp-json\/wp\/v2\/types\/product"}],"wp:featuredmedia":[{"embeddable":true,"href":"https:\/\/gretasexylingerie.com\/da\/wp-json\/wp\/v2\/media\/46018"}],"wp:attachment":[{"href":"https:\/\/gretasexylingerie.com\/da\/wp-json\/wp\/v2\/media?parent=46014"}],"wp:term":[{"taxonomy":"product_brand","embeddable":true,"href":"https:\/\/gretasexylingerie.com\/da\/wp-json\/wp\/v2\/product_brand?post=46014"},{"taxonomy":"product_cat","embeddable":true,"href":"https:\/\/gretasexylingerie.com\/da\/wp-json\/wp\/v2\/product_cat?post=46014"},{"taxonomy":"product_tag","embeddable":true,"href":"https:\/\/gretasexylingerie.com\/da\/wp-json\/wp\/v2\/product_tag?post=46014"}],"curies":[{"name":"wp","href":"https:\/\/api.w.org\/{rel}","templated":true}]}}