{"id":45998,"date":"2023-10-21T00:04:45","date_gmt":"2023-10-20T16:04:45","guid":{"rendered":"https:\/\/gretasexylingerie.com\/?post_type=product&#038;p=45998"},"modified":"2023-10-21T00:05:46","modified_gmt":"2023-10-20T16:05:46","slug":"engros-hvid-blonde-kinky-tjenestepige-uniform-med-gennemsigtigt-gaze-saet","status":"publish","type":"product","link":"https:\/\/gretasexylingerie.com\/da\/products\/wholesale-white-lace-kinky-maid-uniform-with-transparent-gauze-set\/","title":{"rendered":"Engros Hvid blonder Kinky Maid Uniform med gennemsigtigt gazes\u00e6t"},"content":{"rendered":"<ol class=\"wp-block-list\">\n<li>Klar til rollespil: Vores Cosmaid-outfit er indbegrebet af elegance og allure. Det skridtl\u00f8se franske stuepigedesign kombinerer tradition med et strejf af moderne sensualitet, hvilket g\u00f8r det til et topvalg for dem, der s\u00f8ger en blanding af service og forf\u00f8relse.<\/li>\n\n\n\n<li>Elegant hvid blomstret blonde: Den hvide blomstrede blonde tilbyder et strejf af uskyld og adskiller den fra traditionelle stuepiget\u00f8j. Dens indviklede design sikrer en fremtr\u00e6dende appel til de s\u00e6rlige n\u00e6tter.<\/li>\n\n\n\n<li>Provokativt \u00e5bent trussedesign: Det \u00e5bne trussedesign fanger den forf\u00f8rende side af det klassiske stuepige-look, og tilbyder en blanding af elegance og allure, der helt sikkert vil sl\u00e5 hoveder.<\/li>\n\n\n\n<li>Komplet tilbeh\u00f8rsensemble: Fra det definerende hovedb\u00f8jle og halsring til den unikke \u00e5bne trusse, hvert tilbeh\u00f8r i dette s\u00e6t komplementerer det overordnede look og tilbyder kunderne en komplet rollespilsoplevelse.<\/li>\n\n\n\n<li>Engrosklar* Denne Kinky Maid Uniform er skr\u00e6ddersyet til engrossalg og er klar til at blive en bedst s\u00e6lgende vare. Det er mere end blot et kostume; det legemligg\u00f8r fantasi og legende udforskning.<\/li>\n<\/ol>\n\n\n\n<p>Udvid din detailkollektion med vores skridtl\u00f8se franske stuepiget\u00f8j, der blander klassisk elegance med moderne allure. Dyk ned i en verden af pigerollespilst\u00f8j med dette ensemble. Kontakt os for engrosforesp\u00f8rgsler og l\u00f8ft dit sortiment.<\/p>","protected":false},"excerpt":{"rendered":"<p>Omfavn servicens charme med vores frily franske pigekjole, perfekt til s\u00e6rlige lejligheder og rollespilsbegivenheder. Dette hvide blomstrede blondeoutfit med gennemsigtig sort gaze og \u00e5bne trusser fanger essensen af den provokerende stuepige. Dyk ned i en fort\u00e6lling om elegance og fristelse.<\/p>","protected":false},"featured_media":46007,"template":"","meta":[],"product_brand":[],"product_cat":[974],"product_tag":[984,980],"class_list":{"0":"post-45998","1":"product","2":"type-product","3":"status-publish","4":"has-post-thumbnail","6":"product_cat-wholesale-sexy-costumes","7":"product_tag-halloween-costumes","8":"product_tag-maid-costumes","9":"pa_color-white","10":"pa_size-free","12":"first","13":"instock","14":"taxable","15":"shipping-taxable","16":"purchasable","17":"product-type-variable"},"tiered_pricing_type":"fixed","tiered_pricing_fixed_rules":[],"tiered_pricing_product_settings":{"layout":"default","base_unit_name":{"singular":null,"plural":null},"default_variation":{}},"tiered_pricing_minimum_quantity":null,"tiered_pricing_roles_data":[],"tiered_pricing_percentage_rules":[],"tiered_pricing_maximum_quantity":null,"tiered_pricing_quantity_step":null,"_links":{"self":[{"href":"https:\/\/gretasexylingerie.com\/da\/wp-json\/wp\/v2\/product\/45998","targetHints":{"allow":["GET"]}}],"collection":[{"href":"https:\/\/gretasexylingerie.com\/da\/wp-json\/wp\/v2\/product"}],"about":[{"href":"https:\/\/gretasexylingerie.com\/da\/wp-json\/wp\/v2\/types\/product"}],"wp:featuredmedia":[{"embeddable":true,"href":"https:\/\/gretasexylingerie.com\/da\/wp-json\/wp\/v2\/media\/46007"}],"wp:attachment":[{"href":"https:\/\/gretasexylingerie.com\/da\/wp-json\/wp\/v2\/media?parent=45998"}],"wp:term":[{"taxonomy":"product_brand","embeddable":true,"href":"https:\/\/gretasexylingerie.com\/da\/wp-json\/wp\/v2\/product_brand?post=45998"},{"taxonomy":"product_cat","embeddable":true,"href":"https:\/\/gretasexylingerie.com\/da\/wp-json\/wp\/v2\/product_cat?post=45998"},{"taxonomy":"product_tag","embeddable":true,"href":"https:\/\/gretasexylingerie.com\/da\/wp-json\/wp\/v2\/product_tag?post=45998"}],"curies":[{"name":"wp","href":"https:\/\/api.w.org\/{rel}","templated":true}]}}