{"id":45988,"date":"2023-10-20T23:47:38","date_gmt":"2023-10-20T15:47:38","guid":{"rendered":"https:\/\/gretasexylingerie.com\/?post_type=product&#038;p=45988"},"modified":"2023-10-20T23:49:01","modified_gmt":"2023-10-20T15:49:01","slug":"engros-sexet-sort-sygeplejerske-halloween-kostume-med-hofte-daekkende-nederdel-saet","status":"publish","type":"product","link":"https:\/\/gretasexylingerie.com\/da\/products\/wholesale-sexy-black-nurse-halloween-costume-with-hip-covering-skirt-set\/","title":{"rendered":"Engros sexet sort sygeplejerske Halloween kostume med hofte-d\u00e6kkende nederdel s\u00e6t"},"content":{"rendered":"<ol class=\"wp-block-list\">\n<li>Halloween &amp; Cosplay Klar: Vores sorte sygeplejerskeuniform er indbegrebet af m\u00f8rk tiltr\u00e6kning. Sygeplejerskens sexede kjoledesign kombinerer det traditionelle sygeplejerske-look med et strejf af moderne sensualitet, hvilket g\u00f8r det til et topvalg for dem, der s\u00f8ger en blanding af omsorg og mystik.<\/li>\n\n\n\n<li>Elegant hofted\u00e6kkende nederdel: Den hofted\u00e6kkende nederdel tilbyder en blanding af beskedenhed og charme, der adskiller den fra traditionelle sygeplejerske-outfits. Dens unikke design sikrer en fremtr\u00e6dende appel til de vovede n\u00e6tter.<\/li>\n\n\n\n<li>Kort\u00e6rmet jakkes\u00e6tdesign: Den kort\u00e6rmede top fanger essensen af det klassiske sygeplejerske-look, mens den tilbyder et moderne twist. Denne blanding af tradition og charme giver detailhandlere et unikt produkt, der skiller sig ud p\u00e5 markedet.<\/li>\n\n\n\n<li>Komplet tilbeh\u00f8rsensemble: Fra det definerende sygeplejerske pandeb\u00e5nd og b\u00e6lte til de stilfulde netstr\u00f8mper og handsker, alt tilbeh\u00f8r i dette s\u00e6t komplementerer det overordnede look og tilbyder kunderne en komplet rollespilsoplevelse.<\/li>\n\n\n\n<li>Engrosklar: Skr\u00e6ddersyet til engros, er denne sexede sorte sygeplejerske-uniform klar til at blive en bedst s\u00e6lgende vare. Det er mere end blot et kostume; det legemligg\u00f8r fantasi og legende udforskning.<\/li>\n<\/ol>\n\n\n\n<p>Udvid din detailkollektion med vores sexede sygeplejerske-Halloween-kostumer, der blander klassisk pleje med m\u00f8rk allure. Dyk ned i en verden af sygeplejerske-cosplay-outfits med dette ensemble. Kontakt os for engrosforesp\u00f8rgsler og l\u00f8ft dit sortiment.<\/p>","protected":false},"excerpt":{"rendered":"<p>Tr\u00e6d ind i natten med vores sexede sorte sygeplejerske-kostume, der er skr\u00e6ddersyet til Halloween og cosplay-begivenheder. Dette kort\u00e6rmede jakkes\u00e6t med en hofted\u00e6kkende nederdel legemligg\u00f8r den mystiske sygeplejerskes fortryllelse. Dyk ned i en fort\u00e6lling om omsorg og m\u00f8rk charme.<\/p>","protected":false},"featured_media":45994,"template":"","meta":[],"product_brand":[],"product_cat":[974],"product_tag":[989],"class_list":{"0":"post-45988","1":"product","2":"type-product","3":"status-publish","4":"has-post-thumbnail","6":"product_cat-wholesale-sexy-costumes","7":"product_tag-nurse-costume","8":"pa_color-black","9":"pa_size-free","11":"first","12":"instock","13":"taxable","14":"shipping-taxable","15":"purchasable","16":"product-type-variable"},"tiered_pricing_type":"fixed","tiered_pricing_fixed_rules":[],"tiered_pricing_product_settings":{"layout":"default","base_unit_name":{"singular":null,"plural":null},"default_variation":{}},"tiered_pricing_minimum_quantity":null,"tiered_pricing_roles_data":[],"tiered_pricing_percentage_rules":[],"tiered_pricing_maximum_quantity":null,"tiered_pricing_quantity_step":null,"_links":{"self":[{"href":"https:\/\/gretasexylingerie.com\/da\/wp-json\/wp\/v2\/product\/45988","targetHints":{"allow":["GET"]}}],"collection":[{"href":"https:\/\/gretasexylingerie.com\/da\/wp-json\/wp\/v2\/product"}],"about":[{"href":"https:\/\/gretasexylingerie.com\/da\/wp-json\/wp\/v2\/types\/product"}],"wp:featuredmedia":[{"embeddable":true,"href":"https:\/\/gretasexylingerie.com\/da\/wp-json\/wp\/v2\/media\/45994"}],"wp:attachment":[{"href":"https:\/\/gretasexylingerie.com\/da\/wp-json\/wp\/v2\/media?parent=45988"}],"wp:term":[{"taxonomy":"product_brand","embeddable":true,"href":"https:\/\/gretasexylingerie.com\/da\/wp-json\/wp\/v2\/product_brand?post=45988"},{"taxonomy":"product_cat","embeddable":true,"href":"https:\/\/gretasexylingerie.com\/da\/wp-json\/wp\/v2\/product_cat?post=45988"},{"taxonomy":"product_tag","embeddable":true,"href":"https:\/\/gretasexylingerie.com\/da\/wp-json\/wp\/v2\/product_tag?post=45988"}],"curies":[{"name":"wp","href":"https:\/\/api.w.org\/{rel}","templated":true}]}}