{"id":45976,"date":"2023-10-20T23:30:04","date_gmt":"2023-10-20T15:30:04","guid":{"rendered":"https:\/\/gretasexylingerie.com\/?post_type=product&#038;p=45976"},"modified":"2023-10-20T23:32:46","modified_gmt":"2023-10-20T15:32:46","slug":"engros-sexet-leopard-halloween-kostume-med-gennemsigtige-blonder","status":"publish","type":"product","link":"https:\/\/gretasexylingerie.com\/da\/products\/wholesale-sexy-leopard-halloween-costume-with-transparent-lace\/","title":{"rendered":"Engros sexet leopard Halloween kostume med gennemsigtig blonder"},"content":{"rendered":"<ol class=\"wp-block-list\">\n<li>Halloween &amp; Cosplay Klar: Vores Leopard Girl-kostume er indbegrebet af vild tiltr\u00e6kning. Det sexede leopard-catsuit-design kombinerer leopardens h\u00e5rdhed med et strejf af moderne sensualitet, hvilket g\u00f8r den til et topvalg for dem, der s\u00f8ger en blanding af vildskab og forf\u00f8relse.<\/li>\n\n\n\n<li>Sensuelle gennemsigtige blondesider: Bodydragtens gennemsigtige blondesider giver et glimt af moderne charme, der adskiller den fra traditionelle leoparddragter. Dens unikke design sikrer en fremtr\u00e6dende appel til de vovede n\u00e6tter.<\/li>\n\n\n\n<li>Karakteristisk design med hule bryster: Bodydragtens hule brystdesign fanger den forf\u00f8rende side af det klassiske leopard-look og tilbyder en blanding af vildskab og tiltr\u00e6kning, der helt sikkert vil sl\u00e5 hoveder.<\/li>\n\n\n\n<li>Komplet tilbeh\u00f8rsensemble: Fra det definerende leopardpandeb\u00e5nd til den legende hale, alt tilbeh\u00f8r i dette s\u00e6t komplementerer det overordnede look og tilbyder kunderne en komplet rollespilsoplevelse.<\/li>\n\n\n\n<li>Engrosklar: Skr\u00e6ddersyet til engros, er dette Leopard Girl Cosplay-kostume klar til at blive en bedst s\u00e6lgende genstand. Det er mere end blot et kostume; det legemligg\u00f8r fantasi og legende udforskning.<\/li>\n<\/ol>\n\n\n\n<p>Udvid din detailkollektion med vores sexede leopard Halloween kostumer, der blander vild voldsomhed med moderne allure. Dyk ned i leopard-cosplay-outfits med dette ensemble. Kontakt os for engrosforesp\u00f8rgsler og l\u00f8ft dit sortiment.<\/p>\n\n\n\n<figure class=\"wp-block-embed is-type-video is-provider-youtube wp-block-embed-youtube wp-embed-aspect-4-3 wp-has-aspect-ratio\"><div class=\"wp-block-embed__wrapper\">\n<div class=\"video-container\"><iframe title=\"Engros sexet leopard Halloween kostume med gennemsigtig blonder\" width=\"1170\" height=\"878\" src=\"https:\/\/www.youtube.com\/embed\/tZg8AcH2EW0?feature=oembed\" frameborder=\"0\" allow=\"accelerometer; autoplay; clipboard-write; encrypted-media; gyroscope; picture-in-picture; web-share\" allowfullscreen><\/iframe><\/div>\n<\/div><\/figure>","protected":false},"excerpt":{"rendered":"<p>Slip din vilde side l\u00f8s med vores sexede leopard-outfit, perfekt til Halloween og cosplay-begivenheder. Denne lang\u00e6rmede bodysuit, prydet med gennemsigtige blondesider og et hult bryst, fanger essensen af den voldsomme leopard. Dyk ned i en fort\u00e6lling om vild tiltr\u00e6kning.<\/p>","protected":false},"featured_media":45985,"template":"","meta":[],"product_brand":[],"product_cat":[974],"product_tag":[1006,1005],"class_list":{"0":"post-45976","1":"product","2":"type-product","3":"status-publish","4":"has-post-thumbnail","6":"product_cat-wholesale-sexy-costumes","7":"product_tag-animal-costumes","8":"product_tag-sexy-cat-costumes","9":"pa_color-leopard","10":"pa_size-free","12":"first","13":"instock","14":"taxable","15":"shipping-taxable","16":"purchasable","17":"product-type-variable"},"tiered_pricing_type":"fixed","tiered_pricing_fixed_rules":[],"tiered_pricing_product_settings":{"layout":"default","base_unit_name":{"singular":null,"plural":null},"default_variation":{}},"tiered_pricing_minimum_quantity":null,"tiered_pricing_roles_data":[],"tiered_pricing_percentage_rules":[],"tiered_pricing_maximum_quantity":null,"tiered_pricing_quantity_step":null,"_links":{"self":[{"href":"https:\/\/gretasexylingerie.com\/da\/wp-json\/wp\/v2\/product\/45976","targetHints":{"allow":["GET"]}}],"collection":[{"href":"https:\/\/gretasexylingerie.com\/da\/wp-json\/wp\/v2\/product"}],"about":[{"href":"https:\/\/gretasexylingerie.com\/da\/wp-json\/wp\/v2\/types\/product"}],"wp:featuredmedia":[{"embeddable":true,"href":"https:\/\/gretasexylingerie.com\/da\/wp-json\/wp\/v2\/media\/45985"}],"wp:attachment":[{"href":"https:\/\/gretasexylingerie.com\/da\/wp-json\/wp\/v2\/media?parent=45976"}],"wp:term":[{"taxonomy":"product_brand","embeddable":true,"href":"https:\/\/gretasexylingerie.com\/da\/wp-json\/wp\/v2\/product_brand?post=45976"},{"taxonomy":"product_cat","embeddable":true,"href":"https:\/\/gretasexylingerie.com\/da\/wp-json\/wp\/v2\/product_cat?post=45976"},{"taxonomy":"product_tag","embeddable":true,"href":"https:\/\/gretasexylingerie.com\/da\/wp-json\/wp\/v2\/product_tag?post=45976"}],"curies":[{"name":"wp","href":"https:\/\/api.w.org\/{rel}","templated":true}]}}