{"id":45958,"date":"2023-10-20T22:38:32","date_gmt":"2023-10-20T14:38:32","guid":{"rendered":"https:\/\/gretasexylingerie.com\/?post_type=product&#038;p=45958"},"modified":"2023-10-20T22:39:42","modified_gmt":"2023-10-20T14:39:42","slug":"engros-sexet-sygeplejerske-halloween-outfit-med-mesh-top-saet","status":"publish","type":"product","link":"https:\/\/gretasexylingerie.com\/da\/products\/wholesale-sexy-nurse-halloween-outfit-with-mesh-top-set\/","title":{"rendered":"Engros sexet sygeplejerske halloween outfit med mesh top s\u00e6t"},"content":{"rendered":"<ol class=\"wp-block-list\">\n<li>Halloween-klar: Vores sexede sygeplejerske-outfit er indbegrebet af Halloween-allure. Det voksne sygeplejerske kostume kombinerer tradition med moderne sensualitet, hvilket g\u00f8r det til et topvalg for dem, der s\u00f8ger en blanding af omsorg og forf\u00f8relse.<\/li>\n\n\n\n<li>Sensuel mesh-gennemsigtig top: Den gennemsigtige lang\u00e6rmede top giver et glimt af moderne charme, der adskiller den fra traditionelle sygeplejerske-outfits. Dens gennemsigtige design sikrer en enest\u00e5ende appel til de vovede n\u00e6tter.<\/li>\n\n\n\n<li>Omfattende tilbeh\u00f8rsensemble: Fra det definerende pandeb\u00e5nd og stetoskop til de stilfulde netstr\u00f8mper og stropper, alt tilbeh\u00f8r i dette s\u00e6t komplementerer det overordnede look og tilbyder kunderne en komplet rollespilsoplevelse.<\/li>\n\n\n\n<li>Fr\u00e6kke sygeplejerske-fort\u00e6lling: Dette outfit fanger den legende og fr\u00e6kke side af det klassiske sygeplejerske-look. Forhandlere kan tilbyde et unikt produkt, der skiller sig ud p\u00e5 markedet, is\u00e6r under Halloween.<\/li>\n\n\n\n<li>Klar til engros: Skr\u00e6ddersyet til engros, er dette sexede mesh gennemsigtige sygeplejerske-outfit klar til at blive en bedst s\u00e6lgende vare. Det er mere end blot et kostume; det legemligg\u00f8r fantasi og legende udforskning.<\/li>\n<\/ol>\n\n\n\n<p>Udvid din detailkollektion med vores fr\u00e6kke sygeplejerskekostumer, der blander klassisk pleje med moderne allure. Dyk ned i en verden af sexede sygeplejerske-Halloween-outfits med dette ensemble. Kontakt os for engrosforesp\u00f8rgsler og l\u00f8ft dit sortiment.<\/p>","protected":false},"excerpt":{"rendered":"<p>Tr\u00e6d ind i en fantasiverden med vores voksne sygeplejerskekostume, perfekt til Halloween-fester. Denne gennemsigtige lang\u00e6rmede top, parret med essentielt tilbeh\u00f8r, fanger essensen af den fr\u00e6kke sygeplejerske. Dyk ned i en fort\u00e6lling om omsorg og tiltr\u00e6kning.<\/p>","protected":false},"featured_media":45966,"template":"","meta":[],"product_brand":[],"product_cat":[974],"product_tag":[989],"class_list":{"0":"post-45958","1":"product","2":"type-product","3":"status-publish","4":"has-post-thumbnail","6":"product_cat-wholesale-sexy-costumes","7":"product_tag-nurse-costume","8":"pa_color-white","9":"pa_size-free","11":"first","12":"instock","13":"taxable","14":"shipping-taxable","15":"purchasable","16":"product-type-variable"},"tiered_pricing_type":"fixed","tiered_pricing_fixed_rules":[],"tiered_pricing_product_settings":{"layout":"default","base_unit_name":{"singular":null,"plural":null},"default_variation":{}},"tiered_pricing_minimum_quantity":null,"tiered_pricing_roles_data":[],"tiered_pricing_percentage_rules":[],"tiered_pricing_maximum_quantity":null,"tiered_pricing_quantity_step":null,"_links":{"self":[{"href":"https:\/\/gretasexylingerie.com\/da\/wp-json\/wp\/v2\/product\/45958","targetHints":{"allow":["GET"]}}],"collection":[{"href":"https:\/\/gretasexylingerie.com\/da\/wp-json\/wp\/v2\/product"}],"about":[{"href":"https:\/\/gretasexylingerie.com\/da\/wp-json\/wp\/v2\/types\/product"}],"wp:featuredmedia":[{"embeddable":true,"href":"https:\/\/gretasexylingerie.com\/da\/wp-json\/wp\/v2\/media\/45966"}],"wp:attachment":[{"href":"https:\/\/gretasexylingerie.com\/da\/wp-json\/wp\/v2\/media?parent=45958"}],"wp:term":[{"taxonomy":"product_brand","embeddable":true,"href":"https:\/\/gretasexylingerie.com\/da\/wp-json\/wp\/v2\/product_brand?post=45958"},{"taxonomy":"product_cat","embeddable":true,"href":"https:\/\/gretasexylingerie.com\/da\/wp-json\/wp\/v2\/product_cat?post=45958"},{"taxonomy":"product_tag","embeddable":true,"href":"https:\/\/gretasexylingerie.com\/da\/wp-json\/wp\/v2\/product_tag?post=45958"}],"curies":[{"name":"wp","href":"https:\/\/api.w.org\/{rel}","templated":true}]}}