{"id":45949,"date":"2023-10-20T22:21:22","date_gmt":"2023-10-20T14:21:22","guid":{"rendered":"https:\/\/gretasexylingerie.com\/?post_type=product&#038;p=45949"},"modified":"2023-10-20T22:22:36","modified_gmt":"2023-10-20T14:22:36","slug":"engros-fransk-pigekostume-med-blonder-og-gennemsigtigt-topsaet","status":"publish","type":"product","link":"https:\/\/gretasexylingerie.com\/da\/products\/wholesale-lace-french-maid-costume-with-transparent-top-set\/","title":{"rendered":"Engros blonder fransk stuepige kostume med gennemsigtig top s\u00e6t"},"content":{"rendered":"<ol class=\"wp-block-list\">\n<li>Klassisk fransk stuepige-appel: Vores outfit legemligg\u00f8r den tidl\u00f8se tiltr\u00e6kning af den franske stuepige. Den sorte franske pigekjole kombinerer tradition med moderne sensualitet, hvilket g\u00f8r den til et topvalg for dem, der s\u00f8ger en blanding af service og tiltr\u00e6kning.<\/li>\n\n\n\n<li>Sensuel gennemsigtig blondetop: Den gennemsigtige blondetop giver et glimt af moderne charme, der adskiller den fra traditionelle stuepiget\u00f8j. Sammen med den hvide blonde-dekorerede nederdel sikrer den en fremtr\u00e6dende appel.<\/li>\n\n\n\n<li>Detaljerede hvide blonde-dekorationer: De hvide blondedetaljer p\u00e5 nederdelen fanger essensen af det klassiske stuepige-look. Denne blanding af uskyld og tillokkelse tilbyder detailhandlere et unikt produkt, der skiller sig ud.<\/li>\n\n\n\n<li>Omfattende tilbeh\u00f8rsensemble: Fra det definerende pandeb\u00e5nd og halsring til det stilfulde forkl\u00e6de og netstr\u00f8mper, hvert tilbeh\u00f8r i dette s\u00e6t komplementerer det overordnede look og tilbyder kunderne en komplet rollespilsoplevelse.<\/li>\n\n\n\n<li>Klar til engros: Skr\u00e6ddersyet til engros, er dette franske pigekostume med blonder klar til at blive en bedst s\u00e6lgende vare. Det er mere end blot et kostume; det legemligg\u00f8r fantasi og legende udforskning.<\/li>\n<\/ol>\n\n\n\n<p>Udvid din detailkollektion med vores fr\u00e6kke stuepige-outfit, der blander klassisk charme med moderne allure. Dyk ned i en verden af franske pigekostumer med blonder med dette ensemble. Kontakt os for engrosforesp\u00f8rgsler og l\u00f8ft dit sortiment.<\/p>","protected":false},"excerpt":{"rendered":"<p>Afsl\u00f8r elegance med vores fede stuepige-outfit, perfekt til fordybende rolleleg. Denne sorte franske pigekjole, prydet med en gennemsigtig blondetop og hvid nederdel, fanger klassisk allure. Dyk ned i en fort\u00e6lling om service og forf\u00f8relse.<\/p>","protected":false},"featured_media":45957,"template":"","meta":[],"product_brand":[],"product_cat":[974],"product_tag":[980],"class_list":{"0":"post-45949","1":"product","2":"type-product","3":"status-publish","4":"has-post-thumbnail","6":"product_cat-wholesale-sexy-costumes","7":"product_tag-maid-costumes","8":"pa_color-black","9":"pa_size-free","11":"first","12":"instock","13":"taxable","14":"shipping-taxable","15":"purchasable","16":"product-type-variable"},"tiered_pricing_type":"fixed","tiered_pricing_fixed_rules":[],"tiered_pricing_product_settings":{"layout":"default","base_unit_name":{"singular":null,"plural":null},"default_variation":{}},"tiered_pricing_minimum_quantity":null,"tiered_pricing_roles_data":[],"tiered_pricing_percentage_rules":[],"tiered_pricing_maximum_quantity":null,"tiered_pricing_quantity_step":null,"_links":{"self":[{"href":"https:\/\/gretasexylingerie.com\/da\/wp-json\/wp\/v2\/product\/45949","targetHints":{"allow":["GET"]}}],"collection":[{"href":"https:\/\/gretasexylingerie.com\/da\/wp-json\/wp\/v2\/product"}],"about":[{"href":"https:\/\/gretasexylingerie.com\/da\/wp-json\/wp\/v2\/types\/product"}],"wp:featuredmedia":[{"embeddable":true,"href":"https:\/\/gretasexylingerie.com\/da\/wp-json\/wp\/v2\/media\/45957"}],"wp:attachment":[{"href":"https:\/\/gretasexylingerie.com\/da\/wp-json\/wp\/v2\/media?parent=45949"}],"wp:term":[{"taxonomy":"product_brand","embeddable":true,"href":"https:\/\/gretasexylingerie.com\/da\/wp-json\/wp\/v2\/product_brand?post=45949"},{"taxonomy":"product_cat","embeddable":true,"href":"https:\/\/gretasexylingerie.com\/da\/wp-json\/wp\/v2\/product_cat?post=45949"},{"taxonomy":"product_tag","embeddable":true,"href":"https:\/\/gretasexylingerie.com\/da\/wp-json\/wp\/v2\/product_tag?post=45949"}],"curies":[{"name":"wp","href":"https:\/\/api.w.org\/{rel}","templated":true}]}}