{"id":45940,"date":"2023-10-20T22:01:16","date_gmt":"2023-10-20T14:01:16","guid":{"rendered":"https:\/\/gretasexylingerie.com\/?post_type=product&#038;p=45940"},"modified":"2023-10-20T22:01:28","modified_gmt":"2023-10-20T14:01:28","slug":"engros-plaid-skolepige-outfit-halterneck-blonde-bodysuit","status":"publish","type":"product","link":"https:\/\/gretasexylingerie.com\/da\/products\/wholesale-plaid-schoolgirl-outfit-halterneck-lace-bodysuit\/","title":{"rendered":"Engros plaid skolepige outfit Halterneck blonde bodysuit"},"content":{"rendered":"<ol class=\"wp-block-list\">\n<li>Hot Schoolgirl Cosplay: Omfavn essensen af ungdommelig tiltr\u00e6kning med vores plaid-studenteruniforms\u00e6t. Designet fanger den legende charme af skolepigetemaer, hvilket g\u00f8r det til et topvalg for dem, der udforsker en fort\u00e6lling om uskyld og forf\u00f8relse.<\/li>\n\n\n\n<li>Sensuel Halterneck-blonde-bodysuit: Halterneck-blondebodyen tilbyder et unikt og f\u00e6ngslende look, der tilf\u00f8jer et strejf af moderne sensualitet til det klassiske skolepigetema. Det dybe V-perspektiv sikrer en fremtr\u00e6dende appel, perfekt til natforestillinger.<\/li>\n\n\n\n<li>Klassisk plaid-nederdel: Den plaid-nederdel er et tidl\u00f8st stykke, der fanger essensen af det klassiske skolepige-look. Sammen med blondebodyen blander den tradition og moderne stil.<\/li>\n\n\n\n<li>Omfattende tilbeh\u00f8rsensemble: Fra det definerende slips og briller til de stilfulde netstr\u00f8mper og str\u00f8mpeb\u00e5nd, er hvert tilbeh\u00f8r i dette s\u00e6t n\u00f8je udvalgt for at l\u00f8fte det overordnede look og tilbyde kunderne en komplet kostumeoplevelse.<\/li>\n\n\n\n<li>Klar til engros: Skr\u00e6ddersyet til engros, er dette plaid-studenteruniforms\u00e6t klar til at blive en bedst s\u00e6lgende genstand i din detailkollektion. Det er mere end blot et kostume; det legemligg\u00f8r fantasi og legende udforskning.<\/li>\n<\/ol>\n\n\n\n<p>Udvid din detailkollektion med vores Wholesale Plaid Schoolgirl Outfit, en perfekt blanding af ungdommelig charme og natlige pr\u00e6stationer. Dyk ned i en verden af tynde skolepiget\u00f8j med dette fantasifulde ensemble. Kontakt os for engrosforesp\u00f8rgsler og indgyd dit sortiment et strejf af skolepige charme og karisma.<\/p>","protected":false},"excerpt":{"rendered":"<p>Afsl\u00f8r en blanding af uskyld og tillokkelse med vores engros-Plaid Student Uniform Set, perfekt til natforestillinger. Denne halterneck-blonde-bodysuit med et dybt V-perspektiv er parret med en klassisk plaid-nederdel. Dyk ned i fort\u00e6llingen om hot skolepige cosplay med dette omfattende ensemble.<\/p>","protected":false},"featured_media":45948,"template":"","meta":[],"product_brand":[],"product_cat":[974],"product_tag":[976],"class_list":{"0":"post-45940","1":"product","2":"type-product","3":"status-publish","4":"has-post-thumbnail","6":"product_cat-wholesale-sexy-costumes","7":"product_tag-schoolgirl-costumes","8":"pa_color-black","9":"pa_size-free","11":"first","12":"instock","13":"taxable","14":"shipping-taxable","15":"purchasable","16":"product-type-variable"},"tiered_pricing_type":"fixed","tiered_pricing_fixed_rules":[],"tiered_pricing_product_settings":{"layout":"default","base_unit_name":{"singular":null,"plural":null},"default_variation":null},"tiered_pricing_minimum_quantity":null,"tiered_pricing_roles_data":[],"tiered_pricing_percentage_rules":[],"tiered_pricing_maximum_quantity":null,"tiered_pricing_quantity_step":null,"_links":{"self":[{"href":"https:\/\/gretasexylingerie.com\/da\/wp-json\/wp\/v2\/product\/45940","targetHints":{"allow":["GET"]}}],"collection":[{"href":"https:\/\/gretasexylingerie.com\/da\/wp-json\/wp\/v2\/product"}],"about":[{"href":"https:\/\/gretasexylingerie.com\/da\/wp-json\/wp\/v2\/types\/product"}],"wp:featuredmedia":[{"embeddable":true,"href":"https:\/\/gretasexylingerie.com\/da\/wp-json\/wp\/v2\/media\/45948"}],"wp:attachment":[{"href":"https:\/\/gretasexylingerie.com\/da\/wp-json\/wp\/v2\/media?parent=45940"}],"wp:term":[{"taxonomy":"product_brand","embeddable":true,"href":"https:\/\/gretasexylingerie.com\/da\/wp-json\/wp\/v2\/product_brand?post=45940"},{"taxonomy":"product_cat","embeddable":true,"href":"https:\/\/gretasexylingerie.com\/da\/wp-json\/wp\/v2\/product_cat?post=45940"},{"taxonomy":"product_tag","embeddable":true,"href":"https:\/\/gretasexylingerie.com\/da\/wp-json\/wp\/v2\/product_tag?post=45940"}],"curies":[{"name":"wp","href":"https:\/\/api.w.org\/{rel}","templated":true}]}}