{"id":45921,"date":"2023-10-18T23:33:33","date_gmt":"2023-10-18T15:33:33","guid":{"rendered":"https:\/\/gretasexylingerie.com\/?post_type=product&#038;p=45921"},"modified":"2023-10-18T23:34:36","modified_gmt":"2023-10-18T15:34:36","slug":"engros-sod-sexet-rod-sygeplejerske-kostume","status":"publish","type":"product","link":"https:\/\/gretasexylingerie.com\/da\/products\/wholesale-cute-sexy-red-nurse-costume\/","title":{"rendered":"Engros s\u00f8d sexet r\u00f8d sygeplejerske kostume til Halloween Cosplay"},"content":{"rendered":"<ol class=\"wp-block-list\">\n<li>Festlig medicinsk charme: Det sexede r\u00f8de sygeplejerske-tema fanger essensen af medicinsk tiltr\u00e6kning med et festligt twist, hvilket g\u00f8r det til et f\u00e6ngslende valg for Halloween-entusiaster. Det livlige r\u00f8de design sikrer en varig appel i din detailkollektion og inviterer til en fort\u00e6lling om omsorg og flirt.<\/li>\n\n\n\n<li>Elegante hvide blondedetaljer: De hvide gennemsigtige blonder p\u00e5 begge sider af den hofted\u00e6kkende nederdel tilf\u00f8jer et strejf af elegance og femininitet til kostumet. Det er et fremragende valg for detailhandlere, der \u00f8nsker at tilbyde en bred vifte af fantasifuld p\u00e5kl\u00e6dning.<\/li>\n\n\n\n<li>Omfattende tilbeh\u00f8rsensemble: Fra det definerende hovedb\u00e5nd og \u00f8restykke til de stilfulde handsker og forkl\u00e6de, er hvert tilbeh\u00f8r i dette s\u00e6t n\u00f8je udvalgt for at l\u00f8fte det overordnede look og tilbyde kunderne en komplet kostumeoplevelse.<\/li>\n\n\n\n<li>H\u00e5ndv\u00e6rk af h\u00f8j kvalitet: Opm\u00e6rksomhed p\u00e5 detaljer er tydelig i alle aspekter af dette kostume, fra brug af materialer af h\u00f8j kvalitet til inklusive netstr\u00f8mper og seler, hvilket sikrer en behagelig pasform og en poleret finish.<\/li>\n\n\n\n<li>Klar til engros: Skr\u00e6ddersyet til engros, er dette sexede r\u00f8de sygeplejerske kostume klar til at blive en bedst s\u00e6lgende genstand i din detailkollektion. Det er mere end blot et kostume; det legemligg\u00f8r fantasi og legende udforskning.<\/li>\n<\/ol>\n\n\n\n<p>Udvid din detailkollektion med vores sexede r\u00f8de sygeplejerskekostume, en perfekt blanding af medicinsk charme og Halloween-fest. Det er et ideelt valg for detailhandlere, der tilbyder et mangfoldigt og fantasifuldt udvalg af p\u00e5kl\u00e6dning. Kontakt os for engrosforesp\u00f8rgsler og indgyd en portion omsorg og tiltr\u00e6kning i dit sortiment i denne festlige s\u00e6son.<\/p>","protected":false},"excerpt":{"rendered":"<p>Omfavn den festlige tiltr\u00e6kning med vores sexede r\u00f8de sygeplejerskekostume til Halloween. Med en hofted\u00e6kkende nederdel prydet med hvide gennemsigtige blonder, er dette ensemble suppleret med en r\u00e6kke matchende tilbeh\u00f8r. Et topvalg for detailhandlere, der \u00f8nsker at tilbyde en blanding af medicinsk charme og legende sensualitet.<\/p>","protected":false},"featured_media":45929,"template":"","meta":[],"product_brand":[],"product_cat":[974],"product_tag":[984,989],"class_list":{"0":"post-45921","1":"product","2":"type-product","3":"status-publish","4":"has-post-thumbnail","6":"product_cat-wholesale-sexy-costumes","7":"product_tag-halloween-costumes","8":"product_tag-nurse-costume","9":"pa_color-red-women-sexy-lingerie","10":"pa_size-free","12":"first","13":"instock","14":"taxable","15":"shipping-taxable","16":"purchasable","17":"product-type-variable"},"tiered_pricing_type":"fixed","tiered_pricing_fixed_rules":[],"tiered_pricing_product_settings":{"layout":"default","base_unit_name":{"singular":null,"plural":null},"default_variation":{}},"tiered_pricing_minimum_quantity":null,"tiered_pricing_roles_data":[],"tiered_pricing_percentage_rules":[],"tiered_pricing_maximum_quantity":null,"tiered_pricing_quantity_step":null,"_links":{"self":[{"href":"https:\/\/gretasexylingerie.com\/da\/wp-json\/wp\/v2\/product\/45921","targetHints":{"allow":["GET"]}}],"collection":[{"href":"https:\/\/gretasexylingerie.com\/da\/wp-json\/wp\/v2\/product"}],"about":[{"href":"https:\/\/gretasexylingerie.com\/da\/wp-json\/wp\/v2\/types\/product"}],"wp:featuredmedia":[{"embeddable":true,"href":"https:\/\/gretasexylingerie.com\/da\/wp-json\/wp\/v2\/media\/45929"}],"wp:attachment":[{"href":"https:\/\/gretasexylingerie.com\/da\/wp-json\/wp\/v2\/media?parent=45921"}],"wp:term":[{"taxonomy":"product_brand","embeddable":true,"href":"https:\/\/gretasexylingerie.com\/da\/wp-json\/wp\/v2\/product_brand?post=45921"},{"taxonomy":"product_cat","embeddable":true,"href":"https:\/\/gretasexylingerie.com\/da\/wp-json\/wp\/v2\/product_cat?post=45921"},{"taxonomy":"product_tag","embeddable":true,"href":"https:\/\/gretasexylingerie.com\/da\/wp-json\/wp\/v2\/product_tag?post=45921"}],"curies":[{"name":"wp","href":"https:\/\/api.w.org\/{rel}","templated":true}]}}