{"id":45878,"date":"2023-10-18T21:51:52","date_gmt":"2023-10-18T13:51:52","guid":{"rendered":"https:\/\/gretasexylingerie.com\/?post_type=product&#038;p=45878"},"modified":"2023-10-18T21:58:44","modified_gmt":"2023-10-18T13:58:44","slug":"engros-hvid-sexet-sygeplejerske-outfit","status":"publish","type":"product","link":"https:\/\/gretasexylingerie.com\/da\/products\/wholesale-white-sexy-nurse-outfit\/","title":{"rendered":"Engros hvid sexet sygeplejerske outfit og Halloween fristelse Ensemble"},"content":{"rendered":"<ol class=\"wp-block-list\">\n<li>Medical Allure with a Twist: Sexy Nurse-temaet fanger essensen af medicinsk allure med et sensuelt twist, hvilket g\u00f8r det til et f\u00e6ngslende valg for Halloween-entusiaster. Det uber\u00f8rte hvide design sikrer en varig appel i din detailkollektion og inviterer til en fort\u00e6lling om omsorg og forf\u00f8relse.<\/li>\n\n\n\n<li>Komplet fristelsesdragt: Fra det definerende pandeb\u00e5nd og b\u00e6lte til de forf\u00f8rende netstr\u00f8mper og benringe, hvert tilbeh\u00f8r i dette s\u00e6t er n\u00f8je udvalgt for at komplementere det overordnede look og tilbyde kunderne en komplet kostumeoplevelse.<\/li>\n\n\n\n<li>Alsidigt ensemble: Inkludering af en top, nederdel og thongs tilf\u00f8jer dybde til ensemblet, og adskiller dette kostume og tilbyder flere stylingsmuligheder.<\/li>\n\n\n\n<li>Materialer af h\u00f8j kvalitet: Fremstillet med sans for detaljer sikrer h\u00f8jkvalitetsmaterialer en behagelig pasform og en slank finish, der adskiller dette kostume og giver en luksuri\u00f8s f\u00f8lelse.<\/li>\n\n\n\n<li>Klar til engros: Skr\u00e6ddersyet til engros, er dette hvide sexede sygeplejerske-outfit klar til at blive en bedst s\u00e6lgende genstand i din detailkollektion. Det er mere end blot et kostume; det legemligg\u00f8r fantasi og legende udforskning.<\/li>\n<\/ol>\n\n\n\n<p>Udvid din detailkollektion med vores Wholesale White Sexy Nurse Outfit, en perfekt blanding af medicinsk charme og moderne sensualitet. Det er et ideelt valg for detailhandlere, der tilbyder et mangfoldigt og fantasifuldt udvalg af p\u00e5kl\u00e6dning. Kontakt os for engrosforesp\u00f8rgsler og indgyd en dosis lokke i dit sortiment denne Halloween.<\/p>","protected":false},"excerpt":{"rendered":"<p>Dyk ned i en verden af tiltr\u00e6kning med vores engrossalg af hvidt sexet sygeplejerske-outfit til Halloween. Denne fristende dragt, komplet med en r\u00e6kke tilbeh\u00f8r, er et f\u00f8rsteklasses valg for detailhandlere, der sigter p\u00e5 at blande medicinsk charme og moderne sensualitet.<\/p>","protected":false},"featured_media":45887,"template":"","meta":[],"product_brand":[],"product_cat":[974],"product_tag":[989],"class_list":{"0":"post-45878","1":"product","2":"type-product","3":"status-publish","4":"has-post-thumbnail","6":"product_cat-wholesale-sexy-costumes","7":"product_tag-nurse-costume","8":"pa_color-white","9":"pa_size-free","11":"first","12":"instock","13":"taxable","14":"shipping-taxable","15":"purchasable","16":"product-type-variable"},"tiered_pricing_type":"fixed","tiered_pricing_fixed_rules":[],"tiered_pricing_product_settings":{"layout":"default","base_unit_name":{"singular":null,"plural":null},"default_variation":{}},"tiered_pricing_minimum_quantity":null,"tiered_pricing_roles_data":[],"tiered_pricing_percentage_rules":[],"tiered_pricing_maximum_quantity":null,"tiered_pricing_quantity_step":null,"_links":{"self":[{"href":"https:\/\/gretasexylingerie.com\/da\/wp-json\/wp\/v2\/product\/45878","targetHints":{"allow":["GET"]}}],"collection":[{"href":"https:\/\/gretasexylingerie.com\/da\/wp-json\/wp\/v2\/product"}],"about":[{"href":"https:\/\/gretasexylingerie.com\/da\/wp-json\/wp\/v2\/types\/product"}],"wp:featuredmedia":[{"embeddable":true,"href":"https:\/\/gretasexylingerie.com\/da\/wp-json\/wp\/v2\/media\/45887"}],"wp:attachment":[{"href":"https:\/\/gretasexylingerie.com\/da\/wp-json\/wp\/v2\/media?parent=45878"}],"wp:term":[{"taxonomy":"product_brand","embeddable":true,"href":"https:\/\/gretasexylingerie.com\/da\/wp-json\/wp\/v2\/product_brand?post=45878"},{"taxonomy":"product_cat","embeddable":true,"href":"https:\/\/gretasexylingerie.com\/da\/wp-json\/wp\/v2\/product_cat?post=45878"},{"taxonomy":"product_tag","embeddable":true,"href":"https:\/\/gretasexylingerie.com\/da\/wp-json\/wp\/v2\/product_tag?post=45878"}],"curies":[{"name":"wp","href":"https:\/\/api.w.org\/{rel}","templated":true}]}}