{"id":45869,"date":"2023-10-18T21:32:50","date_gmt":"2023-10-18T13:32:50","guid":{"rendered":"https:\/\/gretasexylingerie.com\/?post_type=product&#038;p=45869"},"modified":"2023-10-18T21:34:00","modified_gmt":"2023-10-18T13:34:00","slug":"engros-lakken-bunny-bodysuit-med-lynlas-dyb-v","status":"publish","type":"product","link":"https:\/\/gretasexylingerie.com\/da\/products\/wholesale-patent-leather-bunny-bodysuit-with-zippered-deep-v\/","title":{"rendered":"Engros-patent l\u00e6der bunny bodysuit med lynl\u00e5s dybt V"},"content":{"rendered":"<ol class=\"wp-block-list\">\n<li>Playful Bunny Charm: Bunny Bodysuit-temaet fanger en legende tiltr\u00e6kning. Det er et enest\u00e5ende valg for dem, der \u00f8nsker at hoppe ind i et fantasy-rige. Lakl\u00e6derdesignet sikrer en varig appel i din detailkollektion, og inviterer til en fort\u00e6lling om sjov og flirt.<\/li>\n\n\n\n<li>Sultry Lynl\u00e5s Deep V: Det dybe V-design med lynl\u00e5s tilbyder et unikt og f\u00e6ngslende look, der tilf\u00f8jer et strejf af sensualitet til det legende kanin-tema. Det er et fremragende valg for detailhandlere, der \u00f8nsker at tilbyde en bred vifte af fantasifuld p\u00e5kl\u00e6dning.<\/li>\n\n\n\n<li>Komplet ensemble: Parret med et definerende kanin pandeb\u00e5nd og slips giver dette s\u00e6t kunderne et komplet look, der sikrer, at de har alt, hvad de har brug for til en komplet kanintransformation.<\/li>\n\n\n\n<li>Lakl\u00e6der af h\u00f8j kvalitet: Lakl\u00e6deret tilf\u00f8jer en blank og slank finish til bodyen, der adskiller dette kostume og giver en luksuri\u00f8s f\u00f8lelse.<\/li>\n\n\n\n<li>Klar til engros: Skr\u00e6ddersyet til engros, er denne bunny-bodysuit i patentl\u00e6der klar til at blive en bedst s\u00e6lgende genstand i din detailkollektion. Det er mere end blot et kostume; det er en invitation til et rige af fantasi og legende udforskning.<\/li>\n<\/ol>\n\n\n\n<p>Udvid din detailkollektion med vores engros-patentl\u00e6der-bunny-bodysuit, en perfekt blanding af legende charme og moderne sensualitet. Det er et ideelt valg for detailhandlere, der tilbyder et mangfoldigt og fantasifuldt udvalg af p\u00e5kl\u00e6dning. Kontakt os for engrosforesp\u00f8rgsler og tilf\u00f8j et strejf af humle og tiltr\u00e6kning til dit sortiment.&quot;<\/p>","protected":false},"excerpt":{"rendered":"<p>Omfavn lokket med vores engros-patent l\u00e6der bunny bodysuit. Med et dybt V-design med lynl\u00e5s suppleres dette ensemble af et kanin pandeb\u00e5nd og et bindeb\u00e5nd. Et f\u00f8rsteklasses udvalg for detailhandlere, der sigter efter at tilbyde en blanding af legende charme og moderne sensualitet.<\/p>","protected":false},"featured_media":45876,"template":"","meta":[],"product_brand":[],"product_cat":[974],"product_tag":[1001],"class_list":{"0":"post-45869","1":"product","2":"type-product","3":"status-publish","4":"has-post-thumbnail","6":"product_cat-wholesale-sexy-costumes","7":"product_tag-bunny-costumes","8":"pa_color-black","9":"pa_size-free","11":"first","12":"instock","13":"taxable","14":"shipping-taxable","15":"purchasable","16":"product-type-variable"},"tiered_pricing_type":"fixed","tiered_pricing_fixed_rules":[],"tiered_pricing_product_settings":{"layout":"default","base_unit_name":{"singular":null,"plural":null},"default_variation":{}},"tiered_pricing_minimum_quantity":null,"tiered_pricing_roles_data":[],"tiered_pricing_percentage_rules":[],"tiered_pricing_maximum_quantity":null,"tiered_pricing_quantity_step":null,"_links":{"self":[{"href":"https:\/\/gretasexylingerie.com\/da\/wp-json\/wp\/v2\/product\/45869","targetHints":{"allow":["GET"]}}],"collection":[{"href":"https:\/\/gretasexylingerie.com\/da\/wp-json\/wp\/v2\/product"}],"about":[{"href":"https:\/\/gretasexylingerie.com\/da\/wp-json\/wp\/v2\/types\/product"}],"wp:featuredmedia":[{"embeddable":true,"href":"https:\/\/gretasexylingerie.com\/da\/wp-json\/wp\/v2\/media\/45876"}],"wp:attachment":[{"href":"https:\/\/gretasexylingerie.com\/da\/wp-json\/wp\/v2\/media?parent=45869"}],"wp:term":[{"taxonomy":"product_brand","embeddable":true,"href":"https:\/\/gretasexylingerie.com\/da\/wp-json\/wp\/v2\/product_brand?post=45869"},{"taxonomy":"product_cat","embeddable":true,"href":"https:\/\/gretasexylingerie.com\/da\/wp-json\/wp\/v2\/product_cat?post=45869"},{"taxonomy":"product_tag","embeddable":true,"href":"https:\/\/gretasexylingerie.com\/da\/wp-json\/wp\/v2\/product_tag?post=45869"}],"curies":[{"name":"wp","href":"https:\/\/api.w.org\/{rel}","templated":true}]}}