{"id":45860,"date":"2023-10-18T21:12:45","date_gmt":"2023-10-18T13:12:45","guid":{"rendered":"https:\/\/gretasexylingerie.com\/?post_type=product&#038;p=45860"},"modified":"2023-10-18T21:14:01","modified_gmt":"2023-10-18T13:14:01","slug":"engros-fristelse-af-politidragt-med-dybe-v-mesh-aermer","status":"publish","type":"product","link":"https:\/\/gretasexylingerie.com\/da\/products\/wholesale-temptation-of-police-suit-with-deep-v-mesh-sleeves\/","title":{"rendered":"Engros Fristelse af politidragt med dybe V &amp; Mesh-\u00e6rmer"},"content":{"rendered":"<ol class=\"wp-block-list\">\n<li>Autoritativ Allure: Policewoman-temaet fanger en autoritativ tiltr\u00e6kning, hvilket g\u00f8r det til et fremragende valg for dem, der \u00f8nsker at legemligg\u00f8re magt og forf\u00f8relse. Designet sikrer en varig appel i din detailkollektion, og inviterer til en fort\u00e6lling om kontrol og legende udforskning.<\/li>\n\n\n\n<li>Sensuelle dybe V &amp; Mesh-\u00e6rmer: Den dybe V-kiste kombineret med gennemsigtige mesh-lange \u00e6rmer giver et unikt og f\u00e6ngslende look. Det er et fremragende valg for detailhandlere, der \u00f8nsker at tilbyde en bred vifte af fantasifuld p\u00e5kl\u00e6dning.<\/li>\n\n\n\n<li>Omfattende tilbeh\u00f8rss\u00e6t: Fra den definerende politihat og h\u00e5ndjern til de stilfulde solbriller og handsker, hvert tilbeh\u00f8r i dette s\u00e6t er n\u00f8je udvalgt for at l\u00f8fte det overordnede look og tilbyde kunderne en komplet kostumeoplevelse.<\/li>\n\n\n\n<li>Alsidigt ensemble: Inkludering af en leget\u00f8jspistol og netstr\u00f8mper tilf\u00f8jer dybde til ensemblet, adskiller dette kostume og tilbyder flere stylingsmuligheder.<\/li>\n\n\n\n<li>Klar til engros: Skr\u00e6ddersyet til engros, er denne Temptation of Policewoman Uniform klar til at blive en bedst s\u00e6lgende genstand i din detailkollektion. Det er mere end blot et kostume; det legemligg\u00f8r fantasi og legende udforskning.<\/li>\n<\/ol>\n\n\n\n<p>Udvid din detailkollektion med vores Wholesale Temptation of Policewoman Uniform, en perfekt blanding af autoritativ charme og moderne sensualitet. Det er et ideelt valg for detailhandlere, der tilbyder et mangfoldigt og fantasifuldt udvalg af p\u00e5kl\u00e6dning. Kontakt os for engrosforesp\u00f8rgsler og bring et strejf af jura og tiltr\u00e6kning til dit sortiment.<\/p>","protected":false},"excerpt":{"rendered":"<p>F\u00e5 opm\u00e6rksomhed med vores engros Temptation of Policewoman Uniform. Dette kvindelige officerskostume har en dyb V-bryst og gennemsigtige mesh-lange \u00e6rmer. Parret med forskelligt tilbeh\u00f8r er det et f\u00f8rsteklasses valg for detailhandlere, der sigter efter at tilbyde en blanding af autoritativ tiltr\u00e6kning og moderne sensualitet.<\/p>","protected":false},"featured_media":45864,"template":"","meta":[],"product_brand":[],"product_cat":[974],"product_tag":[978],"class_list":{"0":"post-45860","1":"product","2":"type-product","3":"status-publish","4":"has-post-thumbnail","6":"product_cat-wholesale-sexy-costumes","7":"product_tag-policewoman-costume","8":"pa_color-sea-green-women-sexy-lingerie","9":"pa_size-free","11":"first","12":"instock","13":"taxable","14":"shipping-taxable","15":"purchasable","16":"product-type-variable"},"tiered_pricing_type":"fixed","tiered_pricing_fixed_rules":[],"tiered_pricing_product_settings":{"layout":"default","base_unit_name":{"singular":null,"plural":null},"default_variation":{}},"tiered_pricing_minimum_quantity":null,"tiered_pricing_roles_data":[],"tiered_pricing_percentage_rules":[],"tiered_pricing_maximum_quantity":null,"tiered_pricing_quantity_step":null,"_links":{"self":[{"href":"https:\/\/gretasexylingerie.com\/da\/wp-json\/wp\/v2\/product\/45860","targetHints":{"allow":["GET"]}}],"collection":[{"href":"https:\/\/gretasexylingerie.com\/da\/wp-json\/wp\/v2\/product"}],"about":[{"href":"https:\/\/gretasexylingerie.com\/da\/wp-json\/wp\/v2\/types\/product"}],"wp:featuredmedia":[{"embeddable":true,"href":"https:\/\/gretasexylingerie.com\/da\/wp-json\/wp\/v2\/media\/45864"}],"wp:attachment":[{"href":"https:\/\/gretasexylingerie.com\/da\/wp-json\/wp\/v2\/media?parent=45860"}],"wp:term":[{"taxonomy":"product_brand","embeddable":true,"href":"https:\/\/gretasexylingerie.com\/da\/wp-json\/wp\/v2\/product_brand?post=45860"},{"taxonomy":"product_cat","embeddable":true,"href":"https:\/\/gretasexylingerie.com\/da\/wp-json\/wp\/v2\/product_cat?post=45860"},{"taxonomy":"product_tag","embeddable":true,"href":"https:\/\/gretasexylingerie.com\/da\/wp-json\/wp\/v2\/product_tag?post=45860"}],"curies":[{"name":"wp","href":"https:\/\/api.w.org\/{rel}","templated":true}]}}