{"id":45841,"date":"2023-10-18T00:35:59","date_gmt":"2023-10-17T16:35:59","guid":{"rendered":"https:\/\/gretasexylingerie.com\/?post_type=product&#038;p=45841"},"modified":"2023-10-18T00:37:10","modified_gmt":"2023-10-17T16:37:10","slug":"engros-sexet-politikvinde-halloween-bodysuit-med-tilbehor-saet","status":"publish","type":"product","link":"https:\/\/gretasexylingerie.com\/da\/products\/wholesale-sexy-policewoman-halloween-bodysuit-with-accessory-set\/","title":{"rendered":"Engros sexet politikvinde Halloween bodysuit med tilbeh\u00f8rss\u00e6t"},"content":{"rendered":"<ol class=\"wp-block-list\">\n<li>Autoritativ charme: The Sexy Policewoman-tema fanger en autoritativ tiltr\u00e6kning, hvilket g\u00f8r det til et fremragende valg for dem, der s\u00f8ger opm\u00e6rksomhed. Designet sikrer en varig appel i din detailkollektion, og inviterer til en fort\u00e6lling om kraft og legende udforskning.<\/li>\n\n\n\n<li>Detaljeret bodysuit-design: Den lang\u00e6rmede bodysuit med en dyb V-lynl\u00e5s giver et unikt og f\u00e6ngslende look. Det er et fremragende valg for detailhandlere, der \u00f8nsker at tilbyde en bred vifte af fantasifuld p\u00e5kl\u00e6dning.<\/li>\n\n\n\n<li>Omfattende tilbeh\u00f8rss\u00e6t: Fra den definerende politihat og h\u00e5ndjern til de stilfulde solbriller og netstr\u00f8mper, er hvert tilbeh\u00f8r i dette s\u00e6t n\u00f8je udvalgt for at l\u00f8fte det overordnede look og tilbyde kunderne en komplet kostumeoplevelse.<\/li>\n\n\n\n<li>Alsidigt ensemble: B\u00e6lteseler tilf\u00f8jer et strejf af alsidighed til ensemblet, og adskiller dette kostume og tilbyder flere stylingsmuligheder.<\/li>\n\n\n\n<li>Klar til engros: Skr\u00e6ddersyet til engros, er denne sexede politikvinde-uniform klar til at blive en bedst s\u00e6lgende genstand i din detailkollektion. Det er mere end blot et kostume; det legemligg\u00f8r fantasi og legende udforskning.<\/li>\n<\/ol>\n\n\n\n<p>Udvid din detailkollektion med vores engros sexet politikvinde-uniform, en perfekt blanding af autoritativ charme og moderne sensualitet. Det er et ideelt valg for detailhandlere, der tilbyder et mangfoldigt og fantasifuldt udvalg af p\u00e5kl\u00e6dning. Kontakt os for engrosforesp\u00f8rgsler og bring et strejf af lov og tiltr\u00e6kning til dit sortiment denne Halloween.<\/p>","protected":false},"excerpt":{"rendered":"<p>H\u00e5ndh\u00e6v tiltr\u00e6kning med vores engros Sexy Policewoman Uniform til Halloween. Denne lang\u00e6rmede bodysuit med dybe V-lynl\u00e5s kommer med forskelligt tilbeh\u00f8r, fra en politihat til h\u00e5ndjern. Et f\u00f8rsteklasses udvalg for detailhandlere, der sigter efter at tilbyde en blanding af autoritativ charme og moderne sensualitet.<\/p>","protected":false},"featured_media":45846,"template":"","meta":[],"product_brand":[],"product_cat":[974],"product_tag":[978],"class_list":{"0":"post-45841","1":"product","2":"type-product","3":"status-publish","4":"has-post-thumbnail","6":"product_cat-wholesale-sexy-costumes","7":"product_tag-policewoman-costume","8":"pa_color-black","9":"pa_size-free","11":"first","12":"instock","13":"taxable","14":"shipping-taxable","15":"purchasable","16":"product-type-variable"},"tiered_pricing_type":"fixed","tiered_pricing_fixed_rules":[],"tiered_pricing_product_settings":{"layout":"default","base_unit_name":{"singular":null,"plural":null},"default_variation":{}},"tiered_pricing_minimum_quantity":null,"tiered_pricing_roles_data":[],"tiered_pricing_percentage_rules":[],"tiered_pricing_maximum_quantity":null,"tiered_pricing_quantity_step":null,"_links":{"self":[{"href":"https:\/\/gretasexylingerie.com\/da\/wp-json\/wp\/v2\/product\/45841","targetHints":{"allow":["GET"]}}],"collection":[{"href":"https:\/\/gretasexylingerie.com\/da\/wp-json\/wp\/v2\/product"}],"about":[{"href":"https:\/\/gretasexylingerie.com\/da\/wp-json\/wp\/v2\/types\/product"}],"wp:featuredmedia":[{"embeddable":true,"href":"https:\/\/gretasexylingerie.com\/da\/wp-json\/wp\/v2\/media\/45846"}],"wp:attachment":[{"href":"https:\/\/gretasexylingerie.com\/da\/wp-json\/wp\/v2\/media?parent=45841"}],"wp:term":[{"taxonomy":"product_brand","embeddable":true,"href":"https:\/\/gretasexylingerie.com\/da\/wp-json\/wp\/v2\/product_brand?post=45841"},{"taxonomy":"product_cat","embeddable":true,"href":"https:\/\/gretasexylingerie.com\/da\/wp-json\/wp\/v2\/product_cat?post=45841"},{"taxonomy":"product_tag","embeddable":true,"href":"https:\/\/gretasexylingerie.com\/da\/wp-json\/wp\/v2\/product_tag?post=45841"}],"curies":[{"name":"wp","href":"https:\/\/api.w.org\/{rel}","templated":true}]}}