{"id":45826,"date":"2023-10-18T00:16:08","date_gmt":"2023-10-17T16:16:08","guid":{"rendered":"https:\/\/gretasexylingerie.com\/?post_type=product&#038;p=45826"},"modified":"2023-11-14T20:52:11","modified_gmt":"2023-11-14T12:52:11","slug":"engros-sexet-sygeplejerske-kostume-til-halloween-med-komplet-tilbehorssaet","status":"publish","type":"product","link":"https:\/\/gretasexylingerie.com\/da\/products\/wholesale-sexy-nurse-costume-for-halloween-with-complete-accessory-set\/","title":{"rendered":"Engros sexet sygeplejerske kostume til Halloween med komplet tilbeh\u00f8rss\u00e6t"},"content":{"rendered":"<ol class=\"wp-block-list\">\n<li>Medicinsk charme med et twist: Sexy Nurse-temaet fanger en medicinsk tiltr\u00e6kning med et sensuelt twist, hvilket g\u00f8r det til et f\u00e6ngslende valg for Halloween-entusiaster. De to-farvede muligheder sikrer alsidighed og en varig appel i din detailkollektion.<\/li>\n\n\n\n<li>Omfattende tilbeh\u00f8rss\u00e6t: Fra det definerende hovedb\u00e5nd og \u00f8restykke til de forf\u00f8rende netstr\u00f8mper og handsker, er hvert tilbeh\u00f8r i dette s\u00e6t n\u00f8je udvalgt for at l\u00f8fte det overordnede look og tilbyde kunderne en komplet kostumeoplevelse.<\/li>\n\n\n\n<li>Alsidige farvemuligheder: Kunder kan v\u00e6lge deres foretrukne stil med b\u00e5de sorte og hvide muligheder, hvilket sikrer en bredere appel og \u00f8get detailsalgspotentiale.<\/li>\n\n\n\n<li>Detaljeret ensemble: Inklusive str\u00f8mpeb\u00e5nd, str\u00f8mpeb\u00e5nd og et b\u00e6lte tilf\u00f8jer dybde til ensemblet, der adskiller dette kostume og tilbyder flere stylingsmuligheder.<\/li>\n\n\n\n<li>Klar til engros: Skr\u00e6ddersyet til engros, er dette sexede sygeplejerske kostume klar til at blive en bedst s\u00e6lgende genstand i din detailkollektion. Det er mere end blot et kostume; det legemligg\u00f8r fantasi og legende udforskning.<\/li>\n<\/ol>\n\n\n\n<p>Udvid din detailkollektion med vores engros sexet sygeplejerske kostume, en perfekt blanding af medicinsk charme og moderne sensualitet. Det er et ideelt valg for detailhandlere, der tilbyder et mangfoldigt og fantasifuldt udvalg af p\u00e5kl\u00e6dning. Kontakt os for engrosforesp\u00f8rgsler og indgyd en dosis lokke i dit sortiment denne Halloween.<\/p>\n\n\n\n<figure class=\"wp-block-embed is-type-video is-provider-youtube wp-block-embed-youtube wp-embed-aspect-4-3 wp-has-aspect-ratio\"><div class=\"wp-block-embed__wrapper\">\n<div class=\"video-container\"><iframe title=\"Engros sexet sygeplejerske kostume til Halloween med komplet tilbeh\u00f8rss\u00e6t\" width=\"1170\" height=\"878\" src=\"https:\/\/www.youtube.com\/embed\/-IC-flWHxrg?feature=oembed\" frameborder=\"0\" allow=\"accelerometer; autoplay; clipboard-write; encrypted-media; gyroscope; picture-in-picture; web-share\" allowfullscreen><\/iframe><\/div>\n<\/div><\/figure>","protected":false},"excerpt":{"rendered":"<p>Genopliv tillokkelsen med vores engros sexet sygeplejerske kostume til Halloween. Dette ensemble f\u00e5s i b\u00e5de sort og hvid og inkluderer en hip nederdel, bh og et v\u00e6ld af tilbeh\u00f8r. Et f\u00f8rsteklasses udvalg for detailhandlere, der sigter efter at tilbyde en blanding af medicinsk charme og moderne sensualitet.<\/p>\n<p><iframe width=\"840\" height=\"630\" src=\"https:\/\/www.youtube.com\/embed\/-IC-flWHxrg\" title=\"Engros sexet sygeplejerske kostume til Halloween med komplet tilbeh\u00f8rss\u00e6t\" frameborder=\"0\" allow=\"accelerometer; autoplay; clipboard-write; encrypted-media; gyroscope; picture-in-picture; web-share\" allowfullscreen><\/iframe><\/p>","protected":false},"featured_media":45837,"template":"","meta":[],"product_brand":[],"product_cat":[974],"product_tag":[984,989],"class_list":{"0":"post-45826","1":"product","2":"type-product","3":"status-publish","4":"has-post-thumbnail","6":"product_cat-wholesale-sexy-costumes","7":"product_tag-halloween-costumes","8":"product_tag-nurse-costume","9":"pa_color-black","10":"pa_color-white","11":"pa_size-free","13":"first","14":"instock","15":"taxable","16":"shipping-taxable","17":"purchasable","18":"product-type-variable"},"tiered_pricing_type":"fixed","tiered_pricing_fixed_rules":[],"tiered_pricing_product_settings":{"layout":"default","base_unit_name":{"singular":null,"plural":null},"default_variation":{}},"tiered_pricing_minimum_quantity":null,"tiered_pricing_roles_data":[],"tiered_pricing_percentage_rules":[],"tiered_pricing_maximum_quantity":null,"tiered_pricing_quantity_step":null,"_links":{"self":[{"href":"https:\/\/gretasexylingerie.com\/da\/wp-json\/wp\/v2\/product\/45826","targetHints":{"allow":["GET"]}}],"collection":[{"href":"https:\/\/gretasexylingerie.com\/da\/wp-json\/wp\/v2\/product"}],"about":[{"href":"https:\/\/gretasexylingerie.com\/da\/wp-json\/wp\/v2\/types\/product"}],"wp:featuredmedia":[{"embeddable":true,"href":"https:\/\/gretasexylingerie.com\/da\/wp-json\/wp\/v2\/media\/45837"}],"wp:attachment":[{"href":"https:\/\/gretasexylingerie.com\/da\/wp-json\/wp\/v2\/media?parent=45826"}],"wp:term":[{"taxonomy":"product_brand","embeddable":true,"href":"https:\/\/gretasexylingerie.com\/da\/wp-json\/wp\/v2\/product_brand?post=45826"},{"taxonomy":"product_cat","embeddable":true,"href":"https:\/\/gretasexylingerie.com\/da\/wp-json\/wp\/v2\/product_cat?post=45826"},{"taxonomy":"product_tag","embeddable":true,"href":"https:\/\/gretasexylingerie.com\/da\/wp-json\/wp\/v2\/product_tag?post=45826"}],"curies":[{"name":"wp","href":"https:\/\/api.w.org\/{rel}","templated":true}]}}