{"id":45816,"date":"2023-10-17T23:57:27","date_gmt":"2023-10-17T15:57:27","guid":{"rendered":"https:\/\/gretasexylingerie.com\/?post_type=product&#038;p=45816"},"modified":"2023-10-17T23:59:19","modified_gmt":"2023-10-17T15:59:19","slug":"engros-halloween-cos-uniform-med-se-gennem-bh-ensemble","status":"publish","type":"product","link":"https:\/\/gretasexylingerie.com\/da\/products\/wholesale-halloween-cos-uniform-with-see-through-bra-ensemble\/","title":{"rendered":"Engros Halloween Cos Uniform med gennemsigtig bh-ensemble"},"content":{"rendered":"<ol class=\"wp-block-list\">\n<li>Mystisk charme: Halloween Cos-temaet fanger en mystisk lokke, hvilket g\u00f8r det til et enest\u00e5ende valg for dem, der \u00f8nsker at omfavne Halloweens \u00e5nd. Designet sikrer en varig appel i din detailkollektion, og inviterer til en fort\u00e6lling om intriger og legende udforskning.<\/li>\n\n\n\n<li>Sensuel gennemsigtig bh: Det gennemsigtige bh-design tilf\u00f8jer et strejf af sensualitet og tilbyder et unikt og f\u00e6ngslende look. Det er et fremragende valg for detailhandlere, der \u00f8nsker at tilbyde en bred vifte af fantasifuld p\u00e5kl\u00e6dning.<\/li>\n\n\n\n<li>Komplet ensemble: Hvert stykke i dette s\u00e6t er omhyggeligt designet til at komplementere det overordnede look, fra netstr\u00f8mperne til den definerende l\u00e6derpisk. Ensemblet sikrer, at kunderne har alt, hvad de har brug for til et komplet Halloween-look.<\/li>\n\n\n\n<li>Alsidigt tilbeh\u00f8r: R\u00f8de str\u00f8mpeb\u00e5nd og en l\u00e6derpisk tilf\u00f8jer et strejf af kant til ensemblet, hvilket adskiller dette kostume og tilbyder flere stylingmuligheder.<\/li>\n\n\n\n<li>Engrosklar: Med fokus p\u00e5 engros er denne Halloween Cos Uniform klar til at blive en hot-s\u00e6lger genstand i din detailkollektion. Det er mere end blot et kostume; det er en invitation til et rige af fantasi og legende udforskning.<\/li>\n<\/ol>\n\n\n\n<p>Udvid din detailkollektion med vores Wholesale Halloween Cos Uniform, en perfekt blanding af mystisk charme og moderne elegance. Det er et ideelt valg for detailhandlere, der tilbyder et mangfoldigt og fantasifuldt udvalg af p\u00e5kl\u00e6dning. Kontakt os for engrosforesp\u00f8rgsler og tilf\u00f8j et strejf af g\u00e5defuld elegance til dit sortiment denne Halloween.<\/p>","protected":false},"excerpt":{"rendered":"<p>Tr\u00e6d ind i et rige af tiltr\u00e6kning med vores engros Halloween Cos Uniform. Dette ensemble, der har en gennemsigtig bh, suppleres af en top, nederdel, T-bukser, netstr\u00f8mper, r\u00f8de str\u00f8mpeb\u00e5nd og en l\u00e6derpisk. Et f\u00f8rsteklasses udvalg for detailhandlere, der sigter efter at tilbyde en blanding af mystisk charme og moderne sensualitet.<\/p>","protected":false},"featured_media":45821,"template":"","meta":[],"product_brand":[],"product_cat":[974],"product_tag":[984],"class_list":{"0":"post-45816","1":"product","2":"type-product","3":"status-publish","4":"has-post-thumbnail","6":"product_cat-wholesale-sexy-costumes","7":"product_tag-halloween-costumes","8":"pa_color-red-women-sexy-lingerie","9":"pa_size-free","11":"first","12":"instock","13":"taxable","14":"shipping-taxable","15":"purchasable","16":"product-type-variable"},"tiered_pricing_type":"fixed","tiered_pricing_fixed_rules":[],"tiered_pricing_product_settings":{"layout":"default","base_unit_name":{"singular":null,"plural":null},"default_variation":{}},"tiered_pricing_minimum_quantity":null,"tiered_pricing_roles_data":[],"tiered_pricing_percentage_rules":[],"tiered_pricing_maximum_quantity":null,"tiered_pricing_quantity_step":null,"_links":{"self":[{"href":"https:\/\/gretasexylingerie.com\/da\/wp-json\/wp\/v2\/product\/45816","targetHints":{"allow":["GET"]}}],"collection":[{"href":"https:\/\/gretasexylingerie.com\/da\/wp-json\/wp\/v2\/product"}],"about":[{"href":"https:\/\/gretasexylingerie.com\/da\/wp-json\/wp\/v2\/types\/product"}],"wp:featuredmedia":[{"embeddable":true,"href":"https:\/\/gretasexylingerie.com\/da\/wp-json\/wp\/v2\/media\/45821"}],"wp:attachment":[{"href":"https:\/\/gretasexylingerie.com\/da\/wp-json\/wp\/v2\/media?parent=45816"}],"wp:term":[{"taxonomy":"product_brand","embeddable":true,"href":"https:\/\/gretasexylingerie.com\/da\/wp-json\/wp\/v2\/product_brand?post=45816"},{"taxonomy":"product_cat","embeddable":true,"href":"https:\/\/gretasexylingerie.com\/da\/wp-json\/wp\/v2\/product_cat?post=45816"},{"taxonomy":"product_tag","embeddable":true,"href":"https:\/\/gretasexylingerie.com\/da\/wp-json\/wp\/v2\/product_tag?post=45816"}],"curies":[{"name":"wp","href":"https:\/\/api.w.org\/{rel}","templated":true}]}}