{"id":45806,"date":"2023-10-17T23:33:14","date_gmt":"2023-10-17T15:33:14","guid":{"rendered":"https:\/\/gretasexylingerie.com\/?post_type=product&#038;p=45806"},"modified":"2023-10-17T23:34:29","modified_gmt":"2023-10-17T15:34:29","slug":"engros-halloween-sexet-nonnekostume-med-abent-bh-design","status":"publish","type":"product","link":"https:\/\/gretasexylingerie.com\/da\/products\/wholesale-halloween-sexy-nun-costume-with-open-bra-design\/","title":{"rendered":"Engros Halloween sexet nonnekostume med \u00e5ben bh-design"},"content":{"rendered":"<ol class=\"wp-block-list\">\n<li>Sacred Allure: Nonne-temaet fanger en hellig tiltr\u00e6kning, hvilket g\u00f8r det til et unikt valg for dem, der s\u00f8ger en blanding af \u00e6rb\u00f8dighed og sensualitet. Designet sikrer en varig appel i din detailkollektion, og inviterer til en fort\u00e6lling om guddommelig fantasi og legende udforskning.<\/li>\n\n\n\n<li>Sensuel \u00e5ben bh-design: Det \u00e5bne bh-design tilf\u00f8jer et moderne twist til det traditionelle nonne-tema og tilbyder et unikt og f\u00e6ngslende look. Det er et fremragende valg for detailhandlere, der \u00f8nsker at tilbyde en bred vifte af fantasifuld p\u00e5kl\u00e6dning.<\/li>\n\n\n\n<li>Komplet ensemble: Hvert stykke i dette s\u00e6t er omhyggeligt designet til at komplementere det overordnede look, fra det beskedne sl\u00f8r til de definerende \u00e6rmer. Ensemblet sikrer, at kunderne har alt, hvad de beh\u00f8ver for et helligt udseende.<\/li>\n\n\n\n<li>Halloween-klar: Dette sexede nonnekostume, der er lavet specielt til Halloween-cosplay, inviterer slutforbrugere til at dykke ned i deres fantasier. Det er et glimrende valg for detailhandlere, der \u00f8nsker at levere mangfoldig, fantasifuld p\u00e5kl\u00e6dning til den uhyggelige s\u00e6son.<\/li>\n\n\n\n<li>Klar til engros: Med fokus p\u00e5 engros, er denne sexede nonne Halloween Cosplay klar til at blive en hot-s\u00e6lger genstand i din detailkollektion. Det er mere end blot et kostume; det er en invitation til et rige af fantasi og legende udforskning.<\/li>\n<\/ol>\n\n\n\n<p>Udvid din detailkollektion med vores Wholesale Sexy Nun Halloween Cosplay, en perfekt blanding af hellig charme og moderne sensualitet. Det er et ideelt valg for detailhandlere, der tilbyder et mangfoldigt og fantasifuldt udvalg af p\u00e5kl\u00e6dning. Kontakt os for engrosforesp\u00f8rgsler og tilf\u00f8j et strejf af guddommelig elegance til dit sortiment denne Halloween.<\/p>","protected":false},"excerpt":{"rendered":"<p>Dyk ned i guddommelig fristelse med vores engros Sexy Nun Halloween Cosplay. Med et \u00e5bent bh-design er dette ensemble komplet med en nederdel, sl\u00f8r og \u00e6rmer. Et f\u00f8rsteklasses udvalg for detailhandlere, der sigter efter at tilbyde en blanding af hellig tiltr\u00e6kning og moderne sensualitet.<\/p>","protected":false},"featured_media":45811,"template":"","meta":[],"product_brand":[],"product_cat":[974],"product_tag":[992],"class_list":{"0":"post-45806","1":"product","2":"type-product","3":"status-publish","4":"has-post-thumbnail","6":"product_cat-wholesale-sexy-costumes","7":"product_tag-nun-costume","8":"pa_color-black","9":"pa_size-free","11":"first","12":"instock","13":"taxable","14":"shipping-taxable","15":"purchasable","16":"product-type-variable"},"tiered_pricing_type":"fixed","tiered_pricing_fixed_rules":[],"tiered_pricing_product_settings":{"layout":"default","base_unit_name":{"singular":null,"plural":null},"default_variation":{}},"tiered_pricing_minimum_quantity":null,"tiered_pricing_roles_data":[],"tiered_pricing_percentage_rules":[],"tiered_pricing_maximum_quantity":null,"tiered_pricing_quantity_step":null,"_links":{"self":[{"href":"https:\/\/gretasexylingerie.com\/da\/wp-json\/wp\/v2\/product\/45806","targetHints":{"allow":["GET"]}}],"collection":[{"href":"https:\/\/gretasexylingerie.com\/da\/wp-json\/wp\/v2\/product"}],"about":[{"href":"https:\/\/gretasexylingerie.com\/da\/wp-json\/wp\/v2\/types\/product"}],"wp:featuredmedia":[{"embeddable":true,"href":"https:\/\/gretasexylingerie.com\/da\/wp-json\/wp\/v2\/media\/45811"}],"wp:attachment":[{"href":"https:\/\/gretasexylingerie.com\/da\/wp-json\/wp\/v2\/media?parent=45806"}],"wp:term":[{"taxonomy":"product_brand","embeddable":true,"href":"https:\/\/gretasexylingerie.com\/da\/wp-json\/wp\/v2\/product_brand?post=45806"},{"taxonomy":"product_cat","embeddable":true,"href":"https:\/\/gretasexylingerie.com\/da\/wp-json\/wp\/v2\/product_cat?post=45806"},{"taxonomy":"product_tag","embeddable":true,"href":"https:\/\/gretasexylingerie.com\/da\/wp-json\/wp\/v2\/product_tag?post=45806"}],"curies":[{"name":"wp","href":"https:\/\/api.w.org\/{rel}","templated":true}]}}