{"id":45734,"date":"2023-10-17T00:09:39","date_gmt":"2023-10-16T16:09:39","guid":{"rendered":"https:\/\/gretasexylingerie.com\/?post_type=product&#038;p=45734"},"modified":"2023-10-17T00:17:08","modified_gmt":"2023-10-16T16:17:08","slug":"engros-sexet-sort-mesh-bodysuit-med-rod-binding-stil","status":"publish","type":"product","link":"https:\/\/gretasexylingerie.com\/da\/products\/wholesale-sexy-black-mesh-bodysuit-with-red-binding-style\/","title":{"rendered":"Engros sexet sort mesh bodysuit med r\u00f8d bindestil"},"content":{"rendered":"<ol class=\"wp-block-list\">\n<li>Mystisk charme: Den bindende stil indfanger en mystisk tiltr\u00e6kning, hvilket g\u00f8r den til et f\u00e6ngslende valg for dem, der s\u00f8ger et edgy look. Designet sikrer en varig appel i din detailkollektion, og inviterer til en fort\u00e6lling om mystik og legende udforskning.<\/li>\n\n\n\n<li>Sensuelt sort mesh-design: Det sorte mesh tilf\u00f8jer ikke kun en moderne kant, men tilbyder ogs\u00e5 en flatterende silhuet, hvilket g\u00f8r det til et \u00f8nskeligt valg for mange kunder. Det er et fremragende valg for detailhandlere, der \u00f8nsker at tilbyde en bred vifte af fantasifuld p\u00e5kl\u00e6dning.<\/li>\n\n\n\n<li>Edgy Red Binding Rope: Det r\u00f8de bindende reb tilf\u00f8jer et fedt touch til ensemblet og forst\u00e6rker det centrale tema. Det er en i\u00f8jnefaldende funktion, der adskiller denne bodysuit, hvilket g\u00f8r den til en unik tilf\u00f8jelse til din detailkollektion.<\/li>\n\n\n\n<li>Lokkende hovedbekl\u00e6dningstilbeh\u00f8r: Den medf\u00f8lgende sexede hovedbekl\u00e6dning komplementerer bodyen og tilf\u00f8jer et ekstra lag af charme. Denne unikke funktion adskiller dette kostume, hvilket g\u00f8r det til en fantastisk tilf\u00f8jelse til din detailkollektion.<\/li>\n\n\n\n<li>Klar til engros: Med fokus p\u00e5 engros, er denne sexede sorte mesh-bodysuit klar til at blive et hot-s\u00e6lgende element i din detailkollektion. Det er mere end blot et kostume; det er en invitation til et rige af fantasi og legende udforskning.<\/li>\n<\/ol>\n\n\n\n<p>Udvid din detailkollektion med vores Wholesale Sexy Black Mesh Bodysuit, en perfekt blanding af mystisk charme og moderne elegance. Det er et ideelt valg for detailhandlere, der tilbyder et mangfoldigt og fantasifuldt udvalg af p\u00e5kl\u00e6dning. Kontakt os for engrosforesp\u00f8rgsler og tilf\u00f8j et strejf af edgy elegance til dit sortiment i dag.<\/p>","protected":false},"excerpt":{"rendered":"<p>Dyk ned i tiltr\u00e6kningskraften med vores engros Sexy Black Mesh Bodysuit. Designet i en bindende stil med et r\u00f8dt bindereb og ledsaget af en sexet hovedbekl\u00e6dning, denne bodysuit legemligg\u00f8r en blanding af mystisk charme og moderne sensualitet. Et f\u00f8rsteklasses udvalg til detailhandlere, der \u00f8nsker at tilbyde en kombination af edgy allure og moderne elegance.<\/p>","protected":false},"featured_media":45742,"template":"","meta":[],"product_brand":[],"product_cat":[370,367,373],"product_tag":[],"class_list":{"0":"post-45734","1":"product","2":"type-product","3":"status-publish","4":"has-post-thumbnail","6":"product_cat-bodysuit","7":"product_cat-sexy-lingerie","8":"product_cat-wholesale-sexy-mesh-bodysuit","9":"pa_color-black","10":"pa_size-free","12":"first","13":"instock","14":"taxable","15":"shipping-taxable","16":"purchasable","17":"product-type-variable"},"tiered_pricing_type":"fixed","tiered_pricing_fixed_rules":[],"tiered_pricing_product_settings":{"layout":"default","base_unit_name":{"singular":null,"plural":null},"default_variation":{}},"tiered_pricing_minimum_quantity":null,"tiered_pricing_roles_data":[],"tiered_pricing_percentage_rules":[],"tiered_pricing_maximum_quantity":null,"tiered_pricing_quantity_step":null,"_links":{"self":[{"href":"https:\/\/gretasexylingerie.com\/da\/wp-json\/wp\/v2\/product\/45734","targetHints":{"allow":["GET"]}}],"collection":[{"href":"https:\/\/gretasexylingerie.com\/da\/wp-json\/wp\/v2\/product"}],"about":[{"href":"https:\/\/gretasexylingerie.com\/da\/wp-json\/wp\/v2\/types\/product"}],"wp:featuredmedia":[{"embeddable":true,"href":"https:\/\/gretasexylingerie.com\/da\/wp-json\/wp\/v2\/media\/45742"}],"wp:attachment":[{"href":"https:\/\/gretasexylingerie.com\/da\/wp-json\/wp\/v2\/media?parent=45734"}],"wp:term":[{"taxonomy":"product_brand","embeddable":true,"href":"https:\/\/gretasexylingerie.com\/da\/wp-json\/wp\/v2\/product_brand?post=45734"},{"taxonomy":"product_cat","embeddable":true,"href":"https:\/\/gretasexylingerie.com\/da\/wp-json\/wp\/v2\/product_cat?post=45734"},{"taxonomy":"product_tag","embeddable":true,"href":"https:\/\/gretasexylingerie.com\/da\/wp-json\/wp\/v2\/product_tag?post=45734"}],"curies":[{"name":"wp","href":"https:\/\/api.w.org\/{rel}","templated":true}]}}