{"id":45725,"date":"2023-10-16T23:55:47","date_gmt":"2023-10-16T15:55:47","guid":{"rendered":"https:\/\/gretasexylingerie.com\/?post_type=product&#038;p=45725"},"modified":"2023-10-16T23:56:08","modified_gmt":"2023-10-16T15:56:08","slug":"engros-sexet-julekostume-bh-saet-med-gevir-hovedbeklaedning","status":"publish","type":"product","link":"https:\/\/gretasexylingerie.com\/da\/products\/wholesale-sexy-christmas-costume-bra-set-with-antler-headdress\/","title":{"rendered":"Engros sexet julekostume bh s\u00e6t med gevir hovedbekl\u00e6dning"},"content":{"rendered":"<ol class=\"wp-block-list\">\n<li>Festlig feriecharme: Juletemaet fanger en festlig feriecharme, hvilket g\u00f8r det til et dejligt valg for dem, der \u00f8nsker at fejre det med stil. Den legende \u00e6stetik sikrer en varig appel i din detailkollektion, der inviterer til en fort\u00e6lling om feriefantasi og aktiv udforskning.<\/li>\n\n\n\n<li>Sensuelt hvidt plysdesign: Det hvide plys tilf\u00f8jer et bl\u00f8dt touch og tilbyder en flatterende silhuet, hvilket g\u00f8r det til et \u00f8nskeligt valg for en bred vifte af kunder. Det er et fremragende valg for detailhandlere, der \u00f8nsker at tilbyde en bred vifte af fantasifuld p\u00e5kl\u00e6dning.<\/li>\n\n\n\n<li>Unik gevirhovedbekl\u00e6dning: Gevirhovedbekl\u00e6dningen tilf\u00f8jer et unikt touch til ensemblet og forst\u00e6rker juletemaet. Denne enest\u00e5ende funktion adskiller dette kostume, hvilket g\u00f8r det til en fantastisk tilf\u00f8jelse til din detailkollektion.<\/li>\n\n\n\n<li>Vibrant Colorful Trim: Den farverige trim tilf\u00f8jer et festligt pr\u00e6g til ensemblet og forst\u00e6rker ferie\u00e5nden. Denne unikke funktion adskiller dette kostume, hvilket g\u00f8r det til en fantastisk tilf\u00f8jelse til din detailkollektion.<\/li>\n\n\n\n<li>Klar til engros: Med fokus p\u00e5 engros, er dette sexede julekostume-bh-s\u00e6t klar til at blive en popul\u00e6r vare i din detailkollektion. Det er mere end blot et kostume; det er en invitation til et rige af fantasi og legende udforskning.<\/li>\n<\/ol>\n\n\n\n<p>Udvid din detailkollektion med vores sexede julekostume-bh-s\u00e6t, en perfekt blanding af feriecharme og moderne elegance. Det er et ideelt valg for detailhandlere, der tilbyder et mangfoldigt og fantasifuldt udvalg af p\u00e5kl\u00e6dning. Kontakt os for engrosforesp\u00f8rgsler og tilf\u00f8j et strejf af festlig elegance til dit sortiment i dag.<\/p>","protected":false},"excerpt":{"rendered":"<p>Tr\u00e6d ind i den festlige stemning med vores sexede julekostume-bh-s\u00e6t engros. Dette s\u00e6t er udsmykket med hvidt plys, en hovedbekl\u00e6dning med gevir og farverige trim, og legemligg\u00f8r feriecharme og moderne sensualitet. Et f\u00f8rsteklasses udvalg for detailhandlere, der sigter efter at tilbyde en blanding af festlig charme og moderne elegance.<\/p>","protected":false},"featured_media":45733,"template":"","meta":[],"product_brand":[],"product_cat":[368,974,367],"product_tag":[964,984],"class_list":{"0":"post-45725","1":"product","2":"type-product","3":"status-publish","4":"has-post-thumbnail","6":"product_cat-bra-panty-set","7":"product_cat-wholesale-sexy-costumes","8":"product_cat-sexy-lingerie","9":"product_tag-christmas-lingerie","10":"product_tag-halloween-costumes","11":"pa_color-white","12":"pa_size-free","14":"first","15":"instock","16":"taxable","17":"shipping-taxable","18":"purchasable","19":"product-type-variable"},"tiered_pricing_type":"fixed","tiered_pricing_fixed_rules":[],"tiered_pricing_product_settings":{"layout":"default","base_unit_name":{"singular":null,"plural":null},"default_variation":null},"tiered_pricing_minimum_quantity":null,"tiered_pricing_roles_data":[],"tiered_pricing_percentage_rules":[],"tiered_pricing_maximum_quantity":null,"tiered_pricing_quantity_step":null,"_links":{"self":[{"href":"https:\/\/gretasexylingerie.com\/da\/wp-json\/wp\/v2\/product\/45725","targetHints":{"allow":["GET"]}}],"collection":[{"href":"https:\/\/gretasexylingerie.com\/da\/wp-json\/wp\/v2\/product"}],"about":[{"href":"https:\/\/gretasexylingerie.com\/da\/wp-json\/wp\/v2\/types\/product"}],"wp:featuredmedia":[{"embeddable":true,"href":"https:\/\/gretasexylingerie.com\/da\/wp-json\/wp\/v2\/media\/45733"}],"wp:attachment":[{"href":"https:\/\/gretasexylingerie.com\/da\/wp-json\/wp\/v2\/media?parent=45725"}],"wp:term":[{"taxonomy":"product_brand","embeddable":true,"href":"https:\/\/gretasexylingerie.com\/da\/wp-json\/wp\/v2\/product_brand?post=45725"},{"taxonomy":"product_cat","embeddable":true,"href":"https:\/\/gretasexylingerie.com\/da\/wp-json\/wp\/v2\/product_cat?post=45725"},{"taxonomy":"product_tag","embeddable":true,"href":"https:\/\/gretasexylingerie.com\/da\/wp-json\/wp\/v2\/product_tag?post=45725"}],"curies":[{"name":"wp","href":"https:\/\/api.w.org\/{rel}","templated":true}]}}