{"id":45702,"date":"2023-10-16T22:42:48","date_gmt":"2023-10-16T14:42:48","guid":{"rendered":"https:\/\/gretasexylingerie.com\/?post_type=product&#038;p=45702"},"modified":"2023-10-16T22:44:00","modified_gmt":"2023-10-16T14:44:00","slug":"engros-sexet-metal-rock-stil-bar-kostumer-saet","status":"publish","type":"product","link":"https:\/\/gretasexylingerie.com\/da\/products\/wholesale-sexy-metal-rock-style-bar-costumes-set\/","title":{"rendered":"Engros sexet metal rock stil bar kostumer s\u00e6t"},"content":{"rendered":"<ol class=\"wp-block-list\">\n<li>Rebelsk Heavy Metal-tema: Heavy metal-rockstil tilbyder en sl\u00e5ende visuel \u00e6stetik med fed, trodsig \u00e6stetik, hvilket g\u00f8r det til en sp\u00e6ndende mulighed for eventyrlystne sj\u00e6le. Disse i\u00f8jnefaldende designs giver et slagkraftigt udtryk for opr\u00f8rsk charme og legende udforskning i din detailkollektion.<\/li>\n\n\n\n<li>Sensuelle l\u00e6der- og metalk\u00e6der: L\u00e6der- og metalk\u00e6der tilf\u00f8jer modernitet og smiger, hvilket g\u00f8r dem til popul\u00e6re valg blandt kunder i forskellige aldre og k\u00f8n. Forhandlere, der \u00f8nsker at diversificere deres produktudvalg, kan drage fordel af at tilbyde disse stykker som en del af et eklektisk sortiment.<\/li>\n\n\n\n<li>Pr\u00e6stationsklar til natklub- og barforestillinger: Dette sexede kostume, der er lavet til natklub- og barforestillinger, opfordrer forbrugerne til at fork\u00e6le og udforske deres fantasier frit. Et fremragende valg for detailhandlere, der \u00f8nsker at levere fantasifuld p\u00e5kl\u00e6dning til nattelivet!<\/li>\n\n\n\n<li>Edgy bh og trusses\u00e6t: Dette bh og trusses\u00e6t tilf\u00f8jer en kant til ethvert ensemble, tilf\u00f8jer dets heavy metal-tema og f\u00e5r dette kostume til at skille sig ud fra andre i din detailkollektion. Det g\u00f8r et fantastisk detailaktiv.<\/li>\n\n\n\n<li>Mulighed for engroshandel: Dette sexede natklubundert\u00f8j er skabt specifikt med engrossalg i tankerne og kan blive en \u00f8jeblikkelig bestseller i din detailkollektion. Mere end blot et outfit, dette stykke \u00e5bner d\u00f8rene til en fantasifuld verden fuld af fantasi og legende udforskning.<\/li>\n<\/ol>\n\n\n\n<p>Udvid din detailkollektion med Wholesale Sexy Nightclub Lingeri fra os \u2013 en uds\u00f8gt kombination af opr\u00f8rsk charme og moderne elegance! Ideel til detailhandlere, der s\u00f8ger at give kunderne et eklektisk og fantasifuldt udvalg af p\u00e5kl\u00e6dning. For engrosforesp\u00f8rgsler, kontakt os og bring noget skarp elegance ind i din samling i dag.<\/p>","protected":false},"excerpt":{"rendered":"<p>Slip din rebelliske tiltr\u00e6kning l\u00f8s med vores engros Sexy Natklub Lingeri. Perfekt til barkostumer, denne heavy metal-rock-stil byder p\u00e5 l\u00e6der- og metalk\u00e6de-bh og trusses\u00e6t med opr\u00f8rsk charme og moderne sensualitet legemliggjort af l\u00e6derremme og metalk\u00e6der \u2013 hvilket skaber den perfekte blanding mellem opr\u00f8rskhed og moderne sensualitet!<\/p>","protected":false},"featured_media":45708,"template":"","meta":[],"product_brand":[],"product_cat":[368,367,376],"product_tag":[],"class_list":{"0":"post-45702","1":"product","2":"type-product","3":"status-publish","4":"has-post-thumbnail","6":"product_cat-bra-panty-set","7":"product_cat-sexy-lingerie","8":"product_cat-wholesale-ultra-sexy-bra-panty-set","9":"pa_color-black","10":"pa_size-free","12":"first","13":"instock","14":"taxable","15":"shipping-taxable","16":"purchasable","17":"product-type-variable"},"tiered_pricing_type":"fixed","tiered_pricing_fixed_rules":[],"tiered_pricing_product_settings":{"layout":"default","base_unit_name":{"singular":null,"plural":null},"default_variation":{}},"tiered_pricing_minimum_quantity":null,"tiered_pricing_roles_data":[],"tiered_pricing_percentage_rules":[],"tiered_pricing_maximum_quantity":null,"tiered_pricing_quantity_step":null,"_links":{"self":[{"href":"https:\/\/gretasexylingerie.com\/da\/wp-json\/wp\/v2\/product\/45702","targetHints":{"allow":["GET"]}}],"collection":[{"href":"https:\/\/gretasexylingerie.com\/da\/wp-json\/wp\/v2\/product"}],"about":[{"href":"https:\/\/gretasexylingerie.com\/da\/wp-json\/wp\/v2\/types\/product"}],"wp:featuredmedia":[{"embeddable":true,"href":"https:\/\/gretasexylingerie.com\/da\/wp-json\/wp\/v2\/media\/45708"}],"wp:attachment":[{"href":"https:\/\/gretasexylingerie.com\/da\/wp-json\/wp\/v2\/media?parent=45702"}],"wp:term":[{"taxonomy":"product_brand","embeddable":true,"href":"https:\/\/gretasexylingerie.com\/da\/wp-json\/wp\/v2\/product_brand?post=45702"},{"taxonomy":"product_cat","embeddable":true,"href":"https:\/\/gretasexylingerie.com\/da\/wp-json\/wp\/v2\/product_cat?post=45702"},{"taxonomy":"product_tag","embeddable":true,"href":"https:\/\/gretasexylingerie.com\/da\/wp-json\/wp\/v2\/product_tag?post=45702"}],"curies":[{"name":"wp","href":"https:\/\/api.w.org\/{rel}","templated":true}]}}