{"id":45691,"date":"2023-10-16T22:27:01","date_gmt":"2023-10-16T14:27:01","guid":{"rendered":"https:\/\/gretasexylingerie.com\/?post_type=product&#038;p=45691"},"modified":"2023-10-16T22:28:29","modified_gmt":"2023-10-16T14:28:29","slug":"engros-sexet-fristelse-ryglos-hvid-bodysuit","status":"publish","type":"product","link":"https:\/\/gretasexylingerie.com\/da\/products\/wholesale-sexy-temptation-backless-white-bodysuit\/","title":{"rendered":"Engros Sexy Temptation Rygl\u00f8s hvid bodysuit"},"content":{"rendered":"<ol class=\"wp-block-list\">\n<li>Klassisk hvid elegance: Hvide farveskemaer fanger klassisk elegance, hvilket g\u00f8r dem til tidl\u00f8se valg for kunder, der s\u00e6tter pris p\u00e5 kvalitetsdesign. Deres rene \u00e6stetik sikrer varig appel til detailkollektioner, mens de skaber en historie om renhed og moderne sofistikering.<\/li>\n\n\n\n<li>Sexet gennemsigtig tiltr\u00e6kning: Dette gennemsigtige design tilf\u00f8jer modernitet og er meget flatterende p\u00e5 de fleste kropstyper - hvilket g\u00f8r det tiltalende for kunder p\u00e5 tv\u00e6rs af alders- og st\u00f8rrelsesintervaller. Da detailhandlere s\u00f8ger at tilbyde forskellige tilbud til kundernes t\u00f8jbehov, kan dette gennemsigtige look give masser af variation!<\/li>\n\n\n\n<li>Elastisk b\u00e5ndmateriale: Vores elastiske b\u00e5ndmateriale sikrer en behagelig, men sexet pasform, hvilket viser vores forpligtelse til at tilbyde engrosprodukter uden at g\u00e5 p\u00e5 kompromis med kvalitet eller komfort.<\/li>\n\n\n\n<li>Rygl\u00f8s grimedesign: Denne bodysuits rygl\u00f8se grimedesign udstr\u00e5ler moderne elegance, mens den forbliver sanselig, hvilket g\u00f8r den til en fremtr\u00e6dende funktion i din detailkollektion.<\/li>\n\n\n\n<li>Engrosklar: Den hvide bodysuit er skabt specifikt med engrossalg i tankerne og er essentiel i enhver detailkollektion. Ud over blot et kostume giver denne bodysuit adgang til en fantasifuld verden af magisk og sjov udforskning!<\/li>\n<\/ol>\n\n\n\n<p>Lav en effektfuld erkl\u00e6ring i din detailkollektion med vores Wholesale White Bodysuit, en uds\u00f8gt kombination af klassisk charme og moderne sofistikering. Perfekt til detailhandlere, der \u00f8nsker at tilbyde forskellige t\u00f8jvalg. Tag fat i dag med alle engrosforesp\u00f8rgsler for yderligere legende elegance i dit sortiment.<\/p>","protected":false},"excerpt":{"rendered":"<p>vores hvide bodysuit til engrossalg er perfekt til detailhandlere, der \u00f8nsker at kombinere klassisk charme og moderne sensualitet i \u00e9n produktlinje. Dets forf\u00f8rende gennemsigtige materiale passer godt sammen med elastisk b\u00e5ndmateriale og rygl\u00f8st grimedesign for moderne allure, hvilket skaber en mindev\u00e6rdig shoppingoplevelse.<\/p>","protected":false},"featured_media":45700,"template":"","meta":[],"product_brand":[],"product_cat":[370,379,367],"product_tag":[],"class_list":{"0":"post-45691","1":"product","2":"type-product","3":"status-publish","4":"has-post-thumbnail","6":"product_cat-bodysuit","7":"product_cat-wholesale-harness-bodysuit","8":"product_cat-sexy-lingerie","9":"pa_color-white","10":"pa_size-free","12":"first","13":"instock","14":"taxable","15":"shipping-taxable","16":"purchasable","17":"product-type-variable"},"tiered_pricing_type":"fixed","tiered_pricing_fixed_rules":[],"tiered_pricing_product_settings":{"layout":"default","base_unit_name":{"singular":null,"plural":null},"default_variation":{}},"tiered_pricing_minimum_quantity":null,"tiered_pricing_roles_data":[],"tiered_pricing_percentage_rules":[],"tiered_pricing_maximum_quantity":null,"tiered_pricing_quantity_step":null,"_links":{"self":[{"href":"https:\/\/gretasexylingerie.com\/da\/wp-json\/wp\/v2\/product\/45691","targetHints":{"allow":["GET"]}}],"collection":[{"href":"https:\/\/gretasexylingerie.com\/da\/wp-json\/wp\/v2\/product"}],"about":[{"href":"https:\/\/gretasexylingerie.com\/da\/wp-json\/wp\/v2\/types\/product"}],"wp:featuredmedia":[{"embeddable":true,"href":"https:\/\/gretasexylingerie.com\/da\/wp-json\/wp\/v2\/media\/45700"}],"wp:attachment":[{"href":"https:\/\/gretasexylingerie.com\/da\/wp-json\/wp\/v2\/media?parent=45691"}],"wp:term":[{"taxonomy":"product_brand","embeddable":true,"href":"https:\/\/gretasexylingerie.com\/da\/wp-json\/wp\/v2\/product_brand?post=45691"},{"taxonomy":"product_cat","embeddable":true,"href":"https:\/\/gretasexylingerie.com\/da\/wp-json\/wp\/v2\/product_cat?post=45691"},{"taxonomy":"product_tag","embeddable":true,"href":"https:\/\/gretasexylingerie.com\/da\/wp-json\/wp\/v2\/product_tag?post=45691"}],"curies":[{"name":"wp","href":"https:\/\/api.w.org\/{rel}","templated":true}]}}