{"id":45620,"date":"2023-10-15T23:53:06","date_gmt":"2023-10-15T15:53:06","guid":{"rendered":"https:\/\/gretasexylingerie.com\/?post_type=product&#038;p=45620"},"modified":"2023-10-22T22:56:47","modified_gmt":"2023-10-22T14:56:47","slug":"engros-stramme-sexet-sygeplejerske-halloween-cosplay-saet","status":"publish","type":"product","link":"https:\/\/gretasexylingerie.com\/da\/products\/wholesale-tight-sexy-nurse-halloween-cosplay-set\/","title":{"rendered":"Engros stramme sexet sygeplejerske Halloween Cosplay s\u00e6t"},"content":{"rendered":"<ol class=\"wp-block-list\">\n<li>Lokkende Nurse Cosplay: Nurse Cosplay har en uimodst\u00e5elig fristende tiltr\u00e6kning, hvilket g\u00f8r det til en sp\u00e6ndende mulighed for eventyrlystne \u00e5nder. Den finurlige \u00e6stetik sikrer varig appel i din detailkollektion, mens den inviterer til en fort\u00e6lling om medicinsk fantasi og legende udforskning.<\/li>\n\n\n\n<li>Sensuel stram pasform: Stram pasform er popul\u00e6rt foretrukket blandt kunder p\u00e5 grund af deres sensualitet og flatterende silhuet, hvilket g\u00f8r dem til eftertragtede valg blandt forhandlere, der \u00f8nsker at tilbyde en bred vifte af forskellige p\u00e5kl\u00e6dningsmuligheder.<\/li>\n\n\n\n<li>Halloween-klar: Skabt specielt til Halloween cosplay, dette sygeplejerske kostume giver slutforbrugere mulighed for at udforske deres fantasi. Forhandlere, der leder efter unikke bekl\u00e6dningsmuligheder i denne uhyggelige s\u00e6son, b\u00f8r bestemt tage det til efterretning!<\/li>\n\n\n\n<li>Rollespil tredelt s\u00e6t: Dette omfattende s\u00e6t i tre dele tilbyder alt, hvad du har brug for til enhver legende lejlighed, hvilket g\u00f8r shoppingoplevelser bedre for kunderne. Detailhandlere, der tilbyder disse omfattende ensembler, vil finde dem ekstremt v\u00e6rdifulde, n\u00e5r de \u00f8nsker at forbedre kundeoplevelsen gennem detailsalg af disse ensembler.<\/li>\n\n\n\n<li>Engrosklar: Med engrossalg i tankerne er dette forf\u00f8rende sygeplejerskekostume klar til at blive et utroligt hit i din detailkollektion. Mere end blot et tilbeh\u00f8r; denne p\u00e5kl\u00e6dning inviterer til fantasi og legende udforskning.<\/li>\n<\/ol>\n\n\n\n<p><font style=\"vertical-align: inherit;\"><font style=\"vertical-align: inherit;\">\u6211\u4eec\u7684\u6279\u53d1\u7d27\u8eab\u6027\u611f\u62a4\u58eb\u670d\u88c5\u662f\u533b\u7597\u9b45\u529b\u4e0e\u73b0\u4ee3\u4f18\u96c5\u7684\u5b8c\u7f8e\u7ed3\u5408\uff0c\u4e3a\u7036\u5684\u5408\uff0c\u4e3a\u7036\u5684\u53e3\u7cbe\u81f4\u7684\u5355\u54c1\u3002\u975e\u5e38\u9002\u5408\u5bfb\u6c42\u4e3a\u987e\u5ba2\u63d0\u4f9b\u5bcc\u6709\u60f3\u8c61\u529b\u7684\u670d\u88c5\u7684\u96f6\u552e\u5546\u3001\u7ae2\u5351\u7acb\u5373\u4e3a\u60a8\u7684\u96f6\u552e\u4ea7\u54c1\u589e\u6dfb\u4fcf\u76ae\u4f18\u96c5.<\/font><\/font><\/p>\n\n\n\n<figure class=\"wp-block-table is-style-stripes\"><table class=\"has-fixed-layout\"><tbody><tr><td>Site Chart (CM)<\/td><td><\/td><td><\/td><td><\/td><\/tr><tr><td>St\u00f8rrelse<\/td><td>L\u00e6ngde<\/td><td>Nedre Buste<\/td><td>Talje<\/td><\/tr><tr><td>S<\/td><td>78<\/td><td>87<\/td><td>71<\/td><\/tr><tr><td>M<\/td><td>80<\/td><td>91<\/td><td>75&nbsp;<\/td><\/tr><tr><td>L<\/td><td>82<\/td><td>97<\/td><td>81<\/td><\/tr><tr><td>XL<\/td><td>84<\/td><td>103<\/td><td>87<\/td><\/tr><tr><td>Sitediagram (INCH)<\/td><td><\/td><td><\/td><td><\/td><\/tr><tr><td>St\u00f8rrelse<\/td><td>L\u00e6ngde<\/td><td>Nedre Buste<\/td><td>Talje<\/td><\/tr><tr><td>S<\/td><td>30.71<\/td><td>34.25<\/td><td>27.95<\/td><\/tr><tr><td>M<\/td><td>31.5<\/td><td>35.83<\/td><td>29.53<\/td><\/tr><tr><td>L<\/td><td>32.28<\/td><td>38.19<\/td><td>31.89<\/td><\/tr><tr><td>XL<\/td><td>33.07<\/td><td>40.55<\/td><td>34.25<\/td><\/tr><\/tbody><\/table><\/figure>","protected":false},"excerpt":{"rendered":"<p>Bring et strejf af tillokkelse ind i enhver setting med vores stramme, sexede sygeplejerske kostumes\u00e6t. Ideelt til Halloween cosplay og rollespil, dette tredelte ensemble giver endel\u00f8se timers historiefort\u00e6lling \u2013 hvilket g\u00f8r dette ideelt til detailhandlere, der s\u00f8ger at kombinere medicinsk charme og moderne sensualitet i \u00e9n produktlinje.<\/p>\n<p>https:\/\/youtu.be\/kfdhovZ69Io<\/p>","protected":false},"featured_media":45629,"template":"","meta":[],"product_brand":[],"product_cat":[974],"product_tag":[989],"class_list":{"0":"post-45620","1":"product","2":"type-product","3":"status-publish","4":"has-post-thumbnail","6":"product_cat-wholesale-sexy-costumes","7":"product_tag-nurse-costume","8":"pa_color-white","9":"pa_size-wholesale-large-size-women-sexy-lingerie","10":"pa_size-wholesale-medium-size-women-sexy-lingerie","11":"pa_size-wholesale-small-size-sexy-lingerie","12":"pa_size-wholesale-extra-large-sexy-lingerie","14":"first","15":"instock","16":"taxable","17":"shipping-taxable","18":"purchasable","19":"product-type-variable"},"tiered_pricing_type":"fixed","tiered_pricing_fixed_rules":[],"tiered_pricing_product_settings":{"layout":"default","base_unit_name":{"singular":null,"plural":null},"default_variation":{}},"tiered_pricing_minimum_quantity":null,"tiered_pricing_roles_data":[],"tiered_pricing_percentage_rules":[],"tiered_pricing_maximum_quantity":null,"tiered_pricing_quantity_step":null,"_links":{"self":[{"href":"https:\/\/gretasexylingerie.com\/da\/wp-json\/wp\/v2\/product\/45620","targetHints":{"allow":["GET"]}}],"collection":[{"href":"https:\/\/gretasexylingerie.com\/da\/wp-json\/wp\/v2\/product"}],"about":[{"href":"https:\/\/gretasexylingerie.com\/da\/wp-json\/wp\/v2\/types\/product"}],"wp:featuredmedia":[{"embeddable":true,"href":"https:\/\/gretasexylingerie.com\/da\/wp-json\/wp\/v2\/media\/45629"}],"wp:attachment":[{"href":"https:\/\/gretasexylingerie.com\/da\/wp-json\/wp\/v2\/media?parent=45620"}],"wp:term":[{"taxonomy":"product_brand","embeddable":true,"href":"https:\/\/gretasexylingerie.com\/da\/wp-json\/wp\/v2\/product_brand?post=45620"},{"taxonomy":"product_cat","embeddable":true,"href":"https:\/\/gretasexylingerie.com\/da\/wp-json\/wp\/v2\/product_cat?post=45620"},{"taxonomy":"product_tag","embeddable":true,"href":"https:\/\/gretasexylingerie.com\/da\/wp-json\/wp\/v2\/product_tag?post=45620"}],"curies":[{"name":"wp","href":"https:\/\/api.w.org\/{rel}","templated":true}]}}