{"id":45574,"date":"2023-10-15T22:52:16","date_gmt":"2023-10-15T14:52:16","guid":{"rendered":"https:\/\/gretasexylingerie.com\/?post_type=product&#038;p=45574"},"modified":"2023-10-15T22:54:31","modified_gmt":"2023-10-15T14:54:31","slug":"engros-stuepige-kostume-prinsesse-stil-kort-nederdel","status":"publish","type":"product","link":"https:\/\/gretasexylingerie.com\/da\/products\/wholesale-maid-costume-princess-style-short-skirt\/","title":{"rendered":"Engros stuepige kostume prinsesse stil kort nederdel"},"content":{"rendered":"<ol class=\"wp-block-list\">\n<li>Classic Maid Costume Appeal: Det ikoniske stuepige Costume-design fanger klassisk charme, hvilket g\u00f8r det til en sp\u00e6ndende mulighed for eventyrlystne \u00e5nder. Dens legende \u00e6stetik sikrer varig tiltr\u00e6kning i detailkollektioner, mens den inviterer en atmosf\u00e6re af elegance og tiltr\u00e6kning ind i enhver historie om elegance eller tiltr\u00e6kning.<\/li>\n\n\n\n<li>Kort nederdel i prinsessestil: En kort nederdel i prinsessestil tilf\u00f8jer b\u00e5de legende charme og kongelig elegance, hvilket g\u00f8r dette smykke til en unik tilf\u00f8jelse til din detailkollektion.<\/li>\n\n\n\n<li>Forf\u00f8rende design med dyb V-hals: Det dybe V-halsdesign af nederdele i \u00e9t stykke tilf\u00f8jer ikke kun forf\u00f8rende charme, men det er ogs\u00e5 meget flatterende \u2013 hvilket g\u00f8r det appellerende til kunder p\u00e5 tv\u00e6rs af mange markeder og detailhandlere, der leder efter m\u00e5der at diversificere deres udvalg p\u00e5.<\/li>\n\n\n\n<li>Pure Temptation: Dette legende, men sofistikerede design tr\u00e6kker fra renhed og fristelse til en sp\u00e6ndende fort\u00e6lling for dem, der s\u00f8ger eventyrlige aftener. En fremragende mulighed for detailhandlere, der s\u00f8ger at tilbyde forskellige t\u00f8jvalg.<\/li>\n\n\n\n<li>Engrosklar: Vores engrosklare stuepigekostume vil helt sikkert blive en bestseller blandt din detailkollektion. Mere end blot et almindeligt kostume, \u00e5bner dette stuepigekostume d\u00f8rene til fantasi og kreativ leg for b\u00f8rn i alle aldre.<\/li>\n<\/ol>\n\n\n\n<p>Udvid din detailkollektion med vores Engros Maid Costume, den ideelle kombination af klassisk charme og moderne elegance. Ideel til detailhandlere, der \u00f8nsker at tilbyde et varieret og fantasifuldt udvalg af p\u00e5kl\u00e6dning. Tag fat i dag med alle engrosforesp\u00f8rgsler, s\u00e5 vi kan tilf\u00f8je noget legende elegance til dit sortiment.<\/p>\n\n\n\n<p><\/p>\n\n\n\n<figure class=\"wp-block-table is-style-stripes\"><table class=\"has-fixed-layout\"><tbody><tr><td>Site Chart (CM)<\/td><td><\/td><td><\/td><td><\/td><\/tr><tr><td>St\u00f8rrelse<\/td><td>L\u00e6ngde<\/td><td>Nedre Buste<\/td><td>Talje<\/td><\/tr><tr><td>S<\/td><td>58<\/td><td>68-72<\/td><td>64-68<\/td><\/tr><tr><td>M<\/td><td>60<\/td><td>72-76<\/td><td>68-72<\/td><\/tr><tr><td>L<\/td><td>62<\/td><td>76-80<\/td><td>72-76<\/td><\/tr><tr><td>XL<\/td><td>64<\/td><td>80-84<\/td><td>76-80<\/td><\/tr><tr><td>Sitediagram (INCH)<\/td><td><\/td><td><\/td><td><\/td><\/tr><tr><td>St\u00f8rrelse<\/td><td>L\u00e6ngde<\/td><td>Nedre Buste<\/td><td>Talje<\/td><\/tr><tr><td>S<\/td><td>22.83<\/td><td>26.77-28.35<\/td><td>25.20-26.77<\/td><\/tr><tr><td>M<\/td><td>23.62<\/td><td>28.35-29.92<\/td><td>26.77-28.35<\/td><\/tr><tr><td>L<\/td><td>24.41<\/td><td>29.92-31.50<\/td><td>28.35-29.92<\/td><\/tr><tr><td>XL<\/td><td>25.2<\/td><td>31.50-33.07<\/td><td>29.92-31.50<\/td><\/tr><\/tbody><\/table><\/figure>","protected":false},"excerpt":{"rendered":"<p>Start ind i en oplevelse af elegance og tiltr\u00e6kning med vores engrospige kostume. Med b\u00e5de renhed og fristelse g\u00f8r dens korte nederdel i prinsessestil sammen med et dybt V-hals-design i \u00e9t stykke vores engrospigekostume til et fremragende udvalg for detailhandlere, der s\u00f8ger at tilbyde klassisk charme og moderne sensualitet.<\/p>","protected":false},"featured_media":45583,"template":"","meta":[],"product_brand":[],"product_cat":[974],"product_tag":[980],"class_list":{"0":"post-45574","1":"product","2":"type-product","3":"status-publish","4":"has-post-thumbnail","6":"product_cat-wholesale-sexy-costumes","7":"product_tag-maid-costumes","8":"pa_color-black","9":"pa_size-wholesale-large-size-women-sexy-lingerie","10":"pa_size-wholesale-medium-size-women-sexy-lingerie","11":"pa_size-wholesale-small-size-sexy-lingerie","12":"pa_size-wholesale-extra-large-sexy-lingerie","14":"first","15":"instock","16":"taxable","17":"shipping-taxable","18":"purchasable","19":"product-type-variable"},"tiered_pricing_type":"fixed","tiered_pricing_fixed_rules":[],"tiered_pricing_product_settings":{"layout":"default","base_unit_name":{"singular":null,"plural":null},"default_variation":{}},"tiered_pricing_minimum_quantity":null,"tiered_pricing_roles_data":[],"tiered_pricing_percentage_rules":[],"tiered_pricing_maximum_quantity":null,"tiered_pricing_quantity_step":null,"_links":{"self":[{"href":"https:\/\/gretasexylingerie.com\/da\/wp-json\/wp\/v2\/product\/45574","targetHints":{"allow":["GET"]}}],"collection":[{"href":"https:\/\/gretasexylingerie.com\/da\/wp-json\/wp\/v2\/product"}],"about":[{"href":"https:\/\/gretasexylingerie.com\/da\/wp-json\/wp\/v2\/types\/product"}],"wp:featuredmedia":[{"embeddable":true,"href":"https:\/\/gretasexylingerie.com\/da\/wp-json\/wp\/v2\/media\/45583"}],"wp:attachment":[{"href":"https:\/\/gretasexylingerie.com\/da\/wp-json\/wp\/v2\/media?parent=45574"}],"wp:term":[{"taxonomy":"product_brand","embeddable":true,"href":"https:\/\/gretasexylingerie.com\/da\/wp-json\/wp\/v2\/product_brand?post=45574"},{"taxonomy":"product_cat","embeddable":true,"href":"https:\/\/gretasexylingerie.com\/da\/wp-json\/wp\/v2\/product_cat?post=45574"},{"taxonomy":"product_tag","embeddable":true,"href":"https:\/\/gretasexylingerie.com\/da\/wp-json\/wp\/v2\/product_tag?post=45574"}],"curies":[{"name":"wp","href":"https:\/\/api.w.org\/{rel}","templated":true}]}}