{"id":45546,"date":"2023-10-13T23:59:04","date_gmt":"2023-10-13T15:59:04","guid":{"rendered":"https:\/\/gretasexylingerie.com\/?post_type=product&#038;p=45546"},"modified":"2024-01-17T21:43:19","modified_gmt":"2024-01-17T13:43:19","slug":"engros-sexet-julekostume-dyb-v-bodysuit","status":"publish","type":"product","link":"https:\/\/gretasexylingerie.com\/da\/products\/wholesale-sexy-christmas-costume-deep-v-bodysuit\/","title":{"rendered":"Engros sexet julekostume Deep V Bodysuit"},"content":{"rendered":"<ol class=\"wp-block-list\">\n<li>Festlig Allure: Julekostumets festlige sk\u00f8nhed g\u00f8r det til et sp\u00e6ndende valg til ferieforestillinger og forestillinger af enhver art. Med legende \u00e6stetik, der sikrer langsigtet appel i detailkollektioner, hj\u00e6lper de med at fort\u00e6lle historier om fest og charme, mens de inviterer en oplevelsesbaseret fort\u00e6lling til at fejre denne tid af \u00e5ret.<\/li>\n\n\n\n<li>Sensuel Deep V-bodysuit: Denne sanselige dybe V-bodysuit tilf\u00f8jer ikke kun forf\u00f8rende appel, men den er ogs\u00e5 smigrende p\u00e5 n\u00e6sten enhver figur \u2013 hvilket g\u00f8r den til en popul\u00e6r mulighed blandt kunder i forskellige aldre og baggrunde. Det skiller sig ud som et eksklusivt tilbud i din detailkollektion og sikrer en ideel kundeoplevelse!<\/li>\n\n\n\n<li>Overlegent h\u00e5ndv\u00e6rk: Vores h\u00e5ndv\u00e6rk af h\u00f8j kvalitet garanterer en effektiv, men komfortabel pasform uden at g\u00e5 p\u00e5 kompromis med sexet appel, hvilket taler meget om vores forpligtelse til at tilbyde engrosprodukter, der ikke g\u00e5r p\u00e5 kompromis med komfort eller kvalitet.<\/li>\n\n\n\n<li>Udkl\u00e6dning til ferieforestillinger: Perfekt til b\u00e5de temafester og forestillinger, dette julekostume kan tilpasses til en bred vifte af festlige lejligheder \u2013 hvilket g\u00f8r det til den ideelle l\u00f8sning for detailhandlere, der \u00f8nsker at tilbyde et varieret udvalg af feriebekl\u00e6dning.<\/li>\n\n\n\n<li>Engrosklar: Udformet til engrossalg kan dette julekostume hurtigt blive en af de bedst s\u00e6lgende varer i din detailkollektion. Udover blot at v\u00e6re et element at kl\u00e6de sig ud i, \u00e5bner det et rige af fantasi og festlig udforskning, der venter p\u00e5 opdagelse!<\/li>\n<\/ol>\n\n\n\n<p>Tilf\u00f8j vores engros sexede julekostume til din detailkollektion for at tilf\u00f8je festlig tiltr\u00e6kning og sensuel elegance. Den er ideel til detailhandlere, der \u00f8nsker at tilbyde et varieret og fantasifuldt udvalg af feriebekl\u00e6dning. Kontakt os nu for engrosforesp\u00f8rgsler og tilf\u00f8j legende elegance til dit lager i dag.<\/p>\n\n\n\n<figure class=\"wp-block-table is-style-stripes\"><table class=\"has-fixed-layout\"><tbody><tr><td>Site Chart (CM)<\/td><td><\/td><td><\/td><td><\/td><\/tr><tr><td>St\u00f8rrelse<\/td><td>L\u00e6ngde<\/td><td>Nedre Buste<\/td><td>Talje<\/td><\/tr><tr><td>S<\/td><td>67.5<\/td><td>86-90<\/td><td>62-66<\/td><\/tr><tr><td>M<\/td><td>69.5<\/td><td>90-94<\/td><td>66-70<\/td><\/tr><tr><td>L<\/td><td>71.5<\/td><td>94-98<\/td><td>70-74<\/td><\/tr><tr><td>XL<\/td><td>73.5<\/td><td>98-102<\/td><td>74-78<\/td><\/tr><tr><td>Sitediagram (INCH)<\/td><td><\/td><td><\/td><td><\/td><\/tr><tr><td>St\u00f8rrelse<\/td><td>L\u00e6ngde<\/td><td>Nedre Buste<\/td><td>Talje<\/td><\/tr><tr><td>S<\/td><td>26.57<\/td><td>33.86-35.43<\/td><td>24.41-25.98<\/td><\/tr><tr><td>M<\/td><td>27.36<\/td><td>35.43-37.01<\/td><td>25.98-27.56<\/td><\/tr><tr><td>L<\/td><td>28.15<\/td><td>37.01-38.58<\/td><td>27.56-29.13<\/td><\/tr><tr><td>XL<\/td><td>28.94<\/td><td>38.58-40.16<\/td><td>29.13-30.71<\/td><\/tr><\/tbody><\/table><\/figure>","protected":false},"excerpt":{"rendered":"<p>Slip julens magi l\u00f8s med vores engros sexede julekostume. Dens dybe V-bodysuit, der er lavet til at forbedre ferieforestillinger og begivenheder, g\u00f8r enhver betydningsfuld fest magisk! Et f\u00f8rsteklasses valg for detailhandlere, der s\u00f8ger at give festlig charme kombineret med sensuel elegance.<\/p>","protected":false},"featured_media":45554,"template":"","meta":[],"product_brand":[],"product_cat":[370,974,367,373],"product_tag":[964,984],"class_list":{"0":"post-45546","1":"product","2":"type-product","3":"status-publish","4":"has-post-thumbnail","6":"product_cat-bodysuit","7":"product_cat-wholesale-sexy-costumes","8":"product_cat-sexy-lingerie","9":"product_cat-wholesale-sexy-mesh-bodysuit","10":"product_tag-christmas-lingerie","11":"product_tag-halloween-costumes","12":"pa_color-red-women-sexy-lingerie","13":"pa_size-wholesale-large-size-women-sexy-lingerie","14":"pa_size-wholesale-medium-size-women-sexy-lingerie","15":"pa_size-wholesale-small-size-sexy-lingerie","16":"pa_size-wholesale-extra-large-sexy-lingerie","18":"first","19":"instock","20":"taxable","21":"shipping-taxable","22":"purchasable","23":"product-type-variable"},"tiered_pricing_type":"fixed","tiered_pricing_fixed_rules":[],"tiered_pricing_product_settings":{"layout":"default","base_unit_name":{"singular":null,"plural":null},"default_variation":null},"tiered_pricing_minimum_quantity":null,"tiered_pricing_roles_data":[],"tiered_pricing_percentage_rules":[],"tiered_pricing_maximum_quantity":null,"tiered_pricing_quantity_step":null,"_links":{"self":[{"href":"https:\/\/gretasexylingerie.com\/da\/wp-json\/wp\/v2\/product\/45546","targetHints":{"allow":["GET"]}}],"collection":[{"href":"https:\/\/gretasexylingerie.com\/da\/wp-json\/wp\/v2\/product"}],"about":[{"href":"https:\/\/gretasexylingerie.com\/da\/wp-json\/wp\/v2\/types\/product"}],"wp:featuredmedia":[{"embeddable":true,"href":"https:\/\/gretasexylingerie.com\/da\/wp-json\/wp\/v2\/media\/45554"}],"wp:attachment":[{"href":"https:\/\/gretasexylingerie.com\/da\/wp-json\/wp\/v2\/media?parent=45546"}],"wp:term":[{"taxonomy":"product_brand","embeddable":true,"href":"https:\/\/gretasexylingerie.com\/da\/wp-json\/wp\/v2\/product_brand?post=45546"},{"taxonomy":"product_cat","embeddable":true,"href":"https:\/\/gretasexylingerie.com\/da\/wp-json\/wp\/v2\/product_cat?post=45546"},{"taxonomy":"product_tag","embeddable":true,"href":"https:\/\/gretasexylingerie.com\/da\/wp-json\/wp\/v2\/product_tag?post=45546"}],"curies":[{"name":"wp","href":"https:\/\/api.w.org\/{rel}","templated":true}]}}