{"id":45489,"date":"2023-10-13T01:11:57","date_gmt":"2023-10-12T17:11:57","guid":{"rendered":"https:\/\/gretasexylingerie.com\/?post_type=product&#038;p=45489"},"modified":"2023-10-13T01:13:23","modified_gmt":"2023-10-12T17:13:23","slug":"engros-sexet-politikvinde-kostume-cosplay-kvinders-jakkesaet","status":"publish","type":"product","link":"https:\/\/gretasexylingerie.com\/da\/products\/wholesale-sexy-policewoman-costume-cosplay-womens-suit\/","title":{"rendered":"Engros sexet politikvinde kostume Cosplay kvinders jakkes\u00e6t"},"content":{"rendered":"<ol class=\"wp-block-list\">\n<li>Befalende appel: Vores forf\u00f8rende politikvindekostume udstr\u00e5ler kommanderende appel, hvilket g\u00f8r det til en fristende mulighed for eventyrlystne sj\u00e6le. Det legemligg\u00f8r en autoritativ aura og sensuel tiltr\u00e6kning, hvilket f\u00e5r dette stykke til at skille sig ud i din detailkollektion.<\/li>\n\n\n\n<li>En engagerende cosplay-oplevelse: Dette s\u00e6t er designet til en engagerende politi-cosplay-oplevelse, der g\u00f8r det muligt for slutforbrugere at fork\u00e6le deres fantasier. Det er en fremragende tilf\u00f8jelse til detailhandlere, der \u00f8nsker at tilbyde et udvalg af rollespilst\u00f8j.<\/li>\n\n\n\n<li>Fremstilling af h\u00f8j kvalitet: Vores forpligtelse til fremstilling af h\u00f8j kvalitet garanterer behageligt slid for udvidet leg, hvilket viser vores dedikation til kun at tilbyde varer af topkvalitet til dine kunder.<\/li>\n\n\n\n<li>Alsidig styling: Dette s\u00e6t tilbyder alsidige stylingmuligheder, hvilket g\u00f8r det velegnet til forskellige temabegivenheder eller private eventyr. Forhandlere, der \u00f8nsker at levere fantasifuldt t\u00f8j, kan drage fordel af at tilbyde dette mangfoldige s\u00e6t.<\/li>\n\n\n\n<li>Klar til engroshandel: Med dets engrosfokus i tankerne kan dette sexede politikvindekostume blive et \u00f8jeblikkeligt udsalg i detailhandlen. Mere end blot et kostume; dette modestykke inviterer brugerne til at komme ind i en verden af fantasi og legende autoritet.<\/li>\n<\/ol>\n\n\n\n<p>Tilf\u00f8j vores engros sexet politikvinde kostume til dit detailudvalg, og udvid det med imponerende appel og legende fantasi! Den er ideel til detailhandlere, der s\u00f8ger at give kunderne forskellige og fantasifulde p\u00e5kl\u00e6dningsmuligheder. Kontakt os nu med engrosforesp\u00f8rgsler, s\u00e5 du kan tilf\u00f8je vovet elegance til dit sortiment i dag.<\/p>\n\n\n\n<figure class=\"wp-block-table is-style-stripes\"><table class=\"has-fixed-layout\"><tbody><tr><td>Site Chart (CM)<\/td><td><\/td><td><\/td><td><\/td><\/tr><tr><td>St\u00f8rrelse<\/td><td>L\u00e6ngde<\/td><td>Nedre Buste<\/td><td>Talje<\/td><\/tr><tr><td>M<\/td><td>56<\/td><td>90<\/td><td>68&nbsp;<\/td><\/tr><tr><td>L<\/td><td>56<\/td><td>95<\/td><td>73<\/td><\/tr><tr><td>Sitediagram (INCH)<\/td><td><\/td><td><\/td><td><\/td><\/tr><tr><td>St\u00f8rrelse<\/td><td>L\u00e6ngde<\/td><td>Nedre Buste<\/td><td>Talje<\/td><\/tr><tr><td>M<\/td><td>22.05<\/td><td>35.43<\/td><td>26.77<\/td><\/tr><tr><td>L<\/td><td>22.05<\/td><td>37.4<\/td><td>28.74<\/td><\/tr><\/tbody><\/table><\/figure>","protected":false},"excerpt":{"rendered":"<p>Slip en verden af fantasi l\u00f8s med vores sexede politikvindekostume! Perfekt til cosplay-aftener og begivenheder med politi-cosplayere, denne dragt til kvinder udstr\u00e5ler autoritet, mens den forbliver tillokkende; perfekt til detailhandlere, der \u00f8nsker at udvide deres samling med f\u00e6ngslende p\u00e5kl\u00e6dning!<\/p>","protected":false},"featured_media":45503,"template":"","meta":[],"product_brand":[],"product_cat":[974],"product_tag":[978],"class_list":{"0":"post-45489","1":"product","2":"type-product","3":"status-publish","4":"has-post-thumbnail","6":"product_cat-wholesale-sexy-costumes","7":"product_tag-policewoman-costume","8":"pa_color-black","9":"pa_size-wholesale-large-size-women-sexy-lingerie","10":"pa_size-wholesale-medium-size-women-sexy-lingerie","12":"first","13":"instock","14":"taxable","15":"shipping-taxable","16":"purchasable","17":"product-type-variable"},"tiered_pricing_type":"fixed","tiered_pricing_fixed_rules":[],"tiered_pricing_product_settings":{"layout":"default","base_unit_name":{"singular":null,"plural":null},"default_variation":{}},"tiered_pricing_minimum_quantity":null,"tiered_pricing_roles_data":[],"tiered_pricing_percentage_rules":[],"tiered_pricing_maximum_quantity":null,"tiered_pricing_quantity_step":null,"_links":{"self":[{"href":"https:\/\/gretasexylingerie.com\/da\/wp-json\/wp\/v2\/product\/45489","targetHints":{"allow":["GET"]}}],"collection":[{"href":"https:\/\/gretasexylingerie.com\/da\/wp-json\/wp\/v2\/product"}],"about":[{"href":"https:\/\/gretasexylingerie.com\/da\/wp-json\/wp\/v2\/types\/product"}],"wp:featuredmedia":[{"embeddable":true,"href":"https:\/\/gretasexylingerie.com\/da\/wp-json\/wp\/v2\/media\/45503"}],"wp:attachment":[{"href":"https:\/\/gretasexylingerie.com\/da\/wp-json\/wp\/v2\/media?parent=45489"}],"wp:term":[{"taxonomy":"product_brand","embeddable":true,"href":"https:\/\/gretasexylingerie.com\/da\/wp-json\/wp\/v2\/product_brand?post=45489"},{"taxonomy":"product_cat","embeddable":true,"href":"https:\/\/gretasexylingerie.com\/da\/wp-json\/wp\/v2\/product_cat?post=45489"},{"taxonomy":"product_tag","embeddable":true,"href":"https:\/\/gretasexylingerie.com\/da\/wp-json\/wp\/v2\/product_tag?post=45489"}],"curies":[{"name":"wp","href":"https:\/\/api.w.org\/{rel}","templated":true}]}}