{"id":45384,"date":"2023-09-20T00:27:16","date_gmt":"2023-09-19T16:27:16","guid":{"rendered":"https:\/\/gretasexylingerie.com\/?post_type=product&#038;p=45384"},"modified":"2024-04-04T14:56:20","modified_gmt":"2024-04-04T06:56:20","slug":"engros-blonder-og-ojenvipper-bh-og-trusser-saet-med-kaerlighedsbroderi","status":"publish","type":"product","link":"https:\/\/gretasexylingerie.com\/da\/products\/wholesale-lace-and-eyelash-bra-and-panty-set-with-love-embroidery\/","title":{"rendered":"Engros blonde- og \u00f8jenvippe-bh og trusses\u00e6t med k\u00e6rlighedsbroderi"},"content":{"rendered":"<ol class=\"wp-block-list\">\n<li>Vores Love Embroidery BH og Trusses\u00e6t indeholder f\u00f8rsteklasses materialer for at give et topprodukt i din kollektion. Med elegant broderiarbejde, der tilf\u00f8jer romantik og sofistikering, vil vores Love Embroidery-s\u00e6t t\u00e5le tidens tand i alle omgivelser.<\/li>\n\n\n\n<li>Dette s\u00e6t legemligg\u00f8r \u00e6stetik og sentimentalitet, fra dets dragende blonde- og \u00f8jenvippedesign til hjertebroderiet, der tilf\u00f8jer en r\u00f8rende nostalgi, der g\u00f8r dette til et fortryllende valg til enhver romantisk begivenhed.<\/li>\n\n\n\n<li>Vores romantiske k\u00e6rlighedsbroderi-lingeris\u00e6t er et vidnesbyrd om up\u00e5klageligt h\u00e5ndv\u00e6rk. Med uds\u00f8gte blondedetaljer parret med \u00f8jenvippeaccenter giver dette bh- og trusses\u00e6t et i\u00f8jnefaldende udseende for et virkelig f\u00e6ngslende look.<\/li>\n<\/ol>\n\n\n\n<p>Tr\u00e6d ind i en romantik med vores Love Embroidery BH og Trusses\u00e6t, med delikate blonder og \u00f8jenvipper for ekstra romantik. G\u00e5 ikke glip af dette f\u00f8rsteklasses stykke designet til specielle \u00f8jeblikke; kontakt os nu for at afgive din ordre eller foresp\u00f8rge n\u00e6rmere! Lad os g\u00f8re enhver betydningsfuld begivenhed uforglemmelig sammen!<\/p>\n\n\n\n<figure class=\"wp-block-table is-style-stripes\"><table class=\"has-fixed-layout\"><tbody><tr><td>Site Chart (CM)<\/td><td><\/td><td><\/td><td><\/td><td><\/td><\/tr><tr><td>St\u00f8rrelse<\/td><td>L\u00e6ngde<\/td><td>Nedre Buste<\/td><td>Talje<\/td><td>Talje af str\u00f8mpeb\u00e5nd<\/td><\/tr><tr><td>S<\/td><td>20<\/td><td>66<\/td><td>62<\/td><td>66<\/td><\/tr><tr><td>M<\/td><td>21<\/td><td>70<\/td><td>66&nbsp;<\/td><td>70<\/td><\/tr><tr><td>L<\/td><td>22<\/td><td>74<\/td><td>70<\/td><td>74<\/td><\/tr><tr><td>Sitediagram (INCH)<\/td><td><\/td><td><\/td><td><\/td><td><\/td><\/tr><tr><td>St\u00f8rrelse<\/td><td>L\u00e6ngde<\/td><td>Nedre Buste<\/td><td>Talje<\/td><td>Talje af str\u00f8mpeb\u00e5nd<\/td><\/tr><tr><td>S<\/td><td>7.87<\/td><td>25.98<\/td><td>24.41<\/td><td>25.98<\/td><\/tr><tr><td>M<\/td><td>8.27<\/td><td>27.56<\/td><td>25.98<\/td><td>27.56<\/td><\/tr><tr><td>L<\/td><td>8.66<\/td><td>29.13<\/td><td>27.56<\/td><td>29.13<\/td><\/tr><\/tbody><\/table><\/figure>","protected":false},"excerpt":{"rendered":"<p>Fejr k\u00e6rligheden med vores romantiske k\u00e6rlighedsbroderi-lingeris\u00e6t, komplet med indviklede blonder og \u00f8jenvipper for ekstra stil, komfort og tiltr\u00e6kning. En fantastisk m\u00e5de at markere denne romantiske milep\u00e6l p\u00e5.<\/p>","protected":false},"featured_media":45395,"template":"","meta":[],"product_brand":[],"product_cat":[368,367,375],"product_tag":[448,454,518,864,972],"class_list":{"0":"post-45384","1":"product","2":"type-product","3":"status-publish","4":"has-post-thumbnail","6":"product_cat-bra-panty-set","7":"product_cat-sexy-lingerie","8":"product_cat-whoelsale-sheer-bra-and-panty-sets","9":"product_tag-wholesale-elegant-sexy-lingerie","10":"product_tag-wholesale-sexy-embroidered-lingerie","11":"product_tag-mesh-lingerie","12":"product_tag-sexy-petite-lingerie","13":"product_tag-valentines-day-lingerie","14":"pa_color-yellow","15":"pa_size-wholesale-large-size-women-sexy-lingerie","16":"pa_size-wholesale-medium-size-women-sexy-lingerie","17":"pa_size-wholesale-small-size-sexy-lingerie","19":"first","20":"instock","21":"taxable","22":"shipping-taxable","23":"purchasable","24":"product-type-variable"},"tiered_pricing_type":"fixed","tiered_pricing_fixed_rules":[],"tiered_pricing_product_settings":{"layout":"table","base_unit_name":{"singular":null,"plural":null},"default_variation":{}},"tiered_pricing_minimum_quantity":null,"tiered_pricing_roles_data":[],"tiered_pricing_percentage_rules":[],"tiered_pricing_maximum_quantity":null,"tiered_pricing_quantity_step":null,"_links":{"self":[{"href":"https:\/\/gretasexylingerie.com\/da\/wp-json\/wp\/v2\/product\/45384","targetHints":{"allow":["GET"]}}],"collection":[{"href":"https:\/\/gretasexylingerie.com\/da\/wp-json\/wp\/v2\/product"}],"about":[{"href":"https:\/\/gretasexylingerie.com\/da\/wp-json\/wp\/v2\/types\/product"}],"wp:featuredmedia":[{"embeddable":true,"href":"https:\/\/gretasexylingerie.com\/da\/wp-json\/wp\/v2\/media\/45395"}],"wp:attachment":[{"href":"https:\/\/gretasexylingerie.com\/da\/wp-json\/wp\/v2\/media?parent=45384"}],"wp:term":[{"taxonomy":"product_brand","embeddable":true,"href":"https:\/\/gretasexylingerie.com\/da\/wp-json\/wp\/v2\/product_brand?post=45384"},{"taxonomy":"product_cat","embeddable":true,"href":"https:\/\/gretasexylingerie.com\/da\/wp-json\/wp\/v2\/product_cat?post=45384"},{"taxonomy":"product_tag","embeddable":true,"href":"https:\/\/gretasexylingerie.com\/da\/wp-json\/wp\/v2\/product_tag?post=45384"}],"curies":[{"name":"wp","href":"https:\/\/api.w.org\/{rel}","templated":true}]}}