{"id":45336,"date":"2023-09-19T00:08:02","date_gmt":"2023-09-18T16:08:02","guid":{"rendered":"https:\/\/gretasexylingerie.com\/?post_type=product&#038;p=45336"},"modified":"2023-09-19T00:15:28","modified_gmt":"2023-09-18T16:15:28","slug":"engros-legant-gennemsigtigt-sexet-jakkesaet-med-kaerlighedsvedhaeng","status":"publish","type":"product","link":"https:\/\/gretasexylingerie.com\/da\/products\/wholesaleelegant-see-through-sexy-suit-with-love-pendant\/","title":{"rendered":"EngrosElegant gennemsigtig sexet jakkes\u00e6t med k\u00e6rlighedsvedh\u00e6ng"},"content":{"rendered":"<ol class=\"wp-block-list\">\n<li>Vores l\u00e6der &amp; stof splejsede mesh sexet bh str\u00f8mpeb\u00e5nd s\u00e6t p\u00e5 fire er en imponerende kombination af f\u00f8rsteklasses materialer, der sikrer, at det st\u00e5r sig tidens pr\u00f8ve i enhver kollektion. Med vores smukke Love Pendant for ekstra romantik og sofistikering.<\/li>\n\n\n\n<li>Dette s\u00e6t er et eksempel p\u00e5 b\u00e5de sk\u00f8nhed og h\u00e5ndv\u00e6rk. Kombinerer l\u00e6der, stof og mesh for et i\u00f8jnefaldende design. Desuden tilf\u00f8jer dens hjertevedh\u00e6ng en luft af nostalgi - hvilket g\u00f8r dette til et uds\u00f8gt stykke perfekt til enhver samling.<\/li>\n\n\n\n<li>Vores fashion-forward sexede lingeris\u00e6t med l\u00e6der-, stof- og mesh-splejsning er en imponerende bedrift af innovation inden for design. Med gennemsigtige elementer og k\u00e6rlighedsvedh\u00e6nget skaber dette firedelte s\u00e6t et i\u00f8jnefaldende udseende og pirrer, hver gang de b\u00e6res.<\/li>\n<\/ol>\n\n\n\n<p>Tr\u00e6d ind i en verden af elegance og charme med vores l\u00e6der &amp; stof splejsede mesh sexet bh str\u00f8mpeb\u00e5nd s\u00e6t p\u00e5 fire! Ikke et hvilket som helst stykke lingeri; dette f\u00f8rsteklasses stykke repr\u00e6senterer stil, sofistikering og sentimentalitet. G\u00e5 ikke glip af det; kontakt os nu for at bestille eller foresp\u00f8rge om k\u00f8b! Lad os genopfinde lingerimoden sammen!<\/p>\n\n\n\n<figure class=\"wp-block-table is-style-stripes\"><table class=\"has-fixed-layout\"><tbody><tr><td>Site Chart (CM)<\/td><td><\/td><td><\/td><td><\/td><td><\/td><\/tr><tr><td>St\u00f8rrelse<\/td><td>L\u00e6ngde<\/td><td>Nedre Buste<\/td><td>Talje<\/td><td>Talje af str\u00f8mpeb\u00e5nd<\/td><\/tr><tr><td>S<\/td><td>13<\/td><td>62-88<\/td><td>68-96<\/td><td>61-92<\/td><\/tr><tr><td>M<\/td><td>14<\/td><td>66-92<\/td><td>72-100<\/td><td>65-96<\/td><\/tr><tr><td>L<\/td><td>15<\/td><td>70-96<\/td><td>76-104<\/td><td>69-100<\/td><\/tr><tr><td>Sitediagram (INCH)<\/td><td><\/td><td><\/td><td><\/td><td><\/td><\/tr><tr><td>St\u00f8rrelse<\/td><td>L\u00e6ngde<\/td><td>Nedre Buste<\/td><td>Talje<\/td><td>Talje af str\u00f8mpeb\u00e5nd<\/td><\/tr><tr><td>S<\/td><td>5.12<\/td><td>24.41-34.65<\/td><td>26.77-37.80<\/td><td>24.02-36.22<\/td><\/tr><tr><td>M<\/td><td>5.51<\/td><td>25.98-36.22<\/td><td>28.35-39.37<\/td><td>25.59-37.80<\/td><\/tr><tr><td>L<\/td><td>5.91<\/td><td>27.56-37.80<\/td><td>29.92-40.94<\/td><td>27.17-39.37<\/td><\/tr><\/tbody><\/table><\/figure>","protected":false},"excerpt":{"rendered":"<p>Tilf\u00f8j elegance til din lingerikollektion med vores elegante gennemsigtige sexede jakkes\u00e6t med k\u00e6rlighedsvedh\u00e6ng og meshdetaljer, perfekt til at l\u00f8fte enhver lingerigarderobe. Med tillokkende l\u00e6der- og stofstof kombineret med elegancen fra en k\u00e6rlighedsvedh\u00e6ngsudsmykning \u2013 dette smykke vil helt sikkert skille sig ud i enhver lingerikollektion.<\/p>","protected":false},"featured_media":45346,"template":"","meta":[],"product_brand":[],"product_cat":[368,367,375],"product_tag":[507,448,524,453,972],"class_list":{"0":"post-45336","1":"product","2":"type-product","3":"status-publish","4":"has-post-thumbnail","6":"product_cat-bra-panty-set","7":"product_cat-sexy-lingerie","8":"product_cat-whoelsale-sheer-bra-and-panty-sets","9":"product_tag-three-pcs-set","10":"product_tag-wholesale-elegant-sexy-lingerie","11":"product_tag-metal-lingerie","12":"product_tag-wholesale-sexy-naughty-lingerie","13":"product_tag-valentines-day-lingerie","14":"pa_color-black","15":"pa_size-wholesale-large-size-women-sexy-lingerie","16":"pa_size-wholesale-medium-size-women-sexy-lingerie","17":"pa_size-wholesale-small-size-sexy-lingerie","19":"first","20":"instock","21":"taxable","22":"shipping-taxable","23":"purchasable","24":"product-type-variable"},"tiered_pricing_type":"fixed","tiered_pricing_fixed_rules":[],"tiered_pricing_product_settings":{"layout":"default","base_unit_name":{"singular":null,"plural":null},"default_variation":{}},"tiered_pricing_minimum_quantity":null,"tiered_pricing_roles_data":[],"tiered_pricing_percentage_rules":[],"tiered_pricing_maximum_quantity":null,"tiered_pricing_quantity_step":null,"_links":{"self":[{"href":"https:\/\/gretasexylingerie.com\/da\/wp-json\/wp\/v2\/product\/45336","targetHints":{"allow":["GET"]}}],"collection":[{"href":"https:\/\/gretasexylingerie.com\/da\/wp-json\/wp\/v2\/product"}],"about":[{"href":"https:\/\/gretasexylingerie.com\/da\/wp-json\/wp\/v2\/types\/product"}],"wp:featuredmedia":[{"embeddable":true,"href":"https:\/\/gretasexylingerie.com\/da\/wp-json\/wp\/v2\/media\/45346"}],"wp:attachment":[{"href":"https:\/\/gretasexylingerie.com\/da\/wp-json\/wp\/v2\/media?parent=45336"}],"wp:term":[{"taxonomy":"product_brand","embeddable":true,"href":"https:\/\/gretasexylingerie.com\/da\/wp-json\/wp\/v2\/product_brand?post=45336"},{"taxonomy":"product_cat","embeddable":true,"href":"https:\/\/gretasexylingerie.com\/da\/wp-json\/wp\/v2\/product_cat?post=45336"},{"taxonomy":"product_tag","embeddable":true,"href":"https:\/\/gretasexylingerie.com\/da\/wp-json\/wp\/v2\/product_tag?post=45336"}],"curies":[{"name":"wp","href":"https:\/\/api.w.org\/{rel}","templated":true}]}}