{"id":45298,"date":"2023-09-18T01:15:14","date_gmt":"2023-09-17T17:15:14","guid":{"rendered":"https:\/\/gretasexylingerie.com\/?post_type=product&#038;p=45298"},"modified":"2023-09-18T01:16:54","modified_gmt":"2023-09-17T17:16:54","slug":"engros-elegant-gennemsigtig-mesh-strompeband-bh-saet-med-sexet-tasse","status":"publish","type":"product","link":"https:\/\/gretasexylingerie.com\/da\/products\/wholesale-elegant-see-through-mesh-garter-bra-set-with-sexy-tasse\/","title":{"rendered":"Engros Elegant Se-Through Mesh Str\u00f8mpeb\u00e5nd BH S\u00e6t med sexet Tasse"},"content":{"rendered":"<ol class=\"wp-block-list\">\n<li>Vores tredelte s\u00e6t med sexet kvast str\u00f8mpeb\u00e5nd undert\u00f8j i nye stil blev h\u00e5ndlavet omhyggeligt for at garantere et top-tier produkt til din samling. De uds\u00f8gte kvastdetaljer tilf\u00f8jer en luft af sofistikering og flair, der adskiller dette ensemble.<\/li>\n\n\n\n<li>Dette elegante, gennemsigtige mesh str\u00f8mpeb\u00e5ndsundert\u00f8jss\u00e6t med sexet kvast er smukt og behageligt! Med mesh-materiale for delikat komfort mod huden og sofistikerede kvastdetaljer, der tilf\u00f8jer endnu et niveau af sofistikering, perfekt til dem, der s\u00f8ger den ideelle blanding mellem mode og komfort!<\/li>\n\n\n\n<li>Vores mode-fremadrettede sexede lingeri str\u00f8mpeb\u00e5nds\u00e6t med kvastdetaljer eksemplificerer uds\u00f8gt h\u00e5ndv\u00e6rk. Med gennemsigtige mesh- og kvastdetaljer giver dette tredelte s\u00e6t et imponerende statement i enhver lingerikollektion.<\/li>\n<\/ol>\n\n\n\n<p>Slut dig til en verden af elegance og tiltr\u00e6kning med vores tredelte s\u00e6t med sexet kvast str\u00f8mpeb\u00e5nd undert\u00f8j i New Style. Ikke bare et hvilket som helst gammelt stykke lingeri; denne stilerkl\u00e6ring giver et fedt statement! G\u00e5 ikke glip af dette uds\u00f8gte stykke - kontakt os nu for at bestille eller foresp\u00f8rge - lad os sammen omdefinere lingerimoden!<\/p>\n\n\n\n<figure class=\"wp-block-table is-style-stripes\"><table class=\"has-fixed-layout\"><tbody><tr><td>Site Chart (CM)<\/td><td><\/td><td><\/td><td><\/td><td><\/td><\/tr><tr><td>St\u00f8rrelse<\/td><td>L\u00e6ngde<\/td><td>Nedre Buste<\/td><td>Talje<\/td><td>Talje af str\u00f8mpeb\u00e5nd<\/td><\/tr><tr><td>S<\/td><td>16<\/td><td>61-88<\/td><td>67-96<\/td><td>60-92<\/td><\/tr><tr><td>M<\/td><td>17<\/td><td>65-92<\/td><td>71-100<\/td><td>60-92<\/td><\/tr><tr><td>L<\/td><td>18<\/td><td>69-96<\/td><td>75-104<\/td><td>60-92<\/td><\/tr><tr><td>Sitediagram (INCH)<\/td><td><\/td><td><\/td><td><\/td><td><\/td><\/tr><tr><td>St\u00f8rrelse<\/td><td>L\u00e6ngde<\/td><td>Nedre Buste<\/td><td>Talje<\/td><td>Talje af str\u00f8mpeb\u00e5nd<\/td><\/tr><tr><td>S<\/td><td>6.3<\/td><td>24.02-34.65<\/td><td>26.38-37.80<\/td><td>23.62-36.22<\/td><\/tr><tr><td>M<\/td><td>6.69<\/td><td>25.59-36.22<\/td><td>27.95-39.37<\/td><td>23.62-36.22<\/td><\/tr><tr><td>L<\/td><td>7.09<\/td><td>27.17-37.80<\/td><td>29.53-40.94<\/td><td>23.62-36.22<\/td><\/tr><\/tbody><\/table><\/figure>","protected":false},"excerpt":{"rendered":"<p>Med sit dragende gennemsigtige mesh-design opn\u00e5r dette s\u00e6t den ideelle balance mellem tillokkelse og elegance \u2013 en vigtig del af enhver moderne lingerikollektion. Kvastdetaljer tilf\u00f8jer b\u00e5de sofistikerede og legende elementer, der helt sikkert vil fortrylle.<\/p>","protected":false},"featured_media":45311,"template":"","meta":[],"product_brand":[],"product_cat":[368,367,375,376],"product_tag":[446,864,865,531],"class_list":{"0":"post-45298","1":"product","2":"type-product","3":"status-publish","4":"has-post-thumbnail","6":"product_cat-bra-panty-set","7":"product_cat-sexy-lingerie","8":"product_cat-whoelsale-sheer-bra-and-panty-sets","9":"product_cat-wholesale-ultra-sexy-bra-panty-set","10":"product_tag-wholesale-sexy-see-through-lingerie","11":"product_tag-sexy-petite-lingerie","12":"product_tag-sexy-skimpy-lingerie","13":"product_tag-tassel-lingerie","14":"pa_color-black","15":"pa_size-wholesale-large-size-women-sexy-lingerie","16":"pa_size-wholesale-medium-size-women-sexy-lingerie","17":"pa_size-wholesale-small-size-sexy-lingerie","19":"first","20":"instock","21":"taxable","22":"shipping-taxable","23":"purchasable","24":"product-type-variable"},"tiered_pricing_type":"fixed","tiered_pricing_fixed_rules":[],"tiered_pricing_product_settings":{"layout":"default","base_unit_name":{"singular":null,"plural":null},"default_variation":{}},"tiered_pricing_minimum_quantity":null,"tiered_pricing_roles_data":[],"tiered_pricing_percentage_rules":[],"tiered_pricing_maximum_quantity":null,"tiered_pricing_quantity_step":null,"_links":{"self":[{"href":"https:\/\/gretasexylingerie.com\/da\/wp-json\/wp\/v2\/product\/45298","targetHints":{"allow":["GET"]}}],"collection":[{"href":"https:\/\/gretasexylingerie.com\/da\/wp-json\/wp\/v2\/product"}],"about":[{"href":"https:\/\/gretasexylingerie.com\/da\/wp-json\/wp\/v2\/types\/product"}],"wp:featuredmedia":[{"embeddable":true,"href":"https:\/\/gretasexylingerie.com\/da\/wp-json\/wp\/v2\/media\/45311"}],"wp:attachment":[{"href":"https:\/\/gretasexylingerie.com\/da\/wp-json\/wp\/v2\/media?parent=45298"}],"wp:term":[{"taxonomy":"product_brand","embeddable":true,"href":"https:\/\/gretasexylingerie.com\/da\/wp-json\/wp\/v2\/product_brand?post=45298"},{"taxonomy":"product_cat","embeddable":true,"href":"https:\/\/gretasexylingerie.com\/da\/wp-json\/wp\/v2\/product_cat?post=45298"},{"taxonomy":"product_tag","embeddable":true,"href":"https:\/\/gretasexylingerie.com\/da\/wp-json\/wp\/v2\/product_tag?post=45298"}],"curies":[{"name":"wp","href":"https:\/\/api.w.org\/{rel}","templated":true}]}}