{"id":45281,"date":"2023-09-18T00:28:07","date_gmt":"2023-09-17T16:28:07","guid":{"rendered":"https:\/\/gretasexylingerie.com\/?post_type=product&#038;p=45281"},"modified":"2023-09-18T00:30:17","modified_gmt":"2023-09-17T16:30:17","slug":"engros-gennemsigtig-mesh-halterneck-sexet-bodysuit","status":"publish","type":"product","link":"https:\/\/gretasexylingerie.com\/da\/products\/wholesale-see-through-mesh-halterneck-sexy-bodysuit\/","title":{"rendered":"Engros gennemsigtig mesh Halterneck sexet bodysuit"},"content":{"rendered":"<ol class=\"wp-block-list\">\n<li>Vores gennemsigtige mesh halterneck sexet bodysuit er omhyggeligt udformet for at bringe sit fulde potentiale frem og skabe et uds\u00f8gt produkt til din samling. Dens karakteristiske halterneck-design viser den kvalitet og omhu, der er lagt i hvert stykke.<\/li>\n\n\n\n<li>Denne elegante Halterneck-bodysuit i sexet gennemsigtigt mesh er b\u00e5de moderigtig og behagelig! Det delikate mesh giver et let strejf mod din hud, mens dens halterneck tilf\u00f8jer sofistikering, ideel til dem, der s\u00f8ger den perfekte kombination af stil og komfort.<\/li>\n\n\n\n<li>Vores fashion-forward sexede lingeri-bodysuit med Halterneck-design er et bevis p\u00e5 uds\u00f8gt h\u00e5ndv\u00e6rk. Det gennemsigtige mesh tilf\u00f8jer et i\u00f8jnefaldende element, hvilket garanterer, at dette smykke skiller sig ud i enhver lingerikollektion.<\/li>\n<\/ol>\n\n\n\n<p>Udforsk en verden af elegance og charme med vores gennemsigtige mesh Halterneck sexet bodysuit, ikke kun lingeri; dette stykke giver et udtryk for stil og sofistikering! G\u00e5 ikke glip af det; kontakt os nu for at afgive din ordre eller foresp\u00f8rgsler! Sammen kan vi revolutionere lingerimoden!<\/p>\n\n\n\n<figure class=\"wp-block-table is-style-stripes\"><table class=\"has-fixed-layout\"><tbody><tr><td>Site Chart (CM)<\/td><td><\/td><td><\/td><td><\/td><\/tr><tr><td>St\u00f8rrelse<\/td><td>L\u00e6ngde<\/td><td>Talje<\/td><td>Nedre Buste<\/td><\/tr><tr><td>S<\/td><td>50<\/td><td>56<\/td><td>59-88<\/td><\/tr><tr><td>M<\/td><td>51<\/td><td>60<\/td><td>63-92<\/td><\/tr><tr><td>L<\/td><td>52<\/td><td>64<\/td><td>67-96<\/td><\/tr><tr><td>Sitediagram (INCH)<\/td><td><\/td><td><\/td><td><\/td><\/tr><tr><td>St\u00f8rrelse<\/td><td>L\u00e6ngde<\/td><td>Talje<\/td><td>Nedre Buste<\/td><\/tr><tr><td>S<\/td><td>19.69<\/td><td>22.05<\/td><td>23.23-34.65<\/td><\/tr><tr><td>M<\/td><td>20.08<\/td><td>23.62<\/td><td>24.80-36.22<\/td><\/tr><tr><td>L<\/td><td>20.47<\/td><td>25.2<\/td><td>26.38-37.80<\/td><\/tr><\/tbody><\/table><\/figure>","protected":false},"excerpt":{"rendered":"<p>Tilf\u00f8j noget moderne glamour til enhver lingerigarderobe med vores Fashion-Forward sexet lingeri-bodysuit med Halterneck-design, der byder p\u00e5 stil, komfort og allure alt-i-en! Det vil helt sikkert skille sig ud blandt enhver samling.<\/p>","protected":false},"featured_media":45291,"template":"","meta":[],"product_brand":[],"product_cat":[370,367,373],"product_tag":[448,446,447,504],"class_list":{"0":"post-45281","1":"product","2":"type-product","3":"status-publish","4":"has-post-thumbnail","6":"product_cat-bodysuit","7":"product_cat-sexy-lingerie","8":"product_cat-wholesale-sexy-mesh-bodysuit","9":"product_tag-wholesale-elegant-sexy-lingerie","10":"product_tag-wholesale-sexy-see-through-lingerie","11":"product_tag-wholesale-strappy-sexy-lingerie","12":"product_tag-ultra-sexy","13":"pa_color-black","14":"pa_size-wholesale-large-size-women-sexy-lingerie","15":"pa_size-wholesale-medium-size-women-sexy-lingerie","16":"pa_size-wholesale-small-size-sexy-lingerie","18":"first","19":"instock","20":"taxable","21":"shipping-taxable","22":"purchasable","23":"product-type-variable"},"tiered_pricing_type":"fixed","tiered_pricing_fixed_rules":[],"tiered_pricing_product_settings":{"layout":"default","base_unit_name":{"singular":null,"plural":null},"default_variation":{}},"tiered_pricing_minimum_quantity":null,"tiered_pricing_roles_data":[],"tiered_pricing_percentage_rules":[],"tiered_pricing_maximum_quantity":null,"tiered_pricing_quantity_step":null,"_links":{"self":[{"href":"https:\/\/gretasexylingerie.com\/da\/wp-json\/wp\/v2\/product\/45281","targetHints":{"allow":["GET"]}}],"collection":[{"href":"https:\/\/gretasexylingerie.com\/da\/wp-json\/wp\/v2\/product"}],"about":[{"href":"https:\/\/gretasexylingerie.com\/da\/wp-json\/wp\/v2\/types\/product"}],"wp:featuredmedia":[{"embeddable":true,"href":"https:\/\/gretasexylingerie.com\/da\/wp-json\/wp\/v2\/media\/45291"}],"wp:attachment":[{"href":"https:\/\/gretasexylingerie.com\/da\/wp-json\/wp\/v2\/media?parent=45281"}],"wp:term":[{"taxonomy":"product_brand","embeddable":true,"href":"https:\/\/gretasexylingerie.com\/da\/wp-json\/wp\/v2\/product_brand?post=45281"},{"taxonomy":"product_cat","embeddable":true,"href":"https:\/\/gretasexylingerie.com\/da\/wp-json\/wp\/v2\/product_cat?post=45281"},{"taxonomy":"product_tag","embeddable":true,"href":"https:\/\/gretasexylingerie.com\/da\/wp-json\/wp\/v2\/product_tag?post=45281"}],"curies":[{"name":"wp","href":"https:\/\/api.w.org\/{rel}","templated":true}]}}