{"id":44193,"date":"2023-08-07T21:08:04","date_gmt":"2023-08-07T13:08:04","guid":{"rendered":"https:\/\/gretasexylingerie.com\/?post_type=product&#038;p=44193"},"modified":"2023-10-22T22:57:47","modified_gmt":"2023-10-22T14:57:47","slug":"lokkende-bh-saet-med-kvaster-og-halterneck","status":"publish","type":"product","link":"https:\/\/gretasexylingerie.com\/da\/products\/alluring-cutout-bra-set-with-tassels-and-halter-neck\/","title":{"rendered":"Lokkende BH-s\u00e6t med udsk\u00e6ring med kvaster og Halter Neck"},"content":{"rendered":"<ol class=\"wp-block-list\">\n<li>Vores sexede \u00e5bne bh-s\u00e6t med kvaster og grimehals er designet med de nyeste modetrends i tankerne. Udsk\u00e6ringsdesignet tilf\u00f8jer et strejf af dristighed, mens kvastene sikrer et uimodst\u00e5eligt look. Dette s\u00e6t vil helt sikkert blive et hit hos dine kunder.<\/li>\n\n\n\n<li>Det lokkende BH-s\u00e6t med udsk\u00e6ring med kvaster og Halter Neck er stilfuldt og behageligt. Det \u00e5bne design tilf\u00f8jer et strejf af elegance, mens grimehalsen tilbyder en tilpasset pasform. Dette s\u00e6t er perfekt til kunder, der s\u00f8ger stil og komfort i deres lingeri.<\/li>\n\n\n\n<li>Vores fantastiske \u00e5bne bh og trusser s\u00e6t med kvaster er unikt i design og h\u00f8j kvalitet. Det \u00e5bne design tilf\u00f8jer et strejf af kant, mens kvastene sikrer en luksuri\u00f8s f\u00f8lelse. Dette s\u00e6t vil helt sikkert skille sig ud i enhver lingerikollektion.<\/li>\n<\/ol>\n\n\n\n<p>Omfavn det modige og smukke med vores sexede \u00e5bne bh-s\u00e6t, med kvaster og en halterneck. Dette s\u00e6t er ikke kun et produkt; det er en stilerkl\u00e6ring, som dine kunder vil elske. Vent venligst ikke; kontakt os i dag for at afgive din ordre eller stille sp\u00f8rgsm\u00e5l. Lad os omdefinere lingerimoden sammen!<\/p>\n\n\n\n<figure class=\"wp-block-table is-style-stripes\"><table class=\"has-fixed-layout\"><tbody><tr><td>Site Chart (CM)<\/td><td><\/td><td><\/td><td><\/td><\/tr><tr><td>St\u00f8rrelse<\/td><td>L\u00e6ngde<\/td><td>Talje<\/td><td>Nedre Buste<\/td><\/tr><tr><td>S<\/td><td>22<\/td><td>66-88<\/td><td>68-80<\/td><\/tr><tr><td>M<\/td><td>23<\/td><td>70-92<\/td><td>72-84<\/td><\/tr><tr><td>L<\/td><td>24<\/td><td>74-96<\/td><td>76-88<\/td><\/tr><tr><td>Sitediagram (INCH)<\/td><td><\/td><td><\/td><td><\/td><\/tr><tr><td>St\u00f8rrelse<\/td><td>L\u00e6ngde<\/td><td>Talje<\/td><td>Nedre Buste<\/td><\/tr><tr><td>S<\/td><td>8.66<\/td><td>25.98-34.65<\/td><td>26.77-31.50<\/td><\/tr><tr><td>M<\/td><td>9.06<\/td><td>27.56-36.22<\/td><td>28.35-33.07<\/td><\/tr><tr><td>L<\/td><td>9.45<\/td><td>29.13-37.80<\/td><td>29.92-34.65<\/td><\/tr><\/tbody><\/table><\/figure>","protected":false},"excerpt":{"rendered":"<p>Bliv p\u00e5 forkant med lingeri-trenden med vores lokkende BH-s\u00e6t med udsk\u00e6ringer med kvaster og Halter Neck. Dette s\u00e6t kombinerer tiltr\u00e6kningen ved et \u00e5bent design med kvastens elegance. Den er lavet med uds\u00f8gt h\u00e5ndv\u00e6rk og er en fantastisk tilf\u00f8jelse til enhver lingerikollektion.<\/p>\n<p>https:\/\/youtu.be\/09GQ3-4c6Gs<\/p>","protected":false},"featured_media":44209,"template":"","meta":[],"product_brand":[],"product_cat":[368,380,367,376],"product_tag":[446,880,449,533,453],"class_list":{"0":"post-44193","1":"product","2":"type-product","3":"status-publish","4":"has-post-thumbnail","6":"product_cat-bra-panty-set","7":"product_cat-wholesale-harness-bra-and-panty-set","8":"product_cat-sexy-lingerie","9":"product_cat-wholesale-ultra-sexy-bra-panty-set","10":"product_tag-wholesale-sexy-see-through-lingerie","11":"product_tag-sexy-2-piece-lingerie","12":"product_tag-wholesale-sexy-crotchless-lingerie","13":"product_tag-sexy-cupless-lingerie","14":"product_tag-wholesale-sexy-naughty-lingerie","15":"pa_color-black","16":"pa_color-red-women-sexy-lingerie","17":"pa_size-wholesale-large-size-women-sexy-lingerie","18":"pa_size-wholesale-medium-size-women-sexy-lingerie","19":"pa_size-wholesale-small-size-sexy-lingerie","21":"first","22":"instock","23":"taxable","24":"shipping-taxable","25":"purchasable","26":"product-type-variable"},"tiered_pricing_type":"fixed","tiered_pricing_fixed_rules":[],"tiered_pricing_product_settings":{"layout":"default","base_unit_name":{"singular":null,"plural":null},"default_variation":{}},"tiered_pricing_minimum_quantity":null,"tiered_pricing_roles_data":{"default_wholesaler":{"product_id":44193,"role":"default_wholesaler","pricing_type":"flat","regular_price":null,"sale_price":null,"discount":null,"discount_type":"sale_price","tiered_pricing_type":"fixed","percentage_rules":[],"fixed_rules":{"2":"7.89","30":"6.69","500":"5.89"},"minimum":null},"dropshippinger":{"product_id":44193,"role":"dropshippinger","pricing_type":"flat","regular_price":null,"sale_price":null,"discount":null,"discount_type":"sale_price","tiered_pricing_type":"fixed","percentage_rules":[],"fixed_rules":{"1":"9.39","5":"7.89","30":"5.89"},"minimum":null}},"tiered_pricing_percentage_rules":[],"tiered_pricing_maximum_quantity":null,"tiered_pricing_quantity_step":null,"_links":{"self":[{"href":"https:\/\/gretasexylingerie.com\/da\/wp-json\/wp\/v2\/product\/44193","targetHints":{"allow":["GET"]}}],"collection":[{"href":"https:\/\/gretasexylingerie.com\/da\/wp-json\/wp\/v2\/product"}],"about":[{"href":"https:\/\/gretasexylingerie.com\/da\/wp-json\/wp\/v2\/types\/product"}],"wp:featuredmedia":[{"embeddable":true,"href":"https:\/\/gretasexylingerie.com\/da\/wp-json\/wp\/v2\/media\/44209"}],"wp:attachment":[{"href":"https:\/\/gretasexylingerie.com\/da\/wp-json\/wp\/v2\/media?parent=44193"}],"wp:term":[{"taxonomy":"product_brand","embeddable":true,"href":"https:\/\/gretasexylingerie.com\/da\/wp-json\/wp\/v2\/product_brand?post=44193"},{"taxonomy":"product_cat","embeddable":true,"href":"https:\/\/gretasexylingerie.com\/da\/wp-json\/wp\/v2\/product_cat?post=44193"},{"taxonomy":"product_tag","embeddable":true,"href":"https:\/\/gretasexylingerie.com\/da\/wp-json\/wp\/v2\/product_tag?post=44193"}],"curies":[{"name":"wp","href":"https:\/\/api.w.org\/{rel}","templated":true}]}}