{"id":44169,"date":"2023-08-06T23:42:35","date_gmt":"2023-08-06T15:42:35","guid":{"rendered":"https:\/\/gretasexylingerie.com\/?post_type=product&#038;p=44169"},"modified":"2023-10-22T22:42:09","modified_gmt":"2023-10-22T14:42:09","slug":"fantastisk-juleudskaering-bh-saet-med-slojfe-og-bredt-baelte","status":"publish","type":"product","link":"https:\/\/gretasexylingerie.com\/da\/products\/stunning-christmas-cutout-bra-set-with-bow-and-wide-belt\/","title":{"rendered":"Fantastisk juleudsk\u00e6rings-bh-s\u00e6t med sl\u00f8jfe og bredt b\u00e6lte"},"content":{"rendered":"<ol class=\"wp-block-list\">\n<li>Vores specielle jule-bh-s\u00e6t med seleundert\u00f8j og bredt b\u00e6lte er designet med den festlige \u00e5nd. Bh&#039;en dekoreret med sl\u00f8jfer tilf\u00f8jer julehygge, mens de \u00e5bne hofter sikrer et uimodst\u00e5eligt look. Dette s\u00e6t vil helt sikkert blive et hit hos dine feriekunder.<\/li>\n\n\n\n<li>Det festlige lingeris\u00e6t med sl\u00f8jfedekoreret bh og \u00e5bne hofter er stilfuldt og behageligt. Det brede b\u00e6lte tilf\u00f8jer et strejf af elegance, mens udsk\u00e6ringsdesignet giver en tilpasset pasform. Dette s\u00e6t er perfekt til kunder, der s\u00f8ger stil og komfort i ferieundert\u00f8j.<\/li>\n\n\n\n<li>Vores juleudsk\u00e6rings-bh-s\u00e6t med sl\u00f8jfer og bredt b\u00e6lte er unikt i design og h\u00f8j kvalitet. Sele-lingeriet tilf\u00f8jer et strejf af kant, mens de \u00e5bne hofter sikrer en luksuri\u00f8s f\u00f8lelse. Dette s\u00e6t vil helt sikkert skille sig ud i enhver ferieundert\u00f8jskollektion.<\/li>\n<\/ol>\n\n\n\n<p>Omfavn den festlige \u00e5nd med vores juleudsk\u00e6rings-bh-s\u00e6t, der byder p\u00e5 lingeri med selet\u00f8j, sl\u00f8jfer og \u00e5bne hofter. Dette s\u00e6t er ikke kun et produkt; det er en erkl\u00e6ring om feriestil og tiltr\u00e6kning, som dine kunder vil elske. Vent ikke. Kontakt os i dag for at afgive din ordre eller stille sp\u00f8rgsm\u00e5l. Lad os g\u00f8re denne feries\u00e6son uforglemmelig sammen!<\/p>\n\n\n\n<figure class=\"wp-block-table is-style-stripes\"><table class=\"has-fixed-layout\"><tbody><tr><td>Site Chart (CM)<\/td><td><\/td><td><\/td><td><\/td><td><\/td><\/tr><tr><td>St\u00f8rrelse<\/td><td>L\u00e6ngde<\/td><td>Nedre Buste<\/td><td>Talje<\/td><td>Talje af str\u00f8mpeb\u00e5nd<\/td><\/tr><tr><td>S<\/td><td>13<\/td><td>67<\/td><td>70<\/td><td>66<\/td><\/tr><tr><td>M<\/td><td>14<\/td><td>71<\/td><td>74<\/td><td>70<\/td><\/tr><tr><td>L<\/td><td>15<\/td><td>75<\/td><td>78<\/td><td>74<\/td><\/tr><tr><td>XL<\/td><td>16<\/td><td>79<\/td><td>82<\/td><td>78<\/td><\/tr><tr><td>Sitediagram (INCH)<\/td><td><\/td><td><\/td><td><\/td><td><\/td><\/tr><tr><td>St\u00f8rrelse<\/td><td>L\u00e6ngde<\/td><td>Nedre Buste<\/td><td>Talje<\/td><td>Talje af str\u00f8mpeb\u00e5nd<\/td><\/tr><tr><td>S<\/td><td>5.12<\/td><td>26.38<\/td><td>27.56<\/td><td>25.98<\/td><\/tr><tr><td>M<\/td><td>5.51<\/td><td>27.95<\/td><td>29.13<\/td><td>27.56<\/td><\/tr><tr><td>L<\/td><td>5.91<\/td><td>29.53<\/td><td>30.71<\/td><td>29.13<\/td><\/tr><tr><td>XL<\/td><td>6.3<\/td><td>31.1<\/td><td>32.28<\/td><td>30.71<\/td><\/tr><\/tbody><\/table><\/figure>","protected":false},"excerpt":{"rendered":"<p>Fejr h\u00f8jtiden med vores specialudsk\u00e5rne jule-bh-s\u00e6t med seleundert\u00f8j og bredt b\u00e6lte. Dette s\u00e6t har en bh dekoreret med sl\u00f8jfer og \u00e5bne hofter, som giver et modigt og fristende look. Perfekt til kunder, der s\u00f8ger det seneste inden for ferieundert\u00f8jsmode.<\/p>\n<p>https:\/\/youtu.be\/-3RI9oD6jm8<\/p>","protected":false},"featured_media":44182,"template":"","meta":[],"product_brand":[],"product_cat":[368,380,367,376],"product_tag":[507,512,964,453,447,504],"class_list":{"0":"post-44169","1":"product","2":"type-product","3":"status-publish","4":"has-post-thumbnail","6":"product_cat-bra-panty-set","7":"product_cat-wholesale-harness-bra-and-panty-set","8":"product_cat-sexy-lingerie","9":"product_cat-wholesale-ultra-sexy-bra-panty-set","10":"product_tag-three-pcs-set","11":"product_tag-bow-lingerie","12":"product_tag-christmas-lingerie","13":"product_tag-wholesale-sexy-naughty-lingerie","14":"product_tag-wholesale-strappy-sexy-lingerie","15":"product_tag-ultra-sexy","16":"pa_color-red-women-sexy-lingerie","17":"pa_size-wholesale-large-size-women-sexy-lingerie","18":"pa_size-wholesale-medium-size-women-sexy-lingerie","19":"pa_size-wholesale-small-size-sexy-lingerie","20":"pa_size-wholesale-extra-large-sexy-lingerie","22":"first","23":"instock","24":"taxable","25":"shipping-taxable","26":"purchasable","27":"product-type-variable"},"tiered_pricing_type":"fixed","tiered_pricing_fixed_rules":[],"tiered_pricing_product_settings":{"layout":"default","base_unit_name":{"singular":null,"plural":null},"default_variation":{}},"tiered_pricing_minimum_quantity":null,"tiered_pricing_roles_data":{"default_wholesaler":{"product_id":44169,"role":"default_wholesaler","pricing_type":"flat","regular_price":null,"sale_price":null,"discount":null,"discount_type":"sale_price","tiered_pricing_type":"fixed","percentage_rules":[],"fixed_rules":{"2":"8.89","30":"7.59","500":"6.69"},"minimum":null},"dropshippinger":{"product_id":44169,"role":"dropshippinger","pricing_type":"flat","regular_price":null,"sale_price":null,"discount":null,"discount_type":"sale_price","tiered_pricing_type":"fixed","percentage_rules":[],"fixed_rules":{"1":"10.69","5":"8.89","30":"6.69"},"minimum":null}},"tiered_pricing_percentage_rules":[],"tiered_pricing_maximum_quantity":null,"tiered_pricing_quantity_step":null,"_links":{"self":[{"href":"https:\/\/gretasexylingerie.com\/da\/wp-json\/wp\/v2\/product\/44169","targetHints":{"allow":["GET"]}}],"collection":[{"href":"https:\/\/gretasexylingerie.com\/da\/wp-json\/wp\/v2\/product"}],"about":[{"href":"https:\/\/gretasexylingerie.com\/da\/wp-json\/wp\/v2\/types\/product"}],"wp:featuredmedia":[{"embeddable":true,"href":"https:\/\/gretasexylingerie.com\/da\/wp-json\/wp\/v2\/media\/44182"}],"wp:attachment":[{"href":"https:\/\/gretasexylingerie.com\/da\/wp-json\/wp\/v2\/media?parent=44169"}],"wp:term":[{"taxonomy":"product_brand","embeddable":true,"href":"https:\/\/gretasexylingerie.com\/da\/wp-json\/wp\/v2\/product_brand?post=44169"},{"taxonomy":"product_cat","embeddable":true,"href":"https:\/\/gretasexylingerie.com\/da\/wp-json\/wp\/v2\/product_cat?post=44169"},{"taxonomy":"product_tag","embeddable":true,"href":"https:\/\/gretasexylingerie.com\/da\/wp-json\/wp\/v2\/product_tag?post=44169"}],"curies":[{"name":"wp","href":"https:\/\/api.w.org\/{rel}","templated":true}]}}