{"id":44149,"date":"2023-08-06T22:34:05","date_gmt":"2023-08-06T14:34:05","guid":{"rendered":"https:\/\/gretasexylingerie.com\/?post_type=product&#038;p=44149"},"modified":"2023-10-22T22:49:42","modified_gmt":"2023-10-22T14:49:42","slug":"sort-blonde-bh-saet-med-crossover-halter-neck","status":"publish","type":"product","link":"https:\/\/gretasexylingerie.com\/da\/products\/black-lace-bra-set-with-crossover-halter-neck\/","title":{"rendered":"Sort blonde BH S\u00e6t med Crossover Halter Neck"},"content":{"rendered":"<ol class=\"wp-block-list\">\n<li>Vores sorte blonde-bh-s\u00e6t med crossover halterhals er designet med de nyeste modetrends i tankerne. Den udsk\u00e5rne bh tilf\u00f8jer et strejf af dristighed, mens de gennemsigtige blondetrusser sikrer et uimodst\u00e5eligt look. Dette s\u00e6t vil helt sikkert blive et hit hos dine kunder.<\/li>\n\n\n\n<li>Cutout BH-s\u00e6ttet i tre dele med gennemsigtige blondetrusser er stilfuldt og behageligt. Den crossover halter neck tilf\u00f8jer et strejf af elegance, mens den sorte blonde tilbyder en tilpasset pasform. Dette s\u00e6t er perfekt til kunder, der s\u00f8ger stil og komfort i deres lingeri.<\/li>\n\n\n\n<li>Vores sorte blonde-bh, trusser og str\u00f8mpeb\u00e5nds\u00e6t med crossover halterhals er unikke i design og h\u00f8j kvalitet. Den udsk\u00e5rne bh tilf\u00f8jer et strejf af kant, mens den rene blonde sikrer en luksuri\u00f8s f\u00f8lelse. Dette s\u00e6t vil helt sikkert skille sig ud i enhver lingerikollektion.<\/li>\n<\/ol>\n\n\n\n<p>Omfavn det modige og smukke med vores sorte blonde-bh-s\u00e6t, der har en crossover halter-neck, udsk\u00e5ren bh og gennemsigtige blondetrusser. Dette s\u00e6t er ikke kun et produkt; det er en stilerkl\u00e6ring, som dine kunder vil elske. Vent ikke. Kontakt os i dag for at afgive din ordre eller stille sp\u00f8rgsm\u00e5l. Lad os omdefinere lingerimoden sammen!<\/p>\n\n\n\n<figure class=\"wp-block-table\"><table class=\"has-fixed-layout\"><tbody><tr><td>Site Chart (CM)<\/td><td><\/td><td><\/td><td><\/td><td><\/td><\/tr><tr><td>St\u00f8rrelse<\/td><td>L\u00e6ngde<\/td><td>Nedre Buste<\/td><td>Talje<\/td><td>Talje af str\u00f8mpeb\u00e5nd<\/td><\/tr><tr><td>S<\/td><td>11.5<\/td><td>66<\/td><td>68<\/td><td>64<\/td><\/tr><tr><td>M<\/td><td>12<\/td><td>70<\/td><td>72<\/td><td>68<\/td><\/tr><tr><td>L<\/td><td>12.5<\/td><td>74<\/td><td>76<\/td><td>72<\/td><\/tr><tr><td>Sitediagram (INCH)<\/td><td><\/td><td><\/td><td><\/td><td><\/td><\/tr><tr><td>St\u00f8rrelse<\/td><td>L\u00e6ngde<\/td><td>Nedre Buste<\/td><td>Talje<\/td><td>Talje af str\u00f8mpeb\u00e5nd<\/td><\/tr><tr><td>S<\/td><td>4.53<\/td><td>25.98<\/td><td>26.77<\/td><td>25.2<\/td><\/tr><tr><td>M<\/td><td>4.72<\/td><td>27.56<\/td><td>28.35<\/td><td>26.77<\/td><\/tr><tr><td>L<\/td><td>4.92<\/td><td>29.13<\/td><td>29.92<\/td><td>28.35<\/td><\/tr><\/tbody><\/table><\/figure>","protected":false},"excerpt":{"rendered":"<p>Tilbyd dine kunder det bedste inden for lingerimode med vores sorte blonde-bh, trusser og str\u00f8mpeb\u00e5nds\u00e6t med crossover grimehals. Dette s\u00e6t giver en perfekt blanding af stil, komfort og allure, designet til at skille sig ud i enhver lingerikollektion.<\/p>\n<p>https:\/\/youtu.be\/4EJlKBIFv4k<\/p>","protected":false},"featured_media":44161,"template":"","meta":[],"product_brand":[],"product_cat":[368,369,367,375],"product_tag":[868,870,875,533,865],"class_list":{"0":"post-44149","1":"product","2":"type-product","3":"status-publish","4":"has-post-thumbnail","6":"product_cat-bra-panty-set","7":"product_cat-wholesale-lace-bra-and-panty-sets","8":"product_cat-sexy-lingerie","9":"product_cat-whoelsale-sheer-bra-and-panty-sets","10":"product_tag-4-piece-lingerie-set","11":"product_tag-floral-lingerie","12":"product_tag-lace-sexy-lingerie","13":"product_tag-sexy-cupless-lingerie","14":"product_tag-sexy-skimpy-lingerie","15":"pa_color-black","16":"pa_size-wholesale-large-size-women-sexy-lingerie","17":"pa_size-wholesale-medium-size-women-sexy-lingerie","18":"pa_size-wholesale-small-size-sexy-lingerie","20":"first","21":"instock","22":"taxable","23":"shipping-taxable","24":"purchasable","25":"product-type-variable"},"tiered_pricing_type":"fixed","tiered_pricing_fixed_rules":[],"tiered_pricing_product_settings":{"layout":"default","base_unit_name":{"singular":null,"plural":null},"default_variation":{}},"tiered_pricing_minimum_quantity":null,"tiered_pricing_roles_data":{"default_wholesaler":{"product_id":44149,"role":"default_wholesaler","pricing_type":"flat","regular_price":null,"sale_price":null,"discount":null,"discount_type":"sale_price","tiered_pricing_type":"fixed","percentage_rules":[],"fixed_rules":{"2":"9.39","30":"8.09","500":"7.09"},"minimum":null},"dropshippinger":{"product_id":44149,"role":"dropshippinger","pricing_type":"flat","regular_price":null,"sale_price":null,"discount":null,"discount_type":"sale_price","tiered_pricing_type":"fixed","percentage_rules":[],"fixed_rules":{"1":"11.29","5":"9.39","30":"7.09"},"minimum":null}},"tiered_pricing_percentage_rules":[],"tiered_pricing_maximum_quantity":null,"tiered_pricing_quantity_step":null,"_links":{"self":[{"href":"https:\/\/gretasexylingerie.com\/da\/wp-json\/wp\/v2\/product\/44149","targetHints":{"allow":["GET"]}}],"collection":[{"href":"https:\/\/gretasexylingerie.com\/da\/wp-json\/wp\/v2\/product"}],"about":[{"href":"https:\/\/gretasexylingerie.com\/da\/wp-json\/wp\/v2\/types\/product"}],"wp:featuredmedia":[{"embeddable":true,"href":"https:\/\/gretasexylingerie.com\/da\/wp-json\/wp\/v2\/media\/44161"}],"wp:attachment":[{"href":"https:\/\/gretasexylingerie.com\/da\/wp-json\/wp\/v2\/media?parent=44149"}],"wp:term":[{"taxonomy":"product_brand","embeddable":true,"href":"https:\/\/gretasexylingerie.com\/da\/wp-json\/wp\/v2\/product_brand?post=44149"},{"taxonomy":"product_cat","embeddable":true,"href":"https:\/\/gretasexylingerie.com\/da\/wp-json\/wp\/v2\/product_cat?post=44149"},{"taxonomy":"product_tag","embeddable":true,"href":"https:\/\/gretasexylingerie.com\/da\/wp-json\/wp\/v2\/product_tag?post=44149"}],"curies":[{"name":"wp","href":"https:\/\/api.w.org\/{rel}","templated":true}]}}