{"id":44091,"date":"2023-08-05T00:23:38","date_gmt":"2023-08-04T16:23:38","guid":{"rendered":"https:\/\/gretasexylingerie.com\/?post_type=product&#038;p=44091"},"modified":"2023-10-22T22:47:36","modified_gmt":"2023-10-22T14:47:36","slug":"koplos-metal-kaede-bh-tredelt-saet-med-fjertalje","status":"publish","type":"product","link":"https:\/\/gretasexylingerie.com\/da\/products\/cupless-metal-chain-bra-three-piece-set-with-feather-waist\/","title":{"rendered":"Sk\u00e5ll\u00f8s metalk\u00e6de-bh i tre dele med fjertalje"},"content":{"rendered":"<ol class=\"wp-block-list\">\n<li>Vores kopl\u00f8se metalk\u00e6de-bh i tre dele med fjerb\u00e6lte er designet med de nyeste modetrends i tankerne. De gennemsigtige blondetrusser tilf\u00f8jer et strejf af elegance, mens det supersexede design sikrer et uimodst\u00e5eligt look. Dette s\u00e6t vil helt sikkert blive et hit hos dine kunder.<\/li>\n\n\n\n<li>Det super sexede sorte tredelte bh-s\u00e6t med gennemsigtige blondetrusser er stilfuldt og behageligt. Det kopl\u00f8se design tilf\u00f8jer et strejf af dristighed, mens metalk\u00e6den tilbyder en tilpasset pasform. Dette s\u00e6t er perfekt til kunder, der s\u00f8ger stil og komfort i deres lingeri.<\/li>\n\n\n\n<li>Vores kopl\u00f8se metalk\u00e6de-bh-s\u00e6t med fjerb\u00e6lte og gennemsigtige blondetrusser er unikt i design og h\u00f8j kvalitet. Det super sexede design tilf\u00f8jer et strejf af kant, mens den sorte farve sikrer en luksuri\u00f8s f\u00f8lelse. Dette s\u00e6t vil helt sikkert skille sig ud i enhver lingerikollektion.<\/li>\n<\/ol>\n\n\n\n<p>Omfavn det modige og smukke med vores Cupless Metal Chain BH i tre dele, med et fjerb\u00e6lte, gennemsigtige blondetrusser og et super sexet design. Dette sortfarvede s\u00e6t er ikke bare et produkt; det er en stilerkl\u00e6ring, som dine kunder vil elske. Vent ikke; kontakt os i dag for at afgive din ordre eller stille sp\u00f8rgsm\u00e5l. Lad os omdefinere lingerimoden sammen!<\/p>\n\n\n\n<figure class=\"wp-block-table is-style-stripes\"><table class=\"has-fixed-layout\"><tbody><tr><td>Site Chart (CM)<\/td><td><\/td><td><\/td><td><\/td><td><\/td><\/tr><tr><td>St\u00f8rrelse<\/td><td>L\u00e6ngde<\/td><td>Nedre Buste<\/td><td>Talje<\/td><td>Talje af str\u00f8mpeb\u00e5nd<\/td><\/tr><tr><td>S<\/td><td>11.5<\/td><td>66<\/td><td>68<\/td><td>64<\/td><\/tr><tr><td>M<\/td><td>12<\/td><td>70<\/td><td>72<\/td><td>68<\/td><\/tr><tr><td>L<\/td><td>12.5<\/td><td>74<\/td><td>76<\/td><td>72<\/td><\/tr><tr><td>Sitediagram (INCH)<\/td><td><\/td><td><\/td><td><\/td><td><\/td><\/tr><tr><td>St\u00f8rrelse<\/td><td>L\u00e6ngde<\/td><td>Nedre Buste<\/td><td>Talje<\/td><td>Talje af str\u00f8mpeb\u00e5nd<\/td><\/tr><tr><td>S<\/td><td>4.53<\/td><td>25.98<\/td><td>26.77<\/td><td>25.2<\/td><\/tr><tr><td>M<\/td><td>4.72<\/td><td>27.56<\/td><td>28.35<\/td><td>26.77<\/td><\/tr><tr><td>L<\/td><td>4.92<\/td><td>29.13<\/td><td>29.92<\/td><td>28.35<\/td><\/tr><\/tbody><\/table><\/figure>","protected":false},"excerpt":{"rendered":"<p>Vores kopl\u00f8se metalk\u00e6de-bh i tre dele med fjerb\u00e6lte er et must-have for enhver undert\u00f8jsforhandler. Dette s\u00e6t har gennemsigtige blondetrusser og et super sexet design, der tilbyder et modigt og fristende look. Perfekt til kunder, der s\u00f8ger det seneste inden for lingerimode.<\/p>\n<p>https:\/\/youtu.be\/6Us3taxB0qQ<\/p>","protected":false},"featured_media":44104,"template":"","meta":[],"product_brand":[],"product_cat":[368,380,367,376],"product_tag":[507,861,516,524,446,504],"class_list":{"0":"post-44091","1":"product","2":"type-product","3":"status-publish","4":"has-post-thumbnail","6":"product_cat-bra-panty-set","7":"product_cat-wholesale-harness-bra-and-panty-set","8":"product_cat-sexy-lingerie","9":"product_cat-wholesale-ultra-sexy-bra-panty-set","10":"product_tag-three-pcs-set","11":"product_tag-brunette-lingerie","12":"product_tag-lace-lingerie","13":"product_tag-metal-lingerie","14":"product_tag-wholesale-sexy-see-through-lingerie","15":"product_tag-ultra-sexy","16":"pa_color-black","17":"pa_size-wholesale-large-size-women-sexy-lingerie","18":"pa_size-wholesale-medium-size-women-sexy-lingerie","19":"pa_size-wholesale-small-size-sexy-lingerie","21":"first","22":"instock","23":"taxable","24":"shipping-taxable","25":"purchasable","26":"product-type-variable"},"tiered_pricing_type":"fixed","tiered_pricing_fixed_rules":[],"tiered_pricing_product_settings":{"layout":"default","base_unit_name":{"singular":null,"plural":null},"default_variation":{}},"tiered_pricing_minimum_quantity":null,"tiered_pricing_roles_data":{"default_wholesaler":{"product_id":44091,"role":"default_wholesaler","pricing_type":"flat","regular_price":null,"sale_price":null,"discount":null,"discount_type":"sale_price","tiered_pricing_type":"fixed","percentage_rules":[],"fixed_rules":{"2":"8.89","30":"7.59","500":"6.69"},"minimum":null},"dropshippinger":{"product_id":44091,"role":"dropshippinger","pricing_type":"flat","regular_price":null,"sale_price":10.69,"discount":null,"discount_type":"sale_price","tiered_pricing_type":"fixed","percentage_rules":[],"fixed_rules":{"1":"10.69","5":"8.89","30":"6.69"},"minimum":null}},"tiered_pricing_percentage_rules":[],"tiered_pricing_maximum_quantity":null,"tiered_pricing_quantity_step":null,"_links":{"self":[{"href":"https:\/\/gretasexylingerie.com\/da\/wp-json\/wp\/v2\/product\/44091","targetHints":{"allow":["GET"]}}],"collection":[{"href":"https:\/\/gretasexylingerie.com\/da\/wp-json\/wp\/v2\/product"}],"about":[{"href":"https:\/\/gretasexylingerie.com\/da\/wp-json\/wp\/v2\/types\/product"}],"wp:featuredmedia":[{"embeddable":true,"href":"https:\/\/gretasexylingerie.com\/da\/wp-json\/wp\/v2\/media\/44104"}],"wp:attachment":[{"href":"https:\/\/gretasexylingerie.com\/da\/wp-json\/wp\/v2\/media?parent=44091"}],"wp:term":[{"taxonomy":"product_brand","embeddable":true,"href":"https:\/\/gretasexylingerie.com\/da\/wp-json\/wp\/v2\/product_brand?post=44091"},{"taxonomy":"product_cat","embeddable":true,"href":"https:\/\/gretasexylingerie.com\/da\/wp-json\/wp\/v2\/product_cat?post=44091"},{"taxonomy":"product_tag","embeddable":true,"href":"https:\/\/gretasexylingerie.com\/da\/wp-json\/wp\/v2\/product_tag?post=44091"}],"curies":[{"name":"wp","href":"https:\/\/api.w.org\/{rel}","templated":true}]}}