{"id":43913,"date":"2023-08-01T00:41:36","date_gmt":"2023-07-31T16:41:36","guid":{"rendered":"https:\/\/gretasexylingerie.com\/?post_type=product&#038;p=43913"},"modified":"2024-01-22T12:44:03","modified_gmt":"2024-01-22T04:44:03","slug":"smart-sexet-lingeri-mesh-bh-saet","status":"publish","type":"product","link":"https:\/\/gretasexylingerie.com\/da\/products\/chic-sexy-lingerie-mesh-bra-set\/","title":{"rendered":"Chic Sexet Lingeri Mesh BH S\u00e6t med Cross Hollow Trusse \u2013 Engros Lingeri"},"content":{"rendered":"<ol class=\"wp-block-list\">\n<li>Vores sorte gennemsigtige mesh-bh-s\u00e6t med justerbare stropper er designet med de nyeste modetrends i tankerne. Den krydshule trusse tilf\u00f8jer et strejf af dristighed, mens de justerbare stropper sikrer en perfekt pasform. Dette s\u00e6t vil helt sikkert blive et hit hos dine kunder.<\/li>\n\n\n\n<li>Det sexede lingeri mesh BH-s\u00e6t med Cross Hollow Trusse er stilfuldt og behageligt. Det sorte gennemsigtige mesh tilf\u00f8jer et strejf af elegance, mens de justerbare stropper giver en tilpasset pasform. Dette s\u00e6t er perfekt til kunder, der s\u00f8ger stil og komfort i deres lingeri.<\/li>\n\n\n\n<li>Vores Black Mesh BH og trusses\u00e6t med justerbare stropper er unikke i design og h\u00f8j kvalitet. Den tv\u00e6rhule trusse tilf\u00f8jer et strejf af kant, mens det gennemsigtige mesh sikrer et fristende glimt af, hvad der er under. Dette s\u00e6t vil helt sikkert skille sig ud i enhver lingerikollektion.<\/li>\n<\/ol>\n\n\n\n<p>Slip det modige og smukke l\u00f8s med vores Sexy Lingerie Mesh BH-s\u00e6t, der byder p\u00e5 sort gennemsigtig mesh, justerbare stropper og cross-hul trusse. Dette s\u00e6t er ikke kun et produkt. Det er et udtryk for stil og tiltr\u00e6kning, som dine kunder vil elske. Vent ikke. Kontakt os i dag for at afgive din ordre eller stille sp\u00f8rgsm\u00e5l. Lad os omdefinere lingerimoden sammen!<\/p>\n\n\n\n<figure class=\"wp-block-table is-style-stripes\"><table class=\"has-fixed-layout\"><tbody><tr><td colspan=\"5\">Site Chart (CM)<\/td><\/tr><tr><td>St\u00f8rrelse<\/td><td>L\u00e6ngde<\/td><td>Nedre Buste<\/td><td>Talje<\/td><td>Buksl\u00e6ngde<\/td><\/tr><tr><td>S<\/td><td>16<\/td><td>60-90<\/td><td>64-96<\/td><td>27<\/td><\/tr><tr><td>M<\/td><td>17<\/td><td>64-94<\/td><td>68-100<\/td><td>28<\/td><\/tr><tr><td>L<\/td><td>18<\/td><td>68-98<\/td><td>73-104<\/td><td>29<\/td><\/tr><tr><td colspan=\"5\">Sitediagram (INCH)<\/td><\/tr><tr><td>St\u00f8rrelse<\/td><td>L\u00e6ngde<\/td><td>Nedre Buste<\/td><td>Talje<\/td><td>Buksl\u00e6ngde<\/td><\/tr><tr><td>S<\/td><td>6.3<\/td><td>23.62-35.43<\/td><td>25.20-37.80<\/td><td>10.63<\/td><\/tr><tr><td>M<\/td><td>6.69<\/td><td>25.20-37.01<\/td><td>26.77-39.37<\/td><td>11.02<\/td><\/tr><tr><td>L<\/td><td>7.09<\/td><td>26.77-38.58<\/td><td>28.74-40.94<\/td><td>11.42<\/td><\/tr><\/tbody><\/table><\/figure>","protected":false},"excerpt":{"rendered":"<p>Vores sorte gennemsigtige mesh-bh-s\u00e6t med justerbare stropper er et must-have for enhver undert\u00f8jsforhandler. Dette s\u00e6t har en tv\u00e6r hul trusse, der giver et fedt og fristende look. Perfekt til kunder, der s\u00f8ger det seneste inden for lingerimode.<\/p>\n<p>https:\/\/www.youtube.com\/watch?v=PpusBlqyOKE<\/p>","protected":false},"featured_media":43923,"template":"","meta":[],"product_brand":[],"product_cat":[368,367,375],"product_tag":[861,518,446,880,865],"class_list":{"0":"post-43913","1":"product","2":"type-product","3":"status-publish","4":"has-post-thumbnail","6":"product_cat-bra-panty-set","7":"product_cat-sexy-lingerie","8":"product_cat-whoelsale-sheer-bra-and-panty-sets","9":"product_tag-brunette-lingerie","10":"product_tag-mesh-lingerie","11":"product_tag-wholesale-sexy-see-through-lingerie","12":"product_tag-sexy-2-piece-lingerie","13":"product_tag-sexy-skimpy-lingerie","14":"pa_color-black","15":"pa_size-wholesale-large-size-women-sexy-lingerie","16":"pa_size-wholesale-medium-size-women-sexy-lingerie","17":"pa_size-wholesale-small-size-sexy-lingerie","19":"first","20":"instock","21":"taxable","22":"shipping-taxable","23":"purchasable","24":"product-type-variable"},"tiered_pricing_type":"fixed","tiered_pricing_fixed_rules":[],"tiered_pricing_product_settings":{"layout":"default","base_unit_name":{"singular":null,"plural":null},"default_variation":{}},"tiered_pricing_minimum_quantity":null,"tiered_pricing_roles_data":{"default_wholesaler":{"product_id":43913,"role":"default_wholesaler","pricing_type":"flat","regular_price":null,"sale_price":null,"discount":null,"discount_type":"sale_price","tiered_pricing_type":"fixed","percentage_rules":[],"fixed_rules":{"2":"7.09","30":"6.09","500":"5.29"},"minimum":null},"dropshippinger":{"product_id":43913,"role":"dropshippinger","pricing_type":"flat","regular_price":null,"sale_price":null,"discount":null,"discount_type":"sale_price","tiered_pricing_type":"fixed","percentage_rules":[],"fixed_rules":{"1":"8.49","5":"7.09","30":"5.29"},"minimum":null}},"tiered_pricing_percentage_rules":[],"tiered_pricing_maximum_quantity":null,"tiered_pricing_quantity_step":null,"_links":{"self":[{"href":"https:\/\/gretasexylingerie.com\/da\/wp-json\/wp\/v2\/product\/43913","targetHints":{"allow":["GET"]}}],"collection":[{"href":"https:\/\/gretasexylingerie.com\/da\/wp-json\/wp\/v2\/product"}],"about":[{"href":"https:\/\/gretasexylingerie.com\/da\/wp-json\/wp\/v2\/types\/product"}],"wp:featuredmedia":[{"embeddable":true,"href":"https:\/\/gretasexylingerie.com\/da\/wp-json\/wp\/v2\/media\/43923"}],"wp:attachment":[{"href":"https:\/\/gretasexylingerie.com\/da\/wp-json\/wp\/v2\/media?parent=43913"}],"wp:term":[{"taxonomy":"product_brand","embeddable":true,"href":"https:\/\/gretasexylingerie.com\/da\/wp-json\/wp\/v2\/product_brand?post=43913"},{"taxonomy":"product_cat","embeddable":true,"href":"https:\/\/gretasexylingerie.com\/da\/wp-json\/wp\/v2\/product_cat?post=43913"},{"taxonomy":"product_tag","embeddable":true,"href":"https:\/\/gretasexylingerie.com\/da\/wp-json\/wp\/v2\/product_tag?post=43913"}],"curies":[{"name":"wp","href":"https:\/\/api.w.org\/{rel}","templated":true}]}}